{"id":988,"date":"2024-10-24T20:21:29","date_gmt":"2024-10-24T20:21:29","guid":{"rendered":"https:\/\/aquasaf.com\/?post_type=product&#038;p=988"},"modified":"2025-10-20T15:32:22","modified_gmt":"2025-10-20T15:32:22","slug":"valvula-de-filtracion-53520f95b1-53620f95b3","status":"publish","type":"product","link":"https:\/\/aquasaf.com\/index.php\/producto\/valvula-de-filtracion-53520f95b1-53620f95b3\/","title":{"rendered":"Valvula de Filtraci\u00f3n 53520(F95B1) 53620(F95B3)"},"content":{"rendered":"<p><span>V\u00e1lvulas de filtro multipuerto autom\u00e1ticas F95B1\/B3<\/span><\/p>\n<p><span>La v\u00e1lvula F95B1\/B3 funciona con un caudal de 20 m\u00b3\/h y cuenta con una junta plana resistente a la corrosi\u00f3n para la apertura y el cierre. Este producto est\u00e1 equipado con dos n\u00facleos. Uno controla la entrada de agua, mientras que el otro se encarga de la salida. Las funciones de servicio, retrolavado y enjuague r\u00e1pido se pueden realizar mediante la modificaci\u00f3n de los par\u00e1metros de la v\u00e1lvula. La v\u00e1lvula F95B1 es de tipo reloj temporizador, mientras que la F95B3 es de tipo medidor.<\/span><\/p>\n<h2><span>Caracter\u00edsticas del producto<\/span><\/h2>\n<ul class=\" list-paddingleft-2\">\n<li><span>Estructura sencilla y sellado fiable.<\/span>\n<p><span>Adopta cabezales herm\u00e9ticos con cer\u00e1mica de alto grado y resistencia a la corrosi\u00f3n para apertura y cierre. Combina con servicio, retrolavado, salmuera y enjuague lento, recarga de salmuera y enjuague r\u00e1pido.<\/span><\/li>\n<li><span>No pasa agua por la v\u00e1lvula en la regeneraci\u00f3n en el tipo de tanque \u00fanico.<\/span><\/li>\n<li><span>Recarga de salmuera controlada por v\u00e1lvula de bola electr\u00f3nica.<\/span>\n<p><span>Durante el servicio, la v\u00e1lvula de bola electr\u00f3nica controlar\u00e1 el inicio del llenado de salmuera para acortar el tiempo del ciclo de regeneraci\u00f3n.<\/span><\/p>\n<p><span>Durante el servicio, la v\u00e1lvula de control de lecho flotante rellena con agua suavizada y la v\u00e1lvula de control de lecho fijo rellena con agua dura.<\/span><\/li>\n<li><span>La v\u00e1lvula suavizante de flujo ascendente\/descendente se puede cambiar a una v\u00e1lvula de filtro<\/span>\n<p><span>Bloquee el conector de la l\u00ednea de salmuera y retire el conector de drenaje de 63520\/73520, ser\u00e1 53520.<\/span><\/p>\n<p><span>Bloquee el conector de la l\u00ednea de salmuera y retire el conector de drenaje de 63620\/73620, ser\u00e1 53620.<\/span><\/li>\n<li><span>Funci\u00f3n manual<\/span>\n<p><span>Realice la regeneraci\u00f3n inmediatamente pulsando \u201cManual\/Retorno\u201d en cualquier momento.<\/span><\/li>\n<li><span>Indicador de interrupci\u00f3n prolongada<\/span>\n<p><span>I<\/span><a><span>Si la interrupci\u00f3n del suministro el\u00e9ctrico se prolonga durante 3 d\u00edas, el indicador de hora del d\u00eda \u201c<\/span><\/a><span>\u00a0\u2021\u201d parpadear\u00e1 para recordar a las personas que deben restablecer la nueva hora del d\u00eda. No es necesario restablecer los dem\u00e1s par\u00e1metros configurados. El proceso continuar\u00e1 funcionando despu\u00e9s del encendido.<\/span><\/li>\n<li><span>Pantalla LED din\u00e1mica<\/span>\n<p><span>La franja en la pantalla din\u00e1mica parpadea, indica que la v\u00e1lvula de control est\u00e1 en servicio, de lo contrario, est\u00e1 en ciclo de regeneraci\u00f3n.<\/span><\/li>\n<li><span>Botones bloqueados<\/span>\n<p><span>Si no se utilizan los botones del controlador en el lapso de 1 minuto, se encender\u00e1 la luz indicadora de bloqueo de botones que indica que los botones est\u00e1n bloqueados. Antes de la operaci\u00f3n, mantenga presionados los botones \u201cArriba\u201d y \u201cAbajo\u201d durante 5 segundos para desbloquearlos. Esta funci\u00f3n puede evitar un funcionamiento incorrecto.<\/span><\/li>\n<li><span>Puede elegir todos los modelos mediante selecci\u00f3n de programa.<\/span>\n<p><span>Mantenga presionados los botones \u201cMen\u00fa\/Confirmar\u201d y \u201cManual\/Regresar\u201d durante m\u00e1s de 2 segundos cuando todos los \u00edconos se iluminen para ingresar a la interfaz de configuraci\u00f3n del modelo. Presione \u201cArriba\u201d o \u201cAbajo\u201d para elegir el modelo que necesita y presione \u201cMen\u00fa\/Confirmar\u201d para guardar la configuraci\u00f3n. Despu\u00e9s de volver a conectar la energ\u00eda, el modelo se mostrar\u00e1 en el tablero de visualizaci\u00f3n.<\/span><\/li>\n<\/ul>\n","protected":false},"excerpt":{"rendered":"<table>\n<tbody>\n<tr class=\"firstRow\">\n<td valign=\"center\"><span>Modelo<\/span><\/td>\n<td valign=\"center\"><span>F95B1\/B3\u00a0<\/span><span>(\u00a0<\/span><span>53520\/53620\u00a0<\/span><span>)<\/span><\/td>\n<\/tr>\n<tr>\n<td valign=\"center\"><span>Regeneraci\u00f3n<\/span><\/td>\n<td valign=\"center\"><span>Tipo de reloj de tiempo \/ tipo de medidor<\/span><\/td>\n<\/tr>\n<tr>\n<td valign=\"center\"><span>Tipo de montaje<\/span><\/td>\n<td valign=\"center\"><span>Montaje lateral<\/span><\/td>\n<\/tr>\n<tr>\n<td valign=\"center\"><span>Entrada\/salida<\/span><\/td>\n<td valign=\"center\"><span>2&#8243;M<\/span><\/td>\n<\/tr>\n<tr>\n<td valign=\"center\"><span>Drenar<\/span><\/td>\n<td valign=\"center\"><span>2&#8243;M<\/span><\/td>\n<\/tr>\n<tr>\n<td valign=\"center\"><span>Base de montaje<\/span><\/td>\n<td valign=\"center\"><span>Cesta de distribuidor superior<\/span><span>\u00a0e inferior de montaje lateral\u00a0<\/span><span>2&#8243;M<\/span><\/td>\n<\/tr>\n<tr>\n<td valign=\"center\"><span>Tubo ascendente<\/span><\/td>\n<td valign=\"center\"><span>Cesta de distribuidor superior<\/span><span>\u00a0e inferior de montaje lateral\u00a0<\/span><span>2&#8243;M<\/span><\/td>\n<\/tr>\n<tr>\n<td valign=\"center\"><span>Caudal<\/span><\/td>\n<td valign=\"center\"><span>20 m\u00b3\/h<\/span><\/td>\n<\/tr>\n<tr>\n<td valign=\"center\"><span>Tanque de filtrado<\/span><\/td>\n<td valign=\"center\"><span>28&#8243;&#8211;40&#8243;<\/span><\/td>\n<\/tr>\n<tr>\n<td valign=\"center\"><span>Presi\u00f3n del agua<\/span><\/td>\n<td valign=\"center\"><span>0,2-0,6 MPa<\/span><\/td>\n<\/tr>\n<tr>\n<td valign=\"center\"><span>Temperatura del agua<\/span><\/td>\n<td valign=\"center\"><span>5-50\u00a0<\/span><span>\u2103<\/span><\/td>\n<\/tr>\n<tr>\n<td valign=\"center\"><span>Turbidez del agua<\/span><\/td>\n<td valign=\"center\"><span>\uff1c<\/span><span>20FTU<\/span><\/td>\n<\/tr>\n<tr>\n<td valign=\"center\"><span>Adaptador de corriente<\/span><\/td>\n<td valign=\"center\"><span>Entrada CA 100 ~ 240 V\/50 ~ 60 Hz Salida CC 24 V\/1,5 A<\/span><\/td>\n<\/tr>\n<tr>\n<td valign=\"center\"><span>Solicitud<\/span><\/td>\n<td valign=\"center\"><span>Filtro de carb\u00f3n activado, filtro de arena<\/span><\/td>\n<\/tr>\n<tr>\n<td valign=\"center\"><span>Medios filtrantes<\/span><\/td>\n<td valign=\"center\"><span>Arena de cuarzo, carb\u00f3n activado<\/span><\/td>\n<\/tr>\n<\/tbody>\n<\/table>\n","protected":false},"featured_media":989,"comment_status":"open","ping_status":"closed","template":"","meta":{"om_disable_all_campaigns":false,"_monsterinsights_skip_tracking":false,"_monsterinsights_sitenote_active":false,"_monsterinsights_sitenote_note":"","_monsterinsights_sitenote_category":0,"site-sidebar-layout":"default","site-content-layout":"default","ast-main-header-display":"","ast-hfb-above-header-display":"","ast-hfb-below-header-display":"","ast-hfb-mobile-header-display":"","site-post-title":"","ast-breadcrumbs-content":"","ast-featured-img":"","footer-sml-layout":"","theme-transparent-header-meta":"default","adv-header-id-meta":"","stick-header-meta":"","header-above-stick-meta":"","header-main-stick-meta":"","header-below-stick-meta":""},"product_brand":[],"product_cat":[31],"product_tag":[],"class_list":{"0":"post-988","1":"product","2":"type-product","3":"status-publish","4":"has-post-thumbnail","6":"product_cat-valvulas","8":"first","9":"instock","10":"shipping-taxable","11":"purchasable","12":"product-type-simple"},"aioseo_notices":[],"jetpack_sharing_enabled":true,"_links":{"self":[{"href":"https:\/\/aquasaf.com\/index.php\/wp-json\/wp\/v2\/product\/988","targetHints":{"allow":["GET"]}}],"collection":[{"href":"https:\/\/aquasaf.com\/index.php\/wp-json\/wp\/v2\/product"}],"about":[{"href":"https:\/\/aquasaf.com\/index.php\/wp-json\/wp\/v2\/types\/product"}],"replies":[{"embeddable":true,"href":"https:\/\/aquasaf.com\/index.php\/wp-json\/wp\/v2\/comments?post=988"}],"wp:featuredmedia":[{"embeddable":true,"href":"https:\/\/aquasaf.com\/index.php\/wp-json\/wp\/v2\/media\/989"}],"wp:attachment":[{"href":"https:\/\/aquasaf.com\/index.php\/wp-json\/wp\/v2\/media?parent=988"}],"wp:term":[{"taxonomy":"product_brand","embeddable":true,"href":"https:\/\/aquasaf.com\/index.php\/wp-json\/wp\/v2\/product_brand?post=988"},{"taxonomy":"product_cat","embeddable":true,"href":"https:\/\/aquasaf.com\/index.php\/wp-json\/wp\/v2\/product_cat?post=988"},{"taxonomy":"product_tag","embeddable":true,"href":"https:\/\/aquasaf.com\/index.php\/wp-json\/wp\/v2\/product_tag?post=988"}],"curies":[{"name":"wp","href":"https:\/\/api.w.org\/{rel}","templated":true}]}}