{"id":984,"date":"2024-10-24T20:03:39","date_gmt":"2024-10-24T20:03:39","guid":{"rendered":"https:\/\/aquasaf.com\/?post_type=product&#038;p=984"},"modified":"2025-10-20T15:32:22","modified_gmt":"2025-10-20T15:32:22","slug":"valvula-de-filtracion-53510n75a1","status":"publish","type":"product","link":"https:\/\/aquasaf.com\/index.php\/producto\/valvula-de-filtracion-53510n75a1\/","title":{"rendered":"Valvula de Filtraci\u00f3n 53510(N75A1)"},"content":{"rendered":"<p><span>V\u00e1lvulas de filtro multipuerto autom\u00e1ticas N75A<\/span><\/p>\n<p><span>Con un caudal de 10 m\u00b3\/h, la v\u00e1lvula de filtro multipuerto autom\u00e1tica N75A adopta una junta plana y resistente a la corrosi\u00f3n para la apertura y el cierre. Las diferentes funciones, como el servicio, el retrolavado y el enjuague r\u00e1pido, se pueden realizar mediante simples modificaciones de par\u00e1metros. La N75A1 es un tipo de reloj temporizador, mientras que la N75A3 es un tipo de medidor.<\/span><\/p>\n<h2><span>Caracter\u00edsticas del producto<\/span><\/h2>\n<ul class=\" list-paddingleft-2\">\n<li><span>Estructura sencilla y sellado fiable.<\/span>\n<p><span>Adopta cabezales herm\u00e9ticos con alto grado de cer\u00e1mica y resistencia a la corrosi\u00f3n para apertura y cierre. Combina con Servicio, Retrolavado y Enjuague R\u00e1pido.<\/span><\/li>\n<li><span>No pasa agua por la v\u00e1lvula durante el enjuague en el tipo de tanque \u00fanico<\/span><\/li>\n<li><span>Funci\u00f3n manual<\/span>\n<p><span>Realice el enjuague inmediatamente presionando \u201cManual\/Retorno\u201d en cualquier momento.<\/span><\/li>\n<li><span>Indicador de interrupci\u00f3n prolongada<\/span>\n<p><span>I<\/span><a><span>Si la interrupci\u00f3n del suministro el\u00e9ctrico se prolonga durante 3 d\u00edas, el indicador de hora del d\u00eda \u201c12:12\u201d parpadear\u00e1 para recordar a las personas que deben restablecer la nueva hora del d\u00eda.<\/span><\/a><span>\u00a0No es necesario restablecer los dem\u00e1s par\u00e1metros configurados. El proceso continuar\u00e1 funcionando despu\u00e9s del encendido.<\/span><\/li>\n<li><span>Pantalla LED din\u00e1mica<\/span>\n<p><span>La franja en la pantalla din\u00e1mica parpadea, indica que la v\u00e1lvula de control est\u00e1 en servicio; de lo contrario, est\u00e1 en ciclo de enjuague.<\/span><\/li>\n<li><span>Botones bloqueados<\/span>\n<p><span>Si no se utilizan los botones del controlador en el lapso de 1 minuto, se encender\u00e1 la luz indicadora de bloqueo de botones que indica que los botones est\u00e1n bloqueados. Antes de utilizar el controlador, mantenga presionados los botones \u201cArriba\u201d y \u201cAbajo\u201d durante 5 segundos para desbloquearlos. Esta funci\u00f3n puede evitar un funcionamiento incorrecto.<\/span><\/li>\n<li><span>Frecuencia de enjuague<\/span>\n<p><span>Se pueden configurar varios tiempos de enjuague, lo que significa varias veces el lavado a contracorriente y el enjuague r\u00e1pido, pero una sola vez el servicio. Es mucho mejor para limpiar los materiales del filtro.<\/span><\/li>\n<li><span>Todos los par\u00e1metros pueden modificarse<\/span>\n<p><span>Seg\u00fan la calidad del agua y el uso, se pueden ajustar los par\u00e1metros.<\/span><\/li>\n<li><span>Puede elegir el tipo de medidor o el tipo de reloj de tiempo.<\/span><\/li>\n<li><span>Entrada de manipulaci\u00f3n remota<\/span>\n<p><span>Este conector puede recibir se\u00f1ales externas y utilizarse junto con PLC, computadora, etc. para controlar la v\u00e1lvula.<\/span><\/li>\n<li><span>Funci\u00f3n de enclavamiento<\/span>\n<p><span>Tiene una funci\u00f3n de interbloqueo para realizar solo una v\u00e1lvula en el enjuague, pero las otras v\u00e1lvulas est\u00e1n en servicio mientras hay varias v\u00e1lvulas en paralelo en el sistema. En sistemas de tratamiento de m\u00faltiples pasos como el pretratamiento de \u00f3smosis inversa, cuando varias v\u00e1lvulas est\u00e1n en serie, solo hay una v\u00e1lvula en el enjuague para garantizar que pase agua todo el tiempo mientras hay diferentes v\u00e1lvulas en el enjuague.<\/span><\/li>\n<\/ul>\n","protected":false},"excerpt":{"rendered":"<table>\n<tbody>\n<tr class=\"firstRow\">\n<td valign=\"center\"><span>Modelo<\/span><\/td>\n<td valign=\"center\"><span>N75A1\/A3\u00a0<\/span><span>(\u00a0<\/span><span>53510\/53610\u00a0<\/span><span>)<\/span><\/td>\n<\/tr>\n<tr>\n<td valign=\"center\"><span>Regeneraci\u00f3n<\/span><\/td>\n<td valign=\"center\"><span>Tipo de reloj de tiempo \/ tipo de medidor<\/span><\/td>\n<\/tr>\n<tr>\n<td valign=\"center\"><span>Tipo de montaje<\/span><\/td>\n<td valign=\"center\"><span>Montaje superior<\/span><\/td>\n<\/tr>\n<tr>\n<td valign=\"center\"><span>Entrada\/salida<\/span><\/td>\n<td valign=\"center\"><span>2&#8243;M<\/span><\/td>\n<\/tr>\n<tr>\n<td valign=\"center\"><span>Drenar<\/span><\/td>\n<td valign=\"center\"><span>2&#8243;M<\/span><\/td>\n<\/tr>\n<tr>\n<td valign=\"center\"><span>Base de montaje<\/span><\/td>\n<td valign=\"center\"><span>4&#8243;-8UN<\/span><\/td>\n<\/tr>\n<tr>\n<td valign=\"center\"><span>Tubo ascendente<\/span><\/td>\n<td valign=\"center\"><span>1,5&#8243; D-GB<\/span><\/td>\n<\/tr>\n<tr>\n<td valign=\"center\"><span>Caudal<\/span><\/td>\n<td valign=\"center\"><span>10 m\u00b3\/h<\/span><\/td>\n<\/tr>\n<tr>\n<td valign=\"center\"><span>Tanque de filtrado<\/span><\/td>\n<td valign=\"center\"><span>10&#8243;&#8211;24&#8243;<\/span><\/td>\n<\/tr>\n<tr>\n<td valign=\"center\"><span>Presi\u00f3n del agua<\/span><\/td>\n<td valign=\"center\"><span>0,15-0,6 MPa<\/span><\/td>\n<\/tr>\n<tr>\n<td valign=\"center\"><span>Temperatura del agua<\/span><\/td>\n<td valign=\"center\"><span>5-50 \u2103<\/span><\/td>\n<\/tr>\n<tr>\n<td valign=\"center\"><span>Turbidez del agua<\/span><\/td>\n<td valign=\"center\"><span>\uff1c<\/span><span>20FTU<\/span><\/td>\n<\/tr>\n<tr>\n<td valign=\"center\"><span>Adaptador de corriente<\/span><\/td>\n<td valign=\"center\"><span>Entrada CA 100 ~ 240 V\/50 ~ 60 Hz Salida CC 24 V\/1,5 A<\/span><\/td>\n<\/tr>\n<tr>\n<td valign=\"center\"><span>Solicitud<\/span><\/td>\n<td valign=\"center\">\n<span>Pretratamiento de manganeso y \u00f3smosis inversa<\/span><\/td>\n<\/tr>\n<tr>\n<td valign=\"center\"><span>Medios filtrantes<\/span><\/td>\n<td valign=\"center\"><span>Arena de cuarzo, carb\u00f3n activado<\/span><\/td>\n<\/tr>\n<\/tbody>\n<\/table>\n","protected":false},"featured_media":985,"comment_status":"open","ping_status":"closed","template":"","meta":{"om_disable_all_campaigns":false,"_monsterinsights_skip_tracking":false,"_monsterinsights_sitenote_active":false,"_monsterinsights_sitenote_note":"","_monsterinsights_sitenote_category":0,"site-sidebar-layout":"default","site-content-layout":"default","ast-main-header-display":"","ast-hfb-above-header-display":"","ast-hfb-below-header-display":"","ast-hfb-mobile-header-display":"","site-post-title":"","ast-breadcrumbs-content":"","ast-featured-img":"","footer-sml-layout":"","theme-transparent-header-meta":"default","adv-header-id-meta":"","stick-header-meta":"","header-above-stick-meta":"","header-main-stick-meta":"","header-below-stick-meta":""},"product_brand":[],"product_cat":[31],"product_tag":[],"class_list":{"0":"post-984","1":"product","2":"type-product","3":"status-publish","4":"has-post-thumbnail","6":"product_cat-valvulas","8":"first","9":"instock","10":"shipping-taxable","11":"purchasable","12":"product-type-simple"},"aioseo_notices":[],"jetpack_sharing_enabled":true,"_links":{"self":[{"href":"https:\/\/aquasaf.com\/index.php\/wp-json\/wp\/v2\/product\/984","targetHints":{"allow":["GET"]}}],"collection":[{"href":"https:\/\/aquasaf.com\/index.php\/wp-json\/wp\/v2\/product"}],"about":[{"href":"https:\/\/aquasaf.com\/index.php\/wp-json\/wp\/v2\/types\/product"}],"replies":[{"embeddable":true,"href":"https:\/\/aquasaf.com\/index.php\/wp-json\/wp\/v2\/comments?post=984"}],"wp:featuredmedia":[{"embeddable":true,"href":"https:\/\/aquasaf.com\/index.php\/wp-json\/wp\/v2\/media\/985"}],"wp:attachment":[{"href":"https:\/\/aquasaf.com\/index.php\/wp-json\/wp\/v2\/media?parent=984"}],"wp:term":[{"taxonomy":"product_brand","embeddable":true,"href":"https:\/\/aquasaf.com\/index.php\/wp-json\/wp\/v2\/product_brand?post=984"},{"taxonomy":"product_cat","embeddable":true,"href":"https:\/\/aquasaf.com\/index.php\/wp-json\/wp\/v2\/product_cat?post=984"},{"taxonomy":"product_tag","embeddable":true,"href":"https:\/\/aquasaf.com\/index.php\/wp-json\/wp\/v2\/product_tag?post=984"}],"curies":[{"name":"wp","href":"https:\/\/api.w.org\/{rel}","templated":true}]}}