{"id":976,"date":"2024-10-24T19:17:10","date_gmt":"2024-10-24T19:17:10","guid":{"rendered":"https:\/\/aquasaf.com\/?post_type=product&#038;p=976"},"modified":"2025-10-20T15:32:22","modified_gmt":"2025-10-20T15:32:22","slug":"valvula-de-filtracion-51240f112bs","status":"publish","type":"product","link":"https:\/\/aquasaf.com\/index.php\/producto\/valvula-de-filtracion-51240f112bs\/","title":{"rendered":"Valvula de Filtraci\u00f3n 51240(F112BS)"},"content":{"rendered":"<p><span>V\u00e1lvulas manuales de filtro F112BS<\/span><\/p>\n<p><span>Con un caudal de 40 m\u00b3\/h, esta v\u00e1lvula de filtro multipuerto cuenta con 4 puertos dispuestos en una configuraci\u00f3n en T en el cuerpo de la v\u00e1lvula. La v\u00e1lvula est\u00e1 equipada con una junta resistente a la corrosi\u00f3n para abrir y cerrar. El agua sin filtrar ingresa desde el puerto de la bomba, que se env\u00eda a diferentes pasajes para su tratamiento. Los diferentes pasajes de flujo se controlan f\u00e1cilmente empujando o tirando del pist\u00f3n equilibrado hidr\u00e1ulicamente en la v\u00e1lvula. Esto permite que la v\u00e1lvula se use como v\u00e1lvula de servicio, de retrolavado y de enjuague r\u00e1pido.<\/span><\/p>\n","protected":false},"excerpt":{"rendered":"<table>\n<tbody>\n<tr class=\"firstRow\">\n<td valign=\"center\"><span>Modelo<\/span><\/td>\n<td valign=\"center\"><span>F112BS\u00a0<\/span><span>(\u00a0<\/span><span>51240\u00a0<\/span><span>)<\/span><\/td>\n<\/tr>\n<tr>\n<td valign=\"center\"><span>Material del mango<\/span><\/td>\n<td valign=\"center\"><span>pl\u00e1stico<\/span><\/td>\n<\/tr>\n<tr>\n<td valign=\"center\"><span>Tipo de montaje<\/span><\/td>\n<td valign=\"center\"><span>montaje lateral<\/span><\/td>\n<\/tr>\n<tr>\n<td valign=\"center\"><span>Entrada\/salida<\/span><\/td>\n<td valign=\"center\"><span>DN65<\/span><\/td>\n<\/tr>\n<tr>\n<td valign=\"center\"><span>Drenar<\/span><\/td>\n<td valign=\"center\"><span>DN65<\/span><\/td>\n<\/tr>\n<tr>\n<td valign=\"center\"><span>Base de montaje<\/span><\/td>\n<td valign=\"center\"><span>Cesta\u00a0<\/span><span>de distribuidor superior e inferior\u00a0de montaje lateral DN80<\/span><\/td>\n<\/tr>\n<tr>\n<td valign=\"center\"><span>Tubo ascendente<\/span><\/td>\n<td valign=\"center\"><span>Cesta\u00a0<\/span><span>de distribuidor superior e inferior\u00a0de montaje lateral DN80<\/span><\/td>\n<\/tr>\n<tr>\n<td valign=\"center\"><span>Caudal<\/span><\/td>\n<td valign=\"center\"><span>40 m\u00b3\/h<\/span><\/td>\n<\/tr>\n<tr>\n<td valign=\"center\"><span>Tanque de filtrado<\/span><\/td>\n<td valign=\"center\"><span>24&#8243;&#8211;42&#8243;<\/span><\/td>\n<\/tr>\n<tr>\n<td valign=\"center\"><span>Presi\u00f3n del agua<\/span><\/td>\n<td valign=\"center\"><span>0,2-0,6 MPa<\/span><\/td>\n<\/tr>\n<tr>\n<td valign=\"center\"><span>Temperatura del agua<\/span><\/td>\n<td valign=\"center\"><span>5-50\u00a0<\/span><span>\u2103<\/span><\/td>\n<\/tr>\n<tr>\n<td valign=\"center\"><span>Turbidez del agua<\/span><\/td>\n<td valign=\"center\"><span>\uff1c<\/span><span>20FTU<\/span><\/td>\n<\/tr>\n<tr>\n<td valign=\"center\"><span>Solicitud<\/span><\/td>\n<td valign=\"center\"><span>Pretratamiento de filtraci\u00f3n y \u00f3smosis inversa<\/span><\/td>\n<\/tr>\n<tr>\n<td valign=\"center\"><span>Medios filtrantes<\/span><\/td>\n<td valign=\"center\"><span>Arena de cuarzo, carb\u00f3n activado<\/span><\/td>\n<\/tr>\n<\/tbody>\n<\/table>\n","protected":false},"featured_media":977,"comment_status":"open","ping_status":"closed","template":"","meta":{"om_disable_all_campaigns":false,"_monsterinsights_skip_tracking":false,"_monsterinsights_sitenote_active":false,"_monsterinsights_sitenote_note":"","_monsterinsights_sitenote_category":0,"site-sidebar-layout":"default","site-content-layout":"default","ast-main-header-display":"","ast-hfb-above-header-display":"","ast-hfb-below-header-display":"","ast-hfb-mobile-header-display":"","site-post-title":"","ast-breadcrumbs-content":"","ast-featured-img":"","footer-sml-layout":"","theme-transparent-header-meta":"default","adv-header-id-meta":"","stick-header-meta":"","header-above-stick-meta":"","header-main-stick-meta":"","header-below-stick-meta":""},"product_brand":[],"product_cat":[31],"product_tag":[],"class_list":{"0":"post-976","1":"product","2":"type-product","3":"status-publish","4":"has-post-thumbnail","6":"product_cat-valvulas","8":"first","9":"instock","10":"shipping-taxable","11":"purchasable","12":"product-type-simple"},"aioseo_notices":[],"jetpack_sharing_enabled":true,"_links":{"self":[{"href":"https:\/\/aquasaf.com\/index.php\/wp-json\/wp\/v2\/product\/976","targetHints":{"allow":["GET"]}}],"collection":[{"href":"https:\/\/aquasaf.com\/index.php\/wp-json\/wp\/v2\/product"}],"about":[{"href":"https:\/\/aquasaf.com\/index.php\/wp-json\/wp\/v2\/types\/product"}],"replies":[{"embeddable":true,"href":"https:\/\/aquasaf.com\/index.php\/wp-json\/wp\/v2\/comments?post=976"}],"wp:featuredmedia":[{"embeddable":true,"href":"https:\/\/aquasaf.com\/index.php\/wp-json\/wp\/v2\/media\/977"}],"wp:attachment":[{"href":"https:\/\/aquasaf.com\/index.php\/wp-json\/wp\/v2\/media?parent=976"}],"wp:term":[{"taxonomy":"product_brand","embeddable":true,"href":"https:\/\/aquasaf.com\/index.php\/wp-json\/wp\/v2\/product_brand?post=976"},{"taxonomy":"product_cat","embeddable":true,"href":"https:\/\/aquasaf.com\/index.php\/wp-json\/wp\/v2\/product_cat?post=976"},{"taxonomy":"product_tag","embeddable":true,"href":"https:\/\/aquasaf.com\/index.php\/wp-json\/wp\/v2\/product_tag?post=976"}],"curies":[{"name":"wp","href":"https:\/\/api.w.org\/{rel}","templated":true}]}}