{"id":970,"date":"2024-10-24T19:09:17","date_gmt":"2024-10-24T19:09:17","guid":{"rendered":"https:\/\/aquasaf.com\/?post_type=product&#038;p=970"},"modified":"2025-10-20T15:32:22","modified_gmt":"2025-10-20T15:32:22","slug":"valvula-de-filtracion-51110n56d1-51210n56d2","status":"publish","type":"product","link":"https:\/\/aquasaf.com\/index.php\/producto\/valvula-de-filtracion-51110n56d1-51210n56d2\/","title":{"rendered":"V\u00e1lvula de Filtraci\u00f3n 51110(N56D1) 51210(N56D2)"},"content":{"rendered":"<p><span>V\u00e1lvula de filtro multipuerto manual N56D<\/span><\/p>\n<p><span>La v\u00e1lvula de filtro multipuerto manual N56D proporciona un caudal de 10 m\u00b3\/h y adopta una junta resistente a la corrosi\u00f3n para abrir y cerrar. Se puede aplicar como v\u00e1lvula de servicio, de retrolavado o de enjuague r\u00e1pido. Tambi\u00e9n puede funcionar bajo presi\u00f3n. Con un volante giratorio, puede cambiar f\u00e1cilmente los ajustes sin apagar la bomba. El filtro se puede utilizar en sistemas de filtraci\u00f3n residencial, filtraci\u00f3n de piscinas y sistemas de filtraci\u00f3n de pretratamiento de \u00f3smosis inversa.<\/span><\/p>\n<p><span>Configuraci\u00f3n del sistema y par\u00e1metros de caudal<\/span><\/p>\n<table width=\"575\">\n<tbody>\n<tr class=\"firstRow\">\n<td colspan=\"5\" width=\"221\"><span>Tama\u00f1o del tanque<\/span><\/td>\n<td colspan=\"2\" width=\"122\"><span>Filtro de carb\u00f3n activado<\/span><\/td>\n<td colspan=\"2\" width=\"118\"><span>Filtro de arena<\/span><\/td>\n<\/tr>\n<tr>\n<td colspan=\"2\" width=\"70\"><span>Di\u00e1metro<\/span><\/td>\n<td width=\"39\"><span>Altura<\/span><\/td>\n<td width=\"55\"><span>Volumen del tanque<\/span><\/td>\n<td width=\"57\"><span>Material del filtro<\/span><\/p>\n<p><span>Volumen<\/span><\/td>\n<td width=\"59\"><span>Caudal del filtro<\/span><\/td>\n<td width=\"63\"><span>Resaca<\/span><\/p>\n<p><span>Caudal<\/span><\/td>\n<td width=\"57\"><span>Filtrar<\/span><\/p>\n<p><span>Caudal<\/span><\/td>\n<td width=\"61\"><span>Resaca<\/span><\/p>\n<p><span>Caudal<\/span><\/td>\n<\/tr>\n<tr>\n<td width=\"32\"><span>en<\/span><\/td>\n<td width=\"38\"><span>mm<\/span><\/td>\n<td width=\"39\"><span>en<\/span><\/td>\n<td width=\"55\"><span>yo<\/span><\/td>\n<td width=\"57\"><span>yo<\/span><\/td>\n<td width=\"59\"><span>m3\u00a0<\/span><sup><span>\/<\/span><\/sup><span>\u00a0h<\/span><\/td>\n<td width=\"63\"><span>m3\u00a0<\/span><sup><span>\/<\/span><\/sup><span>\u00a0h<\/span><\/td>\n<td width=\"57\"><span>m3\u00a0<\/span><sup><span>\/<\/span><\/sup><span>\u00a0h<\/span><\/td>\n<td width=\"61\"><span>m3\u00a0<\/span><sup><span>\/<\/span><\/sup><span>\u00a0h<\/span><\/td>\n<\/tr>\n<tr>\n<td width=\"32\"><span>6<\/span><\/td>\n<td width=\"38\"><span>152<\/span><\/td>\n<td width=\"39\"><span>35<\/span><\/td>\n<td width=\"55\"><span>14.4<\/span><\/td>\n<td width=\"57\"><span>10<\/span><\/td>\n<td width=\"59\"><span>0,2<\/span><\/td>\n<td width=\"63\"><span>0,7<\/span><\/td>\n<td width=\"57\"><span>0,4<\/span><\/td>\n<td width=\"61\"><span>1.0<\/span><\/td>\n<\/tr>\n<tr>\n<td width=\"32\"><span>7<\/span><\/td>\n<td width=\"38\"><span>178<\/span><\/td>\n<td width=\"39\"><span>44<\/span><\/td>\n<td width=\"55\"><span>25.4<\/span><\/td>\n<td width=\"57\"><span>17<\/span><\/td>\n<td width=\"59\"><span>0.3<\/span><\/td>\n<td width=\"63\"><span>0.9<\/span><\/td>\n<td width=\"57\"><span>0.6<\/span><\/td>\n<td width=\"61\"><span>1.3<\/span><\/td>\n<\/tr>\n<tr>\n<td width=\"32\"><span>8<\/span><\/td>\n<td width=\"38\"><span>203<\/span><\/td>\n<td width=\"39\"><span>44<\/span><\/td>\n<td width=\"55\"><span>32.9<\/span><\/td>\n<td width=\"57\"><span>22<\/span><\/td>\n<td width=\"59\"><span>0,4<\/span><\/td>\n<td width=\"63\"><span>1.1<\/span><\/td>\n<td width=\"57\"><span>0,8<\/span><\/td>\n<td width=\"61\"><span>1.7<\/span><\/td>\n<\/tr>\n<tr>\n<td width=\"32\"><span>9<\/span><\/td>\n<td width=\"38\"><span>229<\/span><\/td>\n<td width=\"39\"><span>48<\/span><\/td>\n<td width=\"55\"><span>44.7<\/span><\/td>\n<td width=\"57\"><span>30<\/span><\/td>\n<td width=\"59\"><span>0,5<\/span><\/td>\n<td width=\"63\"><span>1.5<\/span><\/td>\n<td width=\"57\"><span>1.0<\/span><\/td>\n<td width=\"61\"><span>2.2<\/span><\/td>\n<\/tr>\n<tr>\n<td width=\"32\"><span>10<\/span><\/td>\n<td width=\"38\"><span>254<\/span><\/td>\n<td width=\"39\"><span>54<\/span><\/td>\n<td width=\"55\"><span>65.3<\/span><\/td>\n<td width=\"57\"><span>41<\/span><\/td>\n<td width=\"59\"><span>0.6<\/span><\/td>\n<td width=\"63\"><span>1.7<\/span><\/td>\n<td width=\"57\"><span>1.2<\/span><\/td>\n<td width=\"61\"><span>2.6<\/span><\/td>\n<\/tr>\n<tr>\n<td width=\"32\"><span>12<\/span><\/td>\n<td width=\"38\"><span>305<\/span><\/td>\n<td width=\"39\"><span>65<\/span><\/td>\n<td width=\"55\"><span>89.2<\/span><\/td>\n<td width=\"57\"><span>59<\/span><\/td>\n<td width=\"59\"><span>0,8<\/span><\/td>\n<td width=\"63\"><span>2.5<\/span><\/td>\n<td width=\"57\"><span>1.7<\/span><\/td>\n<td width=\"61\"><span>3.8<\/span><\/td>\n<\/tr>\n<tr>\n<td width=\"32\"><span>13<\/span><\/td>\n<td width=\"38\"><span>330<\/span><\/td>\n<td width=\"39\"><span>54<\/span><\/td>\n<td width=\"55\"><span>113.8<\/span><\/td>\n<td width=\"57\"><span>69<\/span><\/td>\n<td width=\"59\"><span>1.0<\/span><\/td>\n<td width=\"63\"><span>3.0<\/span><\/td>\n<td width=\"57\"><span>2.1<\/span><\/td>\n<td width=\"61\"><span>4.6<\/span><\/td>\n<\/tr>\n<tr>\n<td width=\"32\"><span>14<\/span><\/td>\n<td width=\"38\"><span>356<\/span><\/td>\n<td width=\"39\"><span>65<\/span><\/td>\n<td width=\"55\"><span>150.3<\/span><\/td>\n<td width=\"57\"><span>103<\/span><\/td>\n<td width=\"59\"><span>1.2<\/span><\/td>\n<td width=\"63\"><span>3.4<\/span><\/td>\n<td width=\"57\"><span>2.4<\/span><\/td>\n<td width=\"61\"><span>5.2<\/span><\/td>\n<\/tr>\n<tr>\n<td width=\"32\"><span>16<\/span><\/td>\n<td width=\"38\"><span>406<\/span><\/td>\n<td width=\"39\"><span>65<\/span><\/td>\n<td width=\"55\"><span>189.6<\/span><\/td>\n<td width=\"57\"><span>120<\/span><\/td>\n<td width=\"59\"><span>1.5<\/span><\/td>\n<td width=\"63\"><span>4.5<\/span><\/td>\n<td width=\"57\"><span>3.1<\/span><\/td>\n<td width=\"61\"><span>6.8<\/span><\/td>\n<\/tr>\n<tr>\n<td width=\"32\"><span>18<\/span><\/td>\n<td width=\"38\"><span>457<\/span><\/td>\n<td width=\"39\"><span>65<\/span><\/td>\n<td width=\"55\"><span>253<\/span><\/td>\n<td width=\"57\"><span>169<\/span><\/td>\n<td width=\"59\"><span>2.0<\/span><\/td>\n<td width=\"63\"><span>5.9<\/span><\/td>\n<td width=\"57\"><span>4.1<\/span><\/td>\n<td width=\"61\"><span>8.8<\/span><\/td>\n<\/tr>\n<tr>\n<td width=\"32\"><span>20<\/span><\/td>\n<td width=\"38\"><span>508<\/span><\/td>\n<td width=\"39\"><span>72<\/span><\/td>\n<td width=\"55\"><span>310.5<\/span><\/td>\n<td width=\"57\"><span>207<\/span><\/td>\n<td width=\"59\"><span>2.4<\/span><\/td>\n<td width=\"63\"><span>7.0<\/span><\/td>\n<td width=\"57\"><span>4.9<\/span><\/td>\n<td width=\"61\"><span>10.6<\/span><\/td>\n<\/tr>\n<tr>\n<td width=\"32\"><span>22<\/span><\/td>\n<td width=\"38\"><span>550<\/span><\/td>\n<td width=\"39\"><span>72<\/span><\/td>\n<td width=\"55\"><span>385<\/span><\/td>\n<td width=\"57\"><span>255<\/span><\/td>\n<td width=\"59\"><span>2.8<\/span><\/td>\n<td width=\"63\"><span>8.5<\/span><\/td>\n<td width=\"57\"><span>5.9<\/span><\/td>\n<td width=\"61\"><span>12.8<\/span><\/td>\n<\/tr>\n<tr>\n<td width=\"32\"><span>24<\/span><\/td>\n<td width=\"38\"><span>610<\/span><\/td>\n<td width=\"39\"><span>88<\/span><\/td>\n<td width=\"55\"><span>480<\/span><\/td>\n<td width=\"57\"><span>320<\/span><\/td>\n<td width=\"59\"><span>3.4<\/span><\/td>\n<td width=\"63\"><span>10.0<\/span><\/td>\n<td width=\"57\"><span>7.0<\/span><\/td>\n<td width=\"61\"><span>15.2<\/span><\/td>\n<\/tr>\n<\/tbody>\n<\/table>\n<p><span>Nota: El caudal del filtro de carb\u00f3n activado indicado es el resultado de un c\u00e1lculo basado en una velocidad de flujo de 12 m\/h; el caudal de retrolavado se basa en una intensidad de retrolavado de 10 l\/(\u33a1*s). El caudal del filtro de arena indicado anteriormente corresponde a una velocidad de flujo de 25 m\/h; el caudal de retrolavado est\u00e1 relacionado con una intensidad de retrolavado de 15 l\/(\u33a1*s)<\/span><\/p>\n","protected":false},"excerpt":{"rendered":"<table>\n<tbody>\n<tr class=\"firstRow\">\n<td valign=\"center\"><span>Modelo<\/span><\/td>\n<td valign=\"center\"><span>N56D1\/D2\u00a0<\/span><span>(\u00a0<\/span><span>51110\/51210\u00a0<\/span><span>)<\/span><\/td>\n<\/tr>\n<tr>\n<td valign=\"center\"><span>Material del mango<\/span><\/td>\n<td valign=\"center\"><span>Metal\/pl\u00e1stico<\/span><\/td>\n<\/tr>\n<tr>\n<td valign=\"center\"><span>Tipo de montaje<\/span><\/td>\n<td valign=\"center\"><span>Montaje superior \/ montaje lateral<\/span><\/td>\n<\/tr>\n<tr>\n<td valign=\"center\"><span>Entrada\/salida<\/span><\/td>\n<td valign=\"center\"><span>2&#8243;F<\/span><\/td>\n<\/tr>\n<tr>\n<td valign=\"center\"><span>Drenar<\/span><\/td>\n<td valign=\"center\"><span>2&#8243;F<\/span><\/td>\n<\/tr>\n<tr>\n<td valign=\"center\"><span>Base de montaje<\/span><\/td>\n<td valign=\"center\"><span>4&#8243;-8UN<\/span><\/td>\n<\/tr>\n<tr>\n<td valign=\"center\"><span>Tubo ascendente<\/span><\/td>\n<td valign=\"center\"><span>1,5&#8243; D-GB<\/span><\/td>\n<\/tr>\n<tr>\n<td valign=\"center\"><span>Caudal<\/span><\/td>\n<td valign=\"center\"><span>10 m\u00b3\/h<\/span><\/td>\n<\/tr>\n<tr>\n<td valign=\"center\"><span>Tanque de filtrado<\/span><\/td>\n<td valign=\"center\"><span>10&#8243;&#8211;24&#8243;<\/span><\/td>\n<\/tr>\n<tr>\n<td valign=\"center\"><span>Presi\u00f3n del agua<\/span><\/td>\n<td valign=\"center\"><span>0,15-0,6 MPa<\/span><\/td>\n<\/tr>\n<tr>\n<td valign=\"center\"><span>Temperatura del agua<\/span><\/td>\n<td valign=\"center\"><span>5-50\u00a0<\/span><span>\u2103<\/span><\/td>\n<\/tr>\n<tr>\n<td valign=\"center\"><span>Turbidez del agua<\/span><\/td>\n<td valign=\"center\"><span>\uff1c<\/span><span>20FTU<\/span><\/td>\n<\/tr>\n<tr>\n<td valign=\"center\"><span>Solicitud<\/span><\/td>\n<td valign=\"center\"><span>Eliminaci\u00f3n de manganeso y hierro<\/span><\/td>\n<\/tr>\n<tr>\n<td valign=\"center\"><span>Medios filtrantes<\/span><\/td>\n<td valign=\"center\"><span>Arena de cuarzo, carb\u00f3n activado, arena de manganeso.<\/span><\/td>\n<\/tr>\n<\/tbody>\n<\/table>\n","protected":false},"featured_media":971,"comment_status":"open","ping_status":"closed","template":"","meta":{"om_disable_all_campaigns":false,"_monsterinsights_skip_tracking":false,"_monsterinsights_sitenote_active":false,"_monsterinsights_sitenote_note":"","_monsterinsights_sitenote_category":0,"site-sidebar-layout":"default","site-content-layout":"default","ast-main-header-display":"","ast-hfb-above-header-display":"","ast-hfb-below-header-display":"","ast-hfb-mobile-header-display":"","site-post-title":"","ast-breadcrumbs-content":"","ast-featured-img":"","footer-sml-layout":"","theme-transparent-header-meta":"default","adv-header-id-meta":"","stick-header-meta":"","header-above-stick-meta":"","header-main-stick-meta":"","header-below-stick-meta":""},"product_brand":[],"product_cat":[31],"product_tag":[],"class_list":{"0":"post-970","1":"product","2":"type-product","3":"status-publish","4":"has-post-thumbnail","6":"product_cat-valvulas","8":"first","9":"instock","10":"shipping-taxable","11":"purchasable","12":"product-type-simple"},"aioseo_notices":[],"jetpack_sharing_enabled":true,"_links":{"self":[{"href":"https:\/\/aquasaf.com\/index.php\/wp-json\/wp\/v2\/product\/970","targetHints":{"allow":["GET"]}}],"collection":[{"href":"https:\/\/aquasaf.com\/index.php\/wp-json\/wp\/v2\/product"}],"about":[{"href":"https:\/\/aquasaf.com\/index.php\/wp-json\/wp\/v2\/types\/product"}],"replies":[{"embeddable":true,"href":"https:\/\/aquasaf.com\/index.php\/wp-json\/wp\/v2\/comments?post=970"}],"wp:featuredmedia":[{"embeddable":true,"href":"https:\/\/aquasaf.com\/index.php\/wp-json\/wp\/v2\/media\/971"}],"wp:attachment":[{"href":"https:\/\/aquasaf.com\/index.php\/wp-json\/wp\/v2\/media?parent=970"}],"wp:term":[{"taxonomy":"product_brand","embeddable":true,"href":"https:\/\/aquasaf.com\/index.php\/wp-json\/wp\/v2\/product_brand?post=970"},{"taxonomy":"product_cat","embeddable":true,"href":"https:\/\/aquasaf.com\/index.php\/wp-json\/wp\/v2\/product_cat?post=970"},{"taxonomy":"product_tag","embeddable":true,"href":"https:\/\/aquasaf.com\/index.php\/wp-json\/wp\/v2\/product_tag?post=970"}],"curies":[{"name":"wp","href":"https:\/\/api.w.org\/{rel}","templated":true}]}}