{"id":962,"date":"2024-10-24T17:45:31","date_gmt":"2024-10-24T17:45:31","guid":{"rendered":"https:\/\/aquasaf.com\/?post_type=product&#038;p=962"},"modified":"2025-10-20T15:32:23","modified_gmt":"2025-10-20T15:32:23","slug":"valvula-de-filtracion-51104f56a1-51204f56a2","status":"publish","type":"product","link":"https:\/\/aquasaf.com\/index.php\/producto\/valvula-de-filtracion-51104f56a1-51204f56a2\/","title":{"rendered":"V\u00e1lvula de Filtraci\u00f3n 51104(F56A1) 51204(F56A2)"},"content":{"rendered":"<p><span>V\u00e1lvula de filtro multipuerto manual F56A<\/span><\/p>\n<p><span>La v\u00e1lvula de filtro multipuerto manual F56A tiene un caudal de 4 m\u00b3\/h y utiliza una junta resistente a la corrosi\u00f3n para las funciones de apertura y cierre. Se puede utilizar como v\u00e1lvula de servicio, de retrolavado y de enjuague r\u00e1pido, incluso bajo presi\u00f3n. Con una manija, puede cambiar los ajustes f\u00e1cilmente sin apagar la bomba o la energ\u00eda. Al seleccionar un ajuste de v\u00e1lvula, aseg\u00farese de presionar siempre la manija antes de girar.<\/span><\/p>\n","protected":false},"excerpt":{"rendered":"<table>\n<tbody>\n<tr class=\"firstRow\">\n<td valign=\"center\"><span>Modelo<\/span><\/td>\n<td valign=\"center\"><span>F56A1\/A2\u00a0<\/span><span>(\u00a0<\/span><span>51104\/51204\u00a0<\/span><span>)<\/span><\/td>\n<\/tr>\n<tr>\n<td valign=\"center\"><span>Material del mango<\/span><\/td>\n<td valign=\"center\"><span>Metal\/pl\u00e1stico<\/span><\/td>\n<\/tr>\n<tr>\n<td valign=\"center\"><span>Tipo de montaje<\/span><\/td>\n<td valign=\"center\"><span>Montaje superior<\/span><\/td>\n<\/tr>\n<tr>\n<td valign=\"center\"><span>Entrada\/salida<\/span><\/td>\n<td valign=\"center\"><span>1&#8243;F<\/span><\/td>\n<\/tr>\n<tr>\n<td valign=\"center\"><span>Drenar<\/span><\/td>\n<td valign=\"center\"><span>1&#8243;F<\/span><\/td>\n<\/tr>\n<tr>\n<td valign=\"center\"><span>Base de montaje<\/span><\/td>\n<td valign=\"center\"><span>2,5&#8243;-8 NPS<\/span><\/td>\n<\/tr>\n<tr>\n<td valign=\"center\"><span>Tubo ascendente<\/span><\/td>\n<td valign=\"center\"><span>1,05&#8243; de di\u00e1metro exterior<\/span><\/td>\n<\/tr>\n<tr>\n<td valign=\"center\"><span>Caudal<\/span><\/td>\n<td valign=\"center\"><span>4 m\u00b3\/h<\/span><\/td>\n<\/tr>\n<tr>\n<td valign=\"center\"><span>Tanque de filtrado<\/span><\/td>\n<td valign=\"center\"><span>6&#8243;&#8211;12&#8243;<\/span><\/td>\n<\/tr>\n<tr>\n<td valign=\"center\"><span>Presi\u00f3n del agua<\/span><\/td>\n<td valign=\"center\"><span>0,15-0,6 MPa<\/span><\/td>\n<\/tr>\n<tr>\n<td valign=\"center\"><span>Temperatura del agua<\/span><\/td>\n<td valign=\"center\"><span>5-50\u00a0<\/span><span>\u2103<\/span><\/td>\n<\/tr>\n<tr>\n<td valign=\"center\"><span>Turbidez del agua<\/span><\/td>\n<td valign=\"center\"><span>\uff1c<\/span><span>20FTU<\/span><\/td>\n<\/tr>\n<tr>\n<td valign=\"center\"><span>Solicitud<\/span><\/td>\n<td valign=\"center\"><span>Filtro de carb\u00f3n activado, filtro de arena<\/span><\/td>\n<\/tr>\n<tr>\n<td valign=\"center\"><span>Medios filtrantes<\/span><\/td>\n<td valign=\"center\"><span>Arena de cuarzo, carb\u00f3n activado<\/span><\/td>\n<\/tr>\n<\/tbody>\n<\/table>\n","protected":false},"featured_media":963,"comment_status":"open","ping_status":"closed","template":"","meta":{"om_disable_all_campaigns":false,"_monsterinsights_skip_tracking":false,"_monsterinsights_sitenote_active":false,"_monsterinsights_sitenote_note":"","_monsterinsights_sitenote_category":0,"site-sidebar-layout":"default","site-content-layout":"default","ast-main-header-display":"","ast-hfb-above-header-display":"","ast-hfb-below-header-display":"","ast-hfb-mobile-header-display":"","site-post-title":"","ast-breadcrumbs-content":"","ast-featured-img":"","footer-sml-layout":"","theme-transparent-header-meta":"default","adv-header-id-meta":"","stick-header-meta":"","header-above-stick-meta":"","header-main-stick-meta":"","header-below-stick-meta":""},"product_brand":[],"product_cat":[31],"product_tag":[],"class_list":{"0":"post-962","1":"product","2":"type-product","3":"status-publish","4":"has-post-thumbnail","6":"product_cat-valvulas","8":"first","9":"instock","10":"shipping-taxable","11":"purchasable","12":"product-type-simple"},"aioseo_notices":[],"jetpack_sharing_enabled":true,"_links":{"self":[{"href":"https:\/\/aquasaf.com\/index.php\/wp-json\/wp\/v2\/product\/962","targetHints":{"allow":["GET"]}}],"collection":[{"href":"https:\/\/aquasaf.com\/index.php\/wp-json\/wp\/v2\/product"}],"about":[{"href":"https:\/\/aquasaf.com\/index.php\/wp-json\/wp\/v2\/types\/product"}],"replies":[{"embeddable":true,"href":"https:\/\/aquasaf.com\/index.php\/wp-json\/wp\/v2\/comments?post=962"}],"wp:featuredmedia":[{"embeddable":true,"href":"https:\/\/aquasaf.com\/index.php\/wp-json\/wp\/v2\/media\/963"}],"wp:attachment":[{"href":"https:\/\/aquasaf.com\/index.php\/wp-json\/wp\/v2\/media?parent=962"}],"wp:term":[{"taxonomy":"product_brand","embeddable":true,"href":"https:\/\/aquasaf.com\/index.php\/wp-json\/wp\/v2\/product_brand?post=962"},{"taxonomy":"product_cat","embeddable":true,"href":"https:\/\/aquasaf.com\/index.php\/wp-json\/wp\/v2\/product_cat?post=962"},{"taxonomy":"product_tag","embeddable":true,"href":"https:\/\/aquasaf.com\/index.php\/wp-json\/wp\/v2\/product_tag?post=962"}],"curies":[{"name":"wp","href":"https:\/\/api.w.org\/{rel}","templated":true}]}}