{"id":954,"date":"2024-10-24T17:19:28","date_gmt":"2024-10-24T17:19:28","guid":{"rendered":"https:\/\/aquasaf.com\/?post_type=product&#038;p=954"},"modified":"2025-10-20T15:32:23","modified_gmt":"2025-10-20T15:32:23","slug":"valvula-51101af52","status":"publish","type":"product","link":"https:\/\/aquasaf.com\/index.php\/producto\/valvula-51101af52\/","title":{"rendered":"Valvula 51101A(F52)"},"content":{"rendered":"<p>Con un caudal de 1 m\u00b3\/h, el F52 adopta una junta resistente a la corrosi\u00f3n para abrir y cerrar. Puede realizar tres funciones, como servicio, retrolavado y enjuague r\u00e1pido. Tambi\u00e9n puede funcionar bajo presi\u00f3n. Con una manija de metal, puede cambiar los ajustes f\u00e1cilmente sin necesidad de apagar la bomba o la energ\u00eda. Pero al seleccionar un ajuste de v\u00e1lvula, aseg\u00farese de presionar la manija antes de girar. Este producto se puede utilizar en sistemas de filtraci\u00f3n residencial, filtraci\u00f3n de piscinas y sistemas de filtraci\u00f3n de pretratamiento de \u00f3smosis inversa.<\/p>\n","protected":false},"excerpt":{"rendered":"<table width=\"470\">\n<tbody>\n<tr class=\"firstRow\">\n<td valign=\"top\" width=\"168\"><span>Modelo<\/span><\/td>\n<td valign=\"top\" width=\"208\"><span>51201A(F52)<\/span><\/td>\n<\/tr>\n<tr>\n<td valign=\"top\" width=\"168\"><span>Entrada\/Salida<\/span><\/td>\n<td valign=\"top\" width=\"208\"><span>1\/2&#8243; H<\/span><\/td>\n<\/tr>\n<tr>\n<td valign=\"top\" width=\"168\"><span>Drenar<\/span><\/td>\n<td valign=\"top\" width=\"208\"><span>1\/2&#8243; H<\/span><\/td>\n<\/tr>\n<tr>\n<td valign=\"top\" width=\"168\"><span>Base<\/span><\/td>\n<td valign=\"top\" width=\"208\"><span>M82x3<\/span><\/td>\n<\/tr>\n<tr>\n<td valign=\"top\" width=\"168\"><span>Tubo ascendente<\/span><\/td>\n<td valign=\"top\" width=\"208\"><span>\u03c6\u00a0<\/span><span>16,5<\/span><\/td>\n<\/tr>\n<tr>\n<td valign=\"top\" width=\"168\"><span>Capacidad de tratamiento de agua<\/span><\/td>\n<td valign=\"top\" width=\"208\"><span>1 m\u00b3\u00a0<\/span><span>\/\u00a0<\/span><span>h<\/span><\/td>\n<\/tr>\n<tr>\n<td valign=\"top\" width=\"168\"><span>Rango de di\u00e1metro del tanque<\/span><\/td>\n<td valign=\"top\" width=\"208\"><span>6&#8243; ~ 10&#8243;<\/span><\/td>\n<\/tr>\n<tr>\n<td width=\"168\"><span>Presi\u00f3n del agua<\/span><\/td>\n<td width=\"208\"><span>0,15 MPa\u00a0<\/span><span>\uff5e<\/span><span>0,6 MPa<\/span><\/td>\n<\/tr>\n<tr>\n<td width=\"168\"><img class=\"anchorclass\" \/><span>Temperatura\u00a0del agua<\/span><\/td>\n<td width=\"208\"><span>5\u2103\u00a0<\/span><span>\uff5e<\/span><span>50\u2103<\/span><\/td>\n<\/tr>\n<tr>\n<td width=\"168\"><span>Turbidez del agua<\/span><\/td>\n<td width=\"208\"><span>\uff1c<\/span><span>20FTU<\/span><\/td>\n<\/tr>\n<tr>\n<td width=\"168\"><span>Temperatura ambiente<\/span><\/td>\n<td width=\"208\"><span>5\u00a0<\/span><span>\u2103\u00a0<\/span><span>\uff5e<\/span><span>50\u00a0<\/span><span>\u2103<\/span><\/td>\n<\/tr>\n<tr>\n<td width=\"168\"><span>Humedad relativa<\/span><\/td>\n<td width=\"208\"><span>\u2264\u00a0<\/span><span>95\u00a0<\/span><span>%\u00a0<\/span><span>(25 \u2103)<\/span><\/td>\n<\/tr>\n<\/tbody>\n<\/table>\n","protected":false},"featured_media":955,"comment_status":"open","ping_status":"closed","template":"","meta":{"om_disable_all_campaigns":false,"_monsterinsights_skip_tracking":false,"_monsterinsights_sitenote_active":false,"_monsterinsights_sitenote_note":"","_monsterinsights_sitenote_category":0,"site-sidebar-layout":"default","site-content-layout":"default","ast-main-header-display":"","ast-hfb-above-header-display":"","ast-hfb-below-header-display":"","ast-hfb-mobile-header-display":"","site-post-title":"","ast-breadcrumbs-content":"","ast-featured-img":"","footer-sml-layout":"","theme-transparent-header-meta":"default","adv-header-id-meta":"","stick-header-meta":"","header-above-stick-meta":"","header-main-stick-meta":"","header-below-stick-meta":""},"product_brand":[],"product_cat":[31],"product_tag":[],"class_list":{"0":"post-954","1":"product","2":"type-product","3":"status-publish","4":"has-post-thumbnail","6":"product_cat-valvulas","8":"first","9":"instock","10":"shipping-taxable","11":"purchasable","12":"product-type-simple"},"aioseo_notices":[],"jetpack_sharing_enabled":true,"_links":{"self":[{"href":"https:\/\/aquasaf.com\/index.php\/wp-json\/wp\/v2\/product\/954","targetHints":{"allow":["GET"]}}],"collection":[{"href":"https:\/\/aquasaf.com\/index.php\/wp-json\/wp\/v2\/product"}],"about":[{"href":"https:\/\/aquasaf.com\/index.php\/wp-json\/wp\/v2\/types\/product"}],"replies":[{"embeddable":true,"href":"https:\/\/aquasaf.com\/index.php\/wp-json\/wp\/v2\/comments?post=954"}],"wp:featuredmedia":[{"embeddable":true,"href":"https:\/\/aquasaf.com\/index.php\/wp-json\/wp\/v2\/media\/955"}],"wp:attachment":[{"href":"https:\/\/aquasaf.com\/index.php\/wp-json\/wp\/v2\/media?parent=954"}],"wp:term":[{"taxonomy":"product_brand","embeddable":true,"href":"https:\/\/aquasaf.com\/index.php\/wp-json\/wp\/v2\/product_brand?post=954"},{"taxonomy":"product_cat","embeddable":true,"href":"https:\/\/aquasaf.com\/index.php\/wp-json\/wp\/v2\/product_cat?post=954"},{"taxonomy":"product_tag","embeddable":true,"href":"https:\/\/aquasaf.com\/index.php\/wp-json\/wp\/v2\/product_tag?post=954"}],"curies":[{"name":"wp","href":"https:\/\/api.w.org\/{rel}","templated":true}]}}