{"id":939,"date":"2024-10-24T15:00:44","date_gmt":"2024-10-24T15:00:44","guid":{"rendered":"https:\/\/aquasaf.com\/index.php\/producto\/tank-14x65-blue-2-5-npsm-top-pe-liner\/"},"modified":"2025-10-20T15:32:50","modified_gmt":"2025-10-20T15:32:50","slug":"tank-14x65-blue-2-5-npsm-top-pe-liner","status":"publish","type":"product","link":"https:\/\/aquasaf.com\/index.php\/producto\/tank-14x65-blue-2-5-npsm-top-pe-liner\/","title":{"rendered":"TANK 14X65 BLUE 2.5 NPSM TOP PE LINER"},"content":{"rendered":"","protected":false},"excerpt":{"rendered":"<ul>\n<li><strong>Tanque de filtraci\u00f3n 14&#8243;x 65&#8243;, Blue <\/strong><\/li>\n<\/ul>\n<p><strong>Caracter\u00edsticas:<\/strong><\/p>\n<ul>\n<li>Los tanques de presi\u00f3n est\u00e1n hechos de material compuesto de alto rendimiento con un devanado de filamento de fibra de vidrio<\/li>\n<li>Todos los tanques de presi\u00f3n est\u00e1n hechos con una tecnolog\u00eda de moldeo completamente sin costura.<\/li>\n<li>Toda la entrada de rosca hecha de 30% de PP con relleno de vidrio que proporciona l\u00edmites de presi\u00f3n, temperatura y presi\u00f3n mejorados<\/li>\n<li>Espesor de pared del revestimiento de HDPE disponible de 3.0 mm a 8.0 mm correspondiente al di\u00e1metro del tanque<\/li>\n<li>Las partes en contacto con el agua est\u00e1n hechas de materiales de calidad alimentaria.<\/li>\n<li>Todos los tanques de presi\u00f3n son 100% anticorrosivos y resistentes a la corrosi\u00f3n<\/li>\n<li>Elecci\u00f3n completa del tanque de presi\u00f3n de 14&#8243; de di\u00e1metro y de 65&#8243; de altura<\/li>\n<li>Tipo de apertura superior e inferior disponible en este tanque para facilitar el mantenimiento del mismo.<\/li>\n<li>Los compuestos reforzados son un tercio del peso de los tanques de acero<\/li>\n<li>La estructura cient\u00edfica asegura que la base puede soportar el impacto y la abrasi\u00f3n y proporcionar un mejor rendimiento<\/li>\n<li>Apariencia elegante, dimensi\u00f3n constante<\/li>\n<\/ul>\n<p>&nbsp;<\/p>\n<p><strong>Pruebas:<\/strong><\/p>\n<ul>\n<li>250.000 veces de prueba de ciclo de 0-150 psi soportando presi\u00f3n (el requisito de NSF es 100,000 veces)<\/li>\n<li>Prueba de explosi\u00f3n a CUATRO veces de su presi\u00f3n operativa (600 psi)<\/li>\n<\/ul>\n<p>&nbsp;<\/p>\n<p><strong>Par\u00e1metros:<\/strong><\/p>\n<ul>\n<li>Presi\u00f3n de operaci\u00f3n: 150 psi (10.5 Bar)<\/li>\n<li>Temperatura de funcionamiento: 1-50 \u00b0 C<\/li>\n<li>Vac\u00edo M\u00e1x..: 140 mm Hg<\/li>\n<li>Mini temperatura expuesta: -30 \u00b0 C<\/li>\n<\/ul>\n","protected":false},"featured_media":949,"comment_status":"open","ping_status":"closed","template":"","meta":{"om_disable_all_campaigns":false,"_monsterinsights_skip_tracking":false,"_monsterinsights_sitenote_active":false,"_monsterinsights_sitenote_note":"","_monsterinsights_sitenote_category":0,"site-sidebar-layout":"default","site-content-layout":"default","ast-main-header-display":"","ast-hfb-above-header-display":"","ast-hfb-below-header-display":"","ast-hfb-mobile-header-display":"","site-post-title":"","ast-breadcrumbs-content":"","ast-featured-img":"","footer-sml-layout":"","theme-transparent-header-meta":"default","adv-header-id-meta":"","stick-header-meta":"","header-above-stick-meta":"","header-main-stick-meta":"","header-below-stick-meta":""},"product_brand":[],"product_cat":[30],"product_tag":[],"class_list":{"0":"post-939","1":"product","2":"type-product","3":"status-publish","4":"has-post-thumbnail","6":"product_cat-tanques","8":"first","9":"instock","10":"shipping-taxable","11":"purchasable","12":"product-type-simple"},"aioseo_notices":[],"jetpack_sharing_enabled":true,"_links":{"self":[{"href":"https:\/\/aquasaf.com\/index.php\/wp-json\/wp\/v2\/product\/939","targetHints":{"allow":["GET"]}}],"collection":[{"href":"https:\/\/aquasaf.com\/index.php\/wp-json\/wp\/v2\/product"}],"about":[{"href":"https:\/\/aquasaf.com\/index.php\/wp-json\/wp\/v2\/types\/product"}],"replies":[{"embeddable":true,"href":"https:\/\/aquasaf.com\/index.php\/wp-json\/wp\/v2\/comments?post=939"}],"wp:featuredmedia":[{"embeddable":true,"href":"https:\/\/aquasaf.com\/index.php\/wp-json\/wp\/v2\/media\/949"}],"wp:attachment":[{"href":"https:\/\/aquasaf.com\/index.php\/wp-json\/wp\/v2\/media?parent=939"}],"wp:term":[{"taxonomy":"product_brand","embeddable":true,"href":"https:\/\/aquasaf.com\/index.php\/wp-json\/wp\/v2\/product_brand?post=939"},{"taxonomy":"product_cat","embeddable":true,"href":"https:\/\/aquasaf.com\/index.php\/wp-json\/wp\/v2\/product_cat?post=939"},{"taxonomy":"product_tag","embeddable":true,"href":"https:\/\/aquasaf.com\/index.php\/wp-json\/wp\/v2\/product_tag?post=939"}],"curies":[{"name":"wp","href":"https:\/\/api.w.org\/{rel}","templated":true}]}}