{"id":910,"date":"2024-10-17T16:08:58","date_gmt":"2024-10-17T16:08:58","guid":{"rendered":"https:\/\/aquasaf.com\/?post_type=product&#038;p=910"},"modified":"2025-10-20T15:35:08","modified_gmt":"2025-10-20T15:35:08","slug":"carcasa-azul-10-slim-entrada-1-2","status":"publish","type":"product","link":"https:\/\/aquasaf.com\/index.php\/producto\/carcasa-azul-10-slim-entrada-1-2\/","title":{"rendered":"CARCASA AZUL 10&#8243; &#8211; SLIM &#8211; ENTRADA 1\/2&#8243;"},"content":{"rendered":"<p>Estos cartuchos son una soluci\u00f3n econ\u00f3mica para la prefiltraci\u00f3n en varias aplicaciones y es utilizado en sistemas de osmosis inversa.y ultrafiltraci\u00f3n. Puede ser usado para filtros de CTO, GAC, PP. Alta durabilidad, alta resistencia quimica.<\/p>\n","protected":false},"excerpt":{"rendered":"<p><strong>ESPECIFICACIONES:<\/strong><\/p>\n<ul>\n<li>Material de fabricaci\u00f3n: Polipropileno reforzado o acrilonitrilo<\/li>\n<li>Dimensiones: 10\u2033 y 20\u2033 longitud<\/li>\n<li>Diametro: Slim(2,5\u2033)<\/li>\n<li>Tiempo de servicio: 3 a\u00f1os<\/li>\n<li>Rango de temperatura: 5-50\u00b0C<\/li>\n<li>Rango de presi\u00f3n: 80 PSI<\/li>\n<li>Codigo: A310S1<\/li>\n<li>Color: Azul y Transparente<\/li>\n<\/ul>\n","protected":false},"featured_media":911,"comment_status":"open","ping_status":"closed","template":"","meta":{"om_disable_all_campaigns":false,"_monsterinsights_skip_tracking":false,"_monsterinsights_sitenote_active":false,"_monsterinsights_sitenote_note":"","_monsterinsights_sitenote_category":0,"site-sidebar-layout":"default","site-content-layout":"default","ast-main-header-display":"","ast-hfb-above-header-display":"","ast-hfb-below-header-display":"","ast-hfb-mobile-header-display":"","site-post-title":"","ast-breadcrumbs-content":"","ast-featured-img":"","footer-sml-layout":"","theme-transparent-header-meta":"default","adv-header-id-meta":"","stick-header-meta":"","header-above-stick-meta":"","header-main-stick-meta":"","header-below-stick-meta":""},"product_brand":[],"product_cat":[28],"product_tag":[],"class_list":{"0":"post-910","1":"product","2":"type-product","3":"status-publish","4":"has-post-thumbnail","6":"product_cat-carcasas","8":"first","9":"instock","10":"shipping-taxable","11":"purchasable","12":"product-type-simple"},"aioseo_notices":[],"jetpack_sharing_enabled":true,"_links":{"self":[{"href":"https:\/\/aquasaf.com\/index.php\/wp-json\/wp\/v2\/product\/910","targetHints":{"allow":["GET"]}}],"collection":[{"href":"https:\/\/aquasaf.com\/index.php\/wp-json\/wp\/v2\/product"}],"about":[{"href":"https:\/\/aquasaf.com\/index.php\/wp-json\/wp\/v2\/types\/product"}],"replies":[{"embeddable":true,"href":"https:\/\/aquasaf.com\/index.php\/wp-json\/wp\/v2\/comments?post=910"}],"wp:featuredmedia":[{"embeddable":true,"href":"https:\/\/aquasaf.com\/index.php\/wp-json\/wp\/v2\/media\/911"}],"wp:attachment":[{"href":"https:\/\/aquasaf.com\/index.php\/wp-json\/wp\/v2\/media?parent=910"}],"wp:term":[{"taxonomy":"product_brand","embeddable":true,"href":"https:\/\/aquasaf.com\/index.php\/wp-json\/wp\/v2\/product_brand?post=910"},{"taxonomy":"product_cat","embeddable":true,"href":"https:\/\/aquasaf.com\/index.php\/wp-json\/wp\/v2\/product_cat?post=910"},{"taxonomy":"product_tag","embeddable":true,"href":"https:\/\/aquasaf.com\/index.php\/wp-json\/wp\/v2\/product_tag?post=910"}],"curies":[{"name":"wp","href":"https:\/\/api.w.org\/{rel}","templated":true}]}}