{"id":871,"date":"2024-10-10T20:47:31","date_gmt":"2024-10-10T20:47:31","guid":{"rendered":"https:\/\/aquasaf.com\/?post_type=product&#038;p=871"},"modified":"2025-10-20T15:38:25","modified_gmt":"2025-10-20T15:38:25","slug":"pqt-x-5-unds-union-codo-rapido-plastico","status":"publish","type":"product","link":"https:\/\/aquasaf.com\/index.php\/producto\/pqt-x-5-unds-union-codo-rapido-plastico\/","title":{"rendered":"PQT X 5 unds. Uni\u00f3n CODO  R\u00e1pido Pl\u00e1stico"},"content":{"rendered":"<p>PQT X 5 unds.<\/p>\n","protected":false},"excerpt":{"rendered":"<p>DIMENSIONES:<\/p>\n<p>-1\/4 X 1\/4 ROSCA<\/p>\n<p>-CHE\u01eaUE 1\/8 X 1\/4&#8243; ROSCA<\/p>\n<p>-3\/8&#8243; RAPIDO<\/p>\n<p>-1\/4&#8243; RAPIDO-VASTAGO<\/p>\n<p>-3\/8 X 1\/4&#8243; RAPIDO-VASTAGO<\/p>\n<p>-1\/4&#8243; X 3\/8&#8243; RAPIDO &#8211; ROSCA<\/p>\n<p>-1\/4 X 1\/8&#8243; RAPIDO-ROSCA (1 unidad)<\/p>\n","protected":false},"featured_media":880,"comment_status":"open","ping_status":"closed","template":"","meta":{"om_disable_all_campaigns":false,"_monsterinsights_skip_tracking":false,"_monsterinsights_sitenote_active":false,"_monsterinsights_sitenote_note":"","_monsterinsights_sitenote_category":0,"site-sidebar-layout":"default","site-content-layout":"default","ast-main-header-display":"","ast-hfb-above-header-display":"","ast-hfb-below-header-display":"","ast-hfb-mobile-header-display":"","site-post-title":"","ast-breadcrumbs-content":"","ast-featured-img":"","footer-sml-layout":"","theme-transparent-header-meta":"default","adv-header-id-meta":"","stick-header-meta":"","header-above-stick-meta":"","header-main-stick-meta":"","header-below-stick-meta":""},"product_brand":[],"product_cat":[26],"product_tag":[],"class_list":{"0":"post-871","1":"product","2":"type-product","3":"status-publish","4":"has-post-thumbnail","6":"product_cat-acoples","8":"first","9":"instock","10":"shipping-taxable","11":"product-type-simple"},"aioseo_notices":[],"jetpack_sharing_enabled":true,"_links":{"self":[{"href":"https:\/\/aquasaf.com\/index.php\/wp-json\/wp\/v2\/product\/871","targetHints":{"allow":["GET"]}}],"collection":[{"href":"https:\/\/aquasaf.com\/index.php\/wp-json\/wp\/v2\/product"}],"about":[{"href":"https:\/\/aquasaf.com\/index.php\/wp-json\/wp\/v2\/types\/product"}],"replies":[{"embeddable":true,"href":"https:\/\/aquasaf.com\/index.php\/wp-json\/wp\/v2\/comments?post=871"}],"wp:featuredmedia":[{"embeddable":true,"href":"https:\/\/aquasaf.com\/index.php\/wp-json\/wp\/v2\/media\/880"}],"wp:attachment":[{"href":"https:\/\/aquasaf.com\/index.php\/wp-json\/wp\/v2\/media?parent=871"}],"wp:term":[{"taxonomy":"product_brand","embeddable":true,"href":"https:\/\/aquasaf.com\/index.php\/wp-json\/wp\/v2\/product_brand?post=871"},{"taxonomy":"product_cat","embeddable":true,"href":"https:\/\/aquasaf.com\/index.php\/wp-json\/wp\/v2\/product_cat?post=871"},{"taxonomy":"product_tag","embeddable":true,"href":"https:\/\/aquasaf.com\/index.php\/wp-json\/wp\/v2\/product_tag?post=871"}],"curies":[{"name":"wp","href":"https:\/\/api.w.org\/{rel}","templated":true}]}}