{"id":751,"date":"2022-02-24T18:40:38","date_gmt":"2022-02-24T18:40:38","guid":{"rendered":"https:\/\/aquasaf.com\/?post_type=product&#038;p=751"},"modified":"2025-10-20T15:35:10","modified_gmt":"2025-10-20T15:35:10","slug":"hidrosal-industrial-x-25-kg","status":"publish","type":"product","link":"https:\/\/aquasaf.com\/index.php\/producto\/hidrosal-industrial-x-25-kg\/","title":{"rendered":"Hidrosal Industrial X  25 Kg"},"content":{"rendered":"<p>Hidrosal (Cloruro de Sodio) es un s\u00f3lido blanco, cristalino, incoloro, higrosc\u00f3pico y altamente soluble en agua.<\/p>\n<p>Sal de origen mina (Halita), purificada y refinada mediante la cristalizaci\u00f3n por evaporaci\u00f3n mec\u00e1nica o Vacuum Pam de salmueras.<\/p>\n","protected":false},"excerpt":{"rendered":"<p><strong>Los principales usos de Hidrosal son:<\/strong><\/p>\n<ul>\n<li>Regeneraci\u00f3n de resinas de intercambio i\u00f3nico (suavizadores) cuando estas est\u00e1n saturadas de magnesio y calcio en el tratamiento de aguas.<\/li>\n<li>Equipos de esterilizaci\u00f3n.<\/li>\n<li>Electr\u00f3lisis.<\/li>\n<li>Generaci\u00f3n de Hipoclorito.<\/li>\n<li>Producci\u00f3n de salmuera para petr\u00f3leos.<\/li>\n<li>Tanto su pureza como sus contenidos de calcio, magnesio y materia org\u00e1nica son m\u00ednimos gracias al proceso de extracci\u00f3n terrestre y a los procesos de purificaci\u00f3n por reacci\u00f3n qu\u00edmica y evaporaci\u00f3n al vac\u00edo.<\/li>\n<\/ul>\n","protected":false},"featured_media":752,"comment_status":"open","ping_status":"closed","template":"","meta":{"om_disable_all_campaigns":false,"_monsterinsights_skip_tracking":false,"_monsterinsights_sitenote_active":false,"_monsterinsights_sitenote_note":"","_monsterinsights_sitenote_category":0,"site-sidebar-layout":"default","site-content-layout":"default","ast-main-header-display":"","ast-hfb-above-header-display":"","ast-hfb-below-header-display":"","ast-hfb-mobile-header-display":"","site-post-title":"","ast-breadcrumbs-content":"","ast-featured-img":"","footer-sml-layout":"","theme-transparent-header-meta":"default","adv-header-id-meta":"","stick-header-meta":"","header-above-stick-meta":"","header-main-stick-meta":"","header-below-stick-meta":""},"product_brand":[],"product_cat":[33],"product_tag":[],"class_list":{"0":"post-751","1":"product","2":"type-product","3":"status-publish","4":"has-post-thumbnail","6":"product_cat-quimicos","8":"first","9":"instock","10":"shipping-taxable","11":"purchasable","12":"product-type-simple"},"aioseo_notices":[],"jetpack_sharing_enabled":true,"_links":{"self":[{"href":"https:\/\/aquasaf.com\/index.php\/wp-json\/wp\/v2\/product\/751","targetHints":{"allow":["GET"]}}],"collection":[{"href":"https:\/\/aquasaf.com\/index.php\/wp-json\/wp\/v2\/product"}],"about":[{"href":"https:\/\/aquasaf.com\/index.php\/wp-json\/wp\/v2\/types\/product"}],"replies":[{"embeddable":true,"href":"https:\/\/aquasaf.com\/index.php\/wp-json\/wp\/v2\/comments?post=751"}],"wp:featuredmedia":[{"embeddable":true,"href":"https:\/\/aquasaf.com\/index.php\/wp-json\/wp\/v2\/media\/752"}],"wp:attachment":[{"href":"https:\/\/aquasaf.com\/index.php\/wp-json\/wp\/v2\/media?parent=751"}],"wp:term":[{"taxonomy":"product_brand","embeddable":true,"href":"https:\/\/aquasaf.com\/index.php\/wp-json\/wp\/v2\/product_brand?post=751"},{"taxonomy":"product_cat","embeddable":true,"href":"https:\/\/aquasaf.com\/index.php\/wp-json\/wp\/v2\/product_cat?post=751"},{"taxonomy":"product_tag","embeddable":true,"href":"https:\/\/aquasaf.com\/index.php\/wp-json\/wp\/v2\/product_tag?post=751"}],"curies":[{"name":"wp","href":"https:\/\/api.w.org\/{rel}","templated":true}]}}