{"id":746,"date":"2022-02-24T18:05:11","date_gmt":"2022-02-24T18:05:11","guid":{"rendered":"https:\/\/aquasaf.com\/?post_type=product&#038;p=746"},"modified":"2025-10-20T15:40:08","modified_gmt":"2025-10-20T15:40:08","slug":"aseglass-filter-x-25-kg","status":"publish","type":"product","link":"https:\/\/aquasaf.com\/index.php\/producto\/aseglass-filter-x-25-kg\/","title":{"rendered":"Aseglass Filter X 25 Kg"},"content":{"rendered":"<p><strong>Especificaciones\u00a0<\/strong><b>T\u00e9cnicas<\/b><\/p>\n<ul>\n<li>Apariencia f\u00edsica: Solido Granular<\/li>\n<li>Color: Cristales transparentes y\/o coloreados<\/li>\n<li>Forma: Angular a subangular<\/li>\n<li>Porosidad: T\u00edpicamente 48 %<\/li>\n<li>% S\u00edlice (SiO2): 60-70<\/li>\n<li>% Oxido s\u00f3dico (como Na2O): 11-18<\/li>\n<li>% Oxido de Calcio (como CaO): 8-17<\/li>\n<li>Granulometr\u00eda: 0.6mm \u2013 1.2mm<\/li>\n<\/ul>\n<p><strong>Ventajas<\/strong><\/p>\n<ul>\n<li>Su poder de filtraci\u00f3n es muy superior al de la arena s\u00edlice y la zeolita, el Aseglass filtra hasta 10 micras, en comparaci\u00f3n de la arena lo cual lo hace a 70 micras.<\/li>\n<li>No se compacta ni forma terrones<\/li>\n<li>Puede reducir el consumo de qu\u00edmicos en un 30%-40%<\/li>\n<li>Ahorro considerable en tiempo de filtraci\u00f3n, agua y energ\u00eda el\u00e9ctrica y el avado de filtros, filtros y aumenta considerablemente la carrera de los filtros por lo cual la frecuencia de lavados se prolonga, haciendo que el ahorro sea considerable.<\/li>\n<li>100% reciclable.<\/li>\n<\/ul>\n","protected":false},"excerpt":{"rendered":"<p><strong>Aplicaciones<\/strong><\/p>\n<ul>\n<li>Tratamiento de aguas potables, residuales e industriales<\/li>\n<li>Fabricaci\u00f3n de ladrillo refractaria<\/li>\n<li>Industria de resinas y vidrio<\/li>\n<\/ul>\n","protected":false},"featured_media":749,"comment_status":"open","ping_status":"closed","template":"","meta":{"om_disable_all_campaigns":false,"_monsterinsights_skip_tracking":false,"_monsterinsights_sitenote_active":false,"_monsterinsights_sitenote_note":"","_monsterinsights_sitenote_category":0,"site-sidebar-layout":"default","site-content-layout":"default","ast-main-header-display":"","ast-hfb-above-header-display":"","ast-hfb-below-header-display":"","ast-hfb-mobile-header-display":"","site-post-title":"","ast-breadcrumbs-content":"","ast-featured-img":"","footer-sml-layout":"","theme-transparent-header-meta":"default","adv-header-id-meta":"","stick-header-meta":"","header-above-stick-meta":"","header-main-stick-meta":"","header-below-stick-meta":""},"product_brand":[],"product_cat":[24],"product_tag":[],"class_list":{"0":"post-746","1":"product","2":"type-product","3":"status-publish","4":"has-post-thumbnail","6":"product_cat-lechos-filtrantes","8":"first","9":"instock","10":"shipping-taxable","11":"purchasable","12":"product-type-simple"},"aioseo_notices":[],"jetpack_sharing_enabled":true,"_links":{"self":[{"href":"https:\/\/aquasaf.com\/index.php\/wp-json\/wp\/v2\/product\/746","targetHints":{"allow":["GET"]}}],"collection":[{"href":"https:\/\/aquasaf.com\/index.php\/wp-json\/wp\/v2\/product"}],"about":[{"href":"https:\/\/aquasaf.com\/index.php\/wp-json\/wp\/v2\/types\/product"}],"replies":[{"embeddable":true,"href":"https:\/\/aquasaf.com\/index.php\/wp-json\/wp\/v2\/comments?post=746"}],"wp:featuredmedia":[{"embeddable":true,"href":"https:\/\/aquasaf.com\/index.php\/wp-json\/wp\/v2\/media\/749"}],"wp:attachment":[{"href":"https:\/\/aquasaf.com\/index.php\/wp-json\/wp\/v2\/media?parent=746"}],"wp:term":[{"taxonomy":"product_brand","embeddable":true,"href":"https:\/\/aquasaf.com\/index.php\/wp-json\/wp\/v2\/product_brand?post=746"},{"taxonomy":"product_cat","embeddable":true,"href":"https:\/\/aquasaf.com\/index.php\/wp-json\/wp\/v2\/product_cat?post=746"},{"taxonomy":"product_tag","embeddable":true,"href":"https:\/\/aquasaf.com\/index.php\/wp-json\/wp\/v2\/product_tag?post=746"}],"curies":[{"name":"wp","href":"https:\/\/api.w.org\/{rel}","templated":true}]}}