{"id":1411,"date":"2025-05-12T19:09:04","date_gmt":"2025-05-12T19:09:04","guid":{"rendered":"https:\/\/aquasaf.com\/?post_type=product&#038;p=1411"},"modified":"2025-10-20T15:15:19","modified_gmt":"2025-10-20T15:15:19","slug":"sistema-de-filtracion-basica-pou","status":"publish","type":"product","link":"https:\/\/aquasaf.com\/index.php\/producto\/sistema-de-filtracion-basica-pou\/","title":{"rendered":"Sistema de filtraci\u00f3n b\u00e1sica (POU)"},"content":{"rendered":"<p>FICHA TECNICA : <a title=\"FICHA TECNICA\" href=\"http:\/\/aquasaf.com\/wp-content\/uploads\/2025\/05\/AQUASAF-ficha_tecnica_filtracion_basica_pou.pdf\" target=\"_blank\" rel=\"noopener\">FICHA TECNICA<\/a><\/p>\n<table id=\"product-attribute-specs-table\" class=\"data table additional-attributes\">\n<thead>\n<tr>\n<th>Caracter\u00edsticas<\/th>\n<th>Valor<\/th>\n<\/tr>\n<\/thead>\n<tbody>\n<tr>\n<th class=\"col label\" scope=\"row\">Tipo de producto<\/th>\n<td class=\"col data\" data-th=\"Tipo de producto\">Sistema de filtraci\u00f3n<\/td>\n<\/tr>\n<tr>\n<th class=\"col label\" scope=\"row\">Marca<\/th>\n<td class=\"col data\" data-th=\"Marca\">PURIKOR<\/td>\n<\/tr>\n<tr>\n<th class=\"col label\" scope=\"row\">Serie<\/th>\n<td class=\"col data\" data-th=\"Serie\">Sistema de filtraci\u00f3n b\u00e1sica (POU)<\/td>\n<\/tr>\n<tr>\n<th class=\"col label\" scope=\"row\">Sectores de uso<\/th>\n<td class=\"col data\" data-th=\"Sectores de uso\">Hogar, Comercio, Industria<\/td>\n<\/tr>\n<tr>\n<th class=\"col label\" scope=\"row\">Incluye<\/th>\n<td class=\"col data\" data-th=\"Incluye\">Filtros cartucho, l\u00e1mpara UV PHILIPS, conexi\u00f3n alimentaci\u00f3n de agua, llave para portafiltros, mangueras tubing, llave de ganso.<\/td>\n<\/tr>\n<tr>\n<th class=\"col label\" scope=\"row\">Garant\u00eda<\/th>\n<td class=\"col data\" data-th=\"Garant\u00eda\">1 a\u00f1o<\/td>\n<\/tr>\n<tr>\n<th class=\"col label\" scope=\"row\">Rango de presi\u00f3n<\/th>\n<td class=\"col data\" data-th=\"Rango de presi\u00f3n\">15 &#8211; 80 psi<\/td>\n<\/tr>\n<tr>\n<th class=\"col label\" scope=\"row\">Luz UV potencia<\/th>\n<td class=\"col data\" data-th=\"Luz UV potencia\">6 watts<\/td>\n<\/tr>\n<tr>\n<th class=\"col label\" scope=\"row\">Micras nominales<\/th>\n<td class=\"col data\" data-th=\"Micras nominales\">5<\/td>\n<\/tr>\n<tr>\n<th class=\"col label\" scope=\"row\">Luz UV (Fases x voltaje)<\/th>\n<td class=\"col data\" data-th=\"Luz UV (Fases x voltaje)\">1 X 115<\/td>\n<\/tr>\n<tr>\n<th class=\"col label\" scope=\"row\">Flujo nominal<\/th>\n<td class=\"col data\" data-th=\"Flujo nominal\">0.5 gpm<\/td>\n<\/tr>\n<tr>\n<th class=\"col label\" scope=\"row\">Conexiones<\/th>\n<td class=\"col data\" data-th=\"Conexiones\">1\/2&#8243; hembra, 1\/2&#8243; macho y 1\/4&#8243; tubing<\/td>\n<\/tr>\n<tr>\n<th class=\"col label\" scope=\"row\">N\u00famero de etapas de filtraci\u00f3n<\/th>\n<td class=\"col data\" data-th=\"N\u00famero de etapas de filtraci\u00f3n\">3<\/td>\n<\/tr>\n<tr>\n<th class=\"col label\" scope=\"row\">Dimensiones<\/th>\n<td class=\"col data\" data-th=\"Dimensiones\">39.5 x 27 x 13 cm<\/td>\n<\/tr>\n<tr>\n<th class=\"col label\" scope=\"row\">Peso<\/th>\n<td class=\"col data\" data-th=\"Peso\">4 kg<\/td>\n<\/tr>\n<\/tbody>\n<\/table>\n","protected":false},"excerpt":{"rendered":"<div class=\"page-title-wrapper product\">\n<h1 class=\"page-title\"><span class=\"base\" data-ui-id=\"page-title-wrapper\">Sistema de filtraci\u00f3n b\u00e1sica<\/span><\/h1>\n<\/div>\n<div class=\"aditional-attribute-content\">\n<div class=\"attribute aditional\">\n<div class=\"content-atribute\">\n<div class=\"label\">Rango de presi\u00f3n:<\/div>\n<div class=\"value\">15 &#8211; 80 psi<\/div>\n<\/div>\n<div class=\"content-atribute\">\n<div class=\"label\">Micras nominales:<\/div>\n<div class=\"value\">5<\/div>\n<\/div>\n<div class=\"content-atribute\">\n<div class=\"label\">Flujo nominal:<\/div>\n<div class=\"value\">0.5 gpm<\/div>\n<\/div>\n<div class=\"content-atribute\">\n<div class=\"label\">Conexiones:<\/div>\n<div class=\"value\">1\/2&#8243; hembra, 1\/2&#8243; macho y 1\/4&#8243; tubing<\/div>\n<\/div>\n<div class=\"content-atribute\">\n<div class=\"label\">N\u00famero de etapas de filtraci\u00f3n:<\/div>\n<div class=\"value\">3<\/div>\n<\/div>\n<\/div>\n<\/div>\n","protected":false},"featured_media":1412,"comment_status":"open","ping_status":"closed","template":"","meta":{"om_disable_all_campaigns":false,"_monsterinsights_skip_tracking":false,"_monsterinsights_sitenote_active":false,"_monsterinsights_sitenote_note":"","_monsterinsights_sitenote_category":0,"site-sidebar-layout":"default","site-content-layout":"default","ast-main-header-display":"","ast-hfb-above-header-display":"","ast-hfb-below-header-display":"","ast-hfb-mobile-header-display":"","site-post-title":"","ast-breadcrumbs-content":"","ast-featured-img":"","footer-sml-layout":"","theme-transparent-header-meta":"default","adv-header-id-meta":"","stick-header-meta":"","header-above-stick-meta":"","header-main-stick-meta":"","header-below-stick-meta":""},"product_brand":[],"product_cat":[27],"product_tag":[],"class_list":{"0":"post-1411","1":"product","2":"type-product","3":"status-publish","4":"has-post-thumbnail","6":"product_cat-equipo","8":"first","9":"instock","10":"shipping-taxable","11":"purchasable","12":"product-type-simple"},"aioseo_notices":[],"jetpack_sharing_enabled":true,"_links":{"self":[{"href":"https:\/\/aquasaf.com\/index.php\/wp-json\/wp\/v2\/product\/1411","targetHints":{"allow":["GET"]}}],"collection":[{"href":"https:\/\/aquasaf.com\/index.php\/wp-json\/wp\/v2\/product"}],"about":[{"href":"https:\/\/aquasaf.com\/index.php\/wp-json\/wp\/v2\/types\/product"}],"replies":[{"embeddable":true,"href":"https:\/\/aquasaf.com\/index.php\/wp-json\/wp\/v2\/comments?post=1411"}],"wp:featuredmedia":[{"embeddable":true,"href":"https:\/\/aquasaf.com\/index.php\/wp-json\/wp\/v2\/media\/1412"}],"wp:attachment":[{"href":"https:\/\/aquasaf.com\/index.php\/wp-json\/wp\/v2\/media?parent=1411"}],"wp:term":[{"taxonomy":"product_brand","embeddable":true,"href":"https:\/\/aquasaf.com\/index.php\/wp-json\/wp\/v2\/product_brand?post=1411"},{"taxonomy":"product_cat","embeddable":true,"href":"https:\/\/aquasaf.com\/index.php\/wp-json\/wp\/v2\/product_cat?post=1411"},{"taxonomy":"product_tag","embeddable":true,"href":"https:\/\/aquasaf.com\/index.php\/wp-json\/wp\/v2\/product_tag?post=1411"}],"curies":[{"name":"wp","href":"https:\/\/api.w.org\/{rel}","templated":true}]}}