{"id":1399,"date":"2025-05-12T17:37:56","date_gmt":"2025-05-12T17:37:56","guid":{"rendered":"https:\/\/aquasaf.com\/?post_type=product&#038;p=1399"},"modified":"2025-10-20T15:15:19","modified_gmt":"2025-10-20T15:15:19","slug":"sistema-osmosis-inversa-pou","status":"publish","type":"product","link":"https:\/\/aquasaf.com\/index.php\/producto\/sistema-osmosis-inversa-pou\/","title":{"rendered":"SISTEMA \u00d3SMOSIS INVERSA (POU)"},"content":{"rendered":"<p>FICHA TECNICA SISTEMA \u00d3SMOSIS INVERSA (POU)\u00a0 \u00a0:\u00a0 <a title=\"FICHA TECNICA\" href=\"http:\/\/aquasaf.com\/wp-content\/uploads\/2025\/05\/AQUASAF_ficha_tecnica_osmosis_inversa_pou.pdf\" target=\"_blank\" rel=\"noopener\">FICHA TECNICA<\/a><\/p>\n<table id=\"product-attribute-specs-table\" class=\"data table additional-attributes\">\n<thead>\n<tr>\n<th>Caracter\u00edsticas<\/th>\n<th>Valor<\/th>\n<\/tr>\n<\/thead>\n<tbody>\n<tr>\n<th class=\"col label\" scope=\"row\">Tipo de producto<\/th>\n<td class=\"col data\" data-th=\"Tipo de producto\">Sistema de \u00f3smosis inversa<\/td>\n<\/tr>\n<tr>\n<th class=\"col label\" scope=\"row\">Marca<\/th>\n<td class=\"col data\" data-th=\"Marca\">PURIKOR<\/td>\n<\/tr>\n<tr>\n<th class=\"col label\" scope=\"row\">Serie<\/th>\n<td class=\"col data\" data-th=\"Serie\">SISTEMA \u00d3SMOSIS INVERSA (POU)<\/td>\n<\/tr>\n<tr>\n<th class=\"col label\" scope=\"row\">Sectores de uso<\/th>\n<td class=\"col data\" data-th=\"Sectores de uso\">Hogar, Comercio, Industria<\/td>\n<\/tr>\n<tr>\n<th class=\"col label\" scope=\"row\">Incluye<\/th>\n<td class=\"col data\" data-th=\"Incluye\">Bomba de presi\u00f3n, conexi\u00f3n de agua desecho, conexi\u00f3n para alimentaci\u00f3n de agua, llave para portafiltros y porta membrana, mangueras tubing, tanque de almacenamiento y llave de ganso de lujo.<\/td>\n<\/tr>\n<tr>\n<th class=\"col label\" scope=\"row\">Garant\u00eda<\/th>\n<td class=\"col data\" data-th=\"Garant\u00eda\">1 a\u00f1o<\/td>\n<\/tr>\n<tr>\n<th class=\"col label\" scope=\"row\">Rango de temperatura del agua<\/th>\n<td class=\"col data\" data-th=\"Rango de temperatura del agua\">4 &#8211; 52\u00b0C<\/td>\n<\/tr>\n<tr>\n<th class=\"col label\" scope=\"row\">Rango de presi\u00f3n de entrada<\/th>\n<td class=\"col data\" data-th=\"Rango de presi\u00f3n de entrada\">15 &#8211; 80 psi (1 &#8211; 5.6kg\/cm\u00b2)<\/td>\n<\/tr>\n<tr>\n<th class=\"col label\" scope=\"row\">Micras nominales<\/th>\n<td class=\"col data\" data-th=\"Micras nominales\">5<\/td>\n<\/tr>\n<tr>\n<th class=\"col label\" scope=\"row\">Flujo nominal<\/th>\n<td class=\"col data\" data-th=\"Flujo nominal\">100 gpd<\/td>\n<\/tr>\n<tr>\n<th class=\"col label\" scope=\"row\">Micras membrana<\/th>\n<td class=\"col data\" data-th=\"Micras membrana\">0.001<\/td>\n<\/tr>\n<tr>\n<th class=\"col label\" scope=\"row\">Consumo de bomba<\/th>\n<td class=\"col data\" data-th=\"Consumo de bomba\">25 &#8211; 36 watts<\/td>\n<\/tr>\n<tr>\n<th class=\"col label\" scope=\"row\">Luz UV potencia<\/th>\n<td class=\"col data\" data-th=\"Luz UV potencia\">N\/A<\/td>\n<\/tr>\n<tr>\n<th class=\"col label\" scope=\"row\">Luz UV (Fases x voltaje)<\/th>\n<td class=\"col data\" data-th=\"Luz UV (Fases x voltaje)\">N\/A<\/td>\n<\/tr>\n<tr>\n<th class=\"col label\" scope=\"row\">M\u00e1xima cantidad de s\u00f3lidos disueltos<\/th>\n<td class=\"col data\" data-th=\"M\u00e1xima cantidad de s\u00f3lidos disueltos\">800 ppm<\/td>\n<\/tr>\n<tr>\n<th class=\"col label\" scope=\"row\">Conexiones<\/th>\n<td class=\"col data\" data-th=\"Conexiones\">1\/2&#8243; hembra, 1\/2&#8243; macho y 1\/4&#8243; tubing<\/td>\n<\/tr>\n<tr>\n<th class=\"col label\" scope=\"row\">Volumen del tanque<\/th>\n<td class=\"col data\" data-th=\"Volumen del tanque\">3.2 gal<\/td>\n<\/tr>\n<tr>\n<th class=\"col label\" scope=\"row\">N\u00famero de etapas de filtraci\u00f3n<\/th>\n<td class=\"col data\" data-th=\"N\u00famero de etapas de filtraci\u00f3n\">5<\/td>\n<\/tr>\n<tr>\n<th class=\"col label\" scope=\"row\">Dimensiones<\/th>\n<td class=\"col data\" data-th=\"Dimensiones\">50 x 39 x 18 cm<\/td>\n<\/tr>\n<tr>\n<th class=\"col label\" scope=\"row\">Peso<\/th>\n<td class=\"col data\" data-th=\"Peso\">15 kg<\/td>\n<\/tr>\n<\/tbody>\n<\/table>\n","protected":false},"excerpt":{"rendered":"<div class=\"page-title-wrapper product\">\n<h1 class=\"page-title\"><\/h1>\n<h1><\/h1>\n<h1 class=\"page-title\"><span class=\"base\" data-ui-id=\"page-title-wrapper\">Sistema de \u00f3smosis inversa<\/span><\/h1>\n<\/div>\n<div class=\"aditional-attribute-content\">\n<div class=\"attribute aditional\">\n<div class=\"content-atribute\">\n<div class=\"label\">Rango de presi\u00f3n de entrada:<\/div>\n<div class=\"value\">15 &#8211; 80 psi (1 &#8211; 5.6kg\/cm\u00b2)<\/div>\n<\/div>\n<div class=\"content-atribute\">\n<div class=\"label\">Micras nominales:<\/div>\n<div class=\"value\">5<\/div>\n<\/div>\n<div class=\"content-atribute\">\n<div class=\"label\">Flujo nominal:<\/div>\n<div class=\"value\">100 gpd<\/div>\n<\/div>\n<div class=\"content-atribute\">\n<div class=\"label\">Conexiones:<\/div>\n<div class=\"value\">1\/2&#8243; hembra, 1\/2&#8243; macho y 1\/4&#8243; tubing<\/div>\n<\/div>\n<\/div>\n<\/div>\n","protected":false},"featured_media":1400,"comment_status":"open","ping_status":"closed","template":"","meta":{"om_disable_all_campaigns":false,"_monsterinsights_skip_tracking":false,"_monsterinsights_sitenote_active":false,"_monsterinsights_sitenote_note":"","_monsterinsights_sitenote_category":0,"site-sidebar-layout":"default","site-content-layout":"default","ast-main-header-display":"","ast-hfb-above-header-display":"","ast-hfb-below-header-display":"","ast-hfb-mobile-header-display":"","site-post-title":"","ast-breadcrumbs-content":"","ast-featured-img":"","footer-sml-layout":"","theme-transparent-header-meta":"default","adv-header-id-meta":"","stick-header-meta":"","header-above-stick-meta":"","header-main-stick-meta":"","header-below-stick-meta":""},"product_brand":[],"product_cat":[27],"product_tag":[],"class_list":{"0":"post-1399","1":"product","2":"type-product","3":"status-publish","4":"has-post-thumbnail","6":"product_cat-equipo","8":"first","9":"instock","10":"shipping-taxable","11":"purchasable","12":"product-type-simple"},"aioseo_notices":[],"jetpack_sharing_enabled":true,"_links":{"self":[{"href":"https:\/\/aquasaf.com\/index.php\/wp-json\/wp\/v2\/product\/1399","targetHints":{"allow":["GET"]}}],"collection":[{"href":"https:\/\/aquasaf.com\/index.php\/wp-json\/wp\/v2\/product"}],"about":[{"href":"https:\/\/aquasaf.com\/index.php\/wp-json\/wp\/v2\/types\/product"}],"replies":[{"embeddable":true,"href":"https:\/\/aquasaf.com\/index.php\/wp-json\/wp\/v2\/comments?post=1399"}],"wp:featuredmedia":[{"embeddable":true,"href":"https:\/\/aquasaf.com\/index.php\/wp-json\/wp\/v2\/media\/1400"}],"wp:attachment":[{"href":"https:\/\/aquasaf.com\/index.php\/wp-json\/wp\/v2\/media?parent=1399"}],"wp:term":[{"taxonomy":"product_brand","embeddable":true,"href":"https:\/\/aquasaf.com\/index.php\/wp-json\/wp\/v2\/product_brand?post=1399"},{"taxonomy":"product_cat","embeddable":true,"href":"https:\/\/aquasaf.com\/index.php\/wp-json\/wp\/v2\/product_cat?post=1399"},{"taxonomy":"product_tag","embeddable":true,"href":"https:\/\/aquasaf.com\/index.php\/wp-json\/wp\/v2\/product_tag?post=1399"}],"curies":[{"name":"wp","href":"https:\/\/api.w.org\/{rel}","templated":true}]}}