{"id":1393,"date":"2025-01-24T19:50:45","date_gmt":"2025-01-24T19:50:45","guid":{"rendered":"https:\/\/aquasaf.com\/?post_type=product&#038;p=1393"},"modified":"2025-10-20T15:07:15","modified_gmt":"2025-10-20T15:07:15","slug":"sr-lp-4021","status":"publish","type":"product","link":"https:\/\/aquasaf.com\/index.php\/producto\/sr-lp-4021\/","title":{"rendered":"Sr. LP-4021"},"content":{"rendered":"<p>Parametro<\/p>\n<ul>\n<li><span>\u00c1rea efectiva de membrana ft\u00b2 (m\u00b2): 36 (3,3)<\/span><\/li>\n<li><span>Rechazo de sal: 99%<\/span><\/li>\n<li><span>Presi\u00f3n de funcionamiento psi (Mpa): 150 (1,05)<\/span><\/li>\n<li><span>Rendimiento medio GPD(m\u00b3\/d): 1000(3,78)<\/span><\/li>\n<li><span>Tasa de recuperaci\u00f3n (%): 15<\/span><\/li>\n<li><span>Presi\u00f3n m\u00e1xima de funcionamiento psi (Mpa): 600 (4,2)<\/span><\/li>\n<li><span>Temperatura m\u00e1xima de entrada (\u2103): 45<\/span><\/li>\n<li><span>M\u00e1xima entrada SDI: 5<\/span><\/li>\n<\/ul>\n<p>Norma de prueba<\/p>\n<ul>\n<li><span>Soluci\u00f3n de NaCl a 25 \u2103, 2000 PPM, 150 PSI, pH 7,5 y tasa de recuperaci\u00f3n del 8 %. Rechazo de sal de al menos el 99 %.<\/span><\/li>\n<\/ul>\n","protected":false},"excerpt":{"rendered":"<ul>\n<li><span>Membrana MR RO: NUNCA CORTE ATASCOS\/MATERIALES DE ALTA CALIDAD<\/span><\/li>\n<li><span>Membrana RO de calidad duradera y aspecto perfecto<\/span><\/li>\n<li><span>Rechazo de sal alto y estable de m\u00e1s del 99 %<\/span><\/li>\n<li><span>Servicios OEM: SEG\u00daN SOLICITUD DEL CLIENTE (DISE\u00d1O, ETIQUETA, EMBALAJE, TAMA\u00d1O DE LA MEMBRANA DE \u00d3SMOSIS INVERSA)<\/span><\/li>\n<\/ul>\n","protected":false},"featured_media":1394,"comment_status":"open","ping_status":"closed","template":"","meta":{"om_disable_all_campaigns":false,"_monsterinsights_skip_tracking":false,"_monsterinsights_sitenote_active":false,"_monsterinsights_sitenote_note":"","_monsterinsights_sitenote_category":0,"site-sidebar-layout":"default","site-content-layout":"default","ast-main-header-display":"","ast-hfb-above-header-display":"","ast-hfb-below-header-display":"","ast-hfb-mobile-header-display":"","site-post-title":"","ast-breadcrumbs-content":"","ast-featured-img":"","footer-sml-layout":"","theme-transparent-header-meta":"default","adv-header-id-meta":"","stick-header-meta":"","header-above-stick-meta":"","header-main-stick-meta":"","header-below-stick-meta":""},"product_brand":[],"product_cat":[34],"product_tag":[],"class_list":{"0":"post-1393","1":"product","2":"type-product","3":"status-publish","4":"has-post-thumbnail","6":"product_cat-membranas","8":"first","9":"instock","10":"shipping-taxable","11":"product-type-simple"},"aioseo_notices":[],"jetpack_sharing_enabled":true,"_links":{"self":[{"href":"https:\/\/aquasaf.com\/index.php\/wp-json\/wp\/v2\/product\/1393","targetHints":{"allow":["GET"]}}],"collection":[{"href":"https:\/\/aquasaf.com\/index.php\/wp-json\/wp\/v2\/product"}],"about":[{"href":"https:\/\/aquasaf.com\/index.php\/wp-json\/wp\/v2\/types\/product"}],"replies":[{"embeddable":true,"href":"https:\/\/aquasaf.com\/index.php\/wp-json\/wp\/v2\/comments?post=1393"}],"wp:featuredmedia":[{"embeddable":true,"href":"https:\/\/aquasaf.com\/index.php\/wp-json\/wp\/v2\/media\/1394"}],"wp:attachment":[{"href":"https:\/\/aquasaf.com\/index.php\/wp-json\/wp\/v2\/media?parent=1393"}],"wp:term":[{"taxonomy":"product_brand","embeddable":true,"href":"https:\/\/aquasaf.com\/index.php\/wp-json\/wp\/v2\/product_brand?post=1393"},{"taxonomy":"product_cat","embeddable":true,"href":"https:\/\/aquasaf.com\/index.php\/wp-json\/wp\/v2\/product_cat?post=1393"},{"taxonomy":"product_tag","embeddable":true,"href":"https:\/\/aquasaf.com\/index.php\/wp-json\/wp\/v2\/product_tag?post=1393"}],"curies":[{"name":"wp","href":"https:\/\/api.w.org\/{rel}","templated":true}]}}