{"id":1369,"date":"2025-01-24T19:34:22","date_gmt":"2025-01-24T19:34:22","guid":{"rendered":"https:\/\/aquasaf.com\/?post_type=product&#038;p=1369"},"modified":"2025-10-20T15:07:16","modified_gmt":"2025-10-20T15:07:16","slug":"mr-bw-4040-membranas-de-osmosis-inversa-para-agua-salobre","status":"publish","type":"product","link":"https:\/\/aquasaf.com\/index.php\/producto\/mr-bw-4040-membranas-de-osmosis-inversa-para-agua-salobre\/","title":{"rendered":"MR-BW-4040 &#8211;  Membranas de \u00f3smosis inversa para agua salobre"},"content":{"rendered":"<p>Parametro<\/p>\n<ul>\n<li><span>\u00c1rea efectiva de membrana ft\u00b2 (m\u00b2): 85 (7,9)<\/span><\/li>\n<li><span>Rechazo de sal: 99,5 %<\/span><\/li>\n<li><span>Presi\u00f3n de funcionamiento psi (Mpa): 225 (1,55)<\/span><\/li>\n<li><span>Rendimiento medio GPD(m\u00b3\/d): 2500(9,5)<\/span><\/li>\n<li><span>Tasa de recuperaci\u00f3n (%): 15<\/span><\/li>\n<li><span>Presi\u00f3n m\u00e1xima de funcionamiento psi (Mpa): 600 (4,2)<\/span><\/li>\n<li><span>Temperatura m\u00e1xima de entrada (\u2103): 45<\/span><\/li>\n<li><span>M\u00e1xima entrada SDI: 5<\/span><\/li>\n<\/ul>\n<p>Norma de prueba<\/p>\n<ul>\n<li><span>Concentraci\u00f3n del l\u00edquido de prueba (como NaCl) mg\/L (ppm): 2000<\/span><\/li>\n<li><span>Presi\u00f3n del l\u00edquido de prueba psi (Mpa): 225 (1,55)<\/span><\/li>\n<li><span>Temperatura del l\u00edquido de prueba (\u2103): 25<\/span><\/li>\n<li><span>pH del l\u00edquido de prueba: 7<\/span><\/li>\n<\/ul>\n","protected":false},"excerpt":{"rendered":"<ul>\n<li><span>1. Alto rechazo de sal debido a las l\u00e1minas de \u00f3smosis inversa de rendimiento hidrof\u00edlico.<\/span><\/li>\n<li><span>2. Alto rendimiento de resistencia a la oxidaci\u00f3n.<\/span><\/li>\n<li><span>3. Rendimiento estable bajo alto flujo y baja presi\u00f3n de funcionamiento.<\/span><\/li>\n<li><span>4. OEM personalizado.<\/span><\/li>\n<\/ul>\n","protected":false},"featured_media":1370,"comment_status":"open","ping_status":"closed","template":"","meta":{"om_disable_all_campaigns":false,"_monsterinsights_skip_tracking":false,"_monsterinsights_sitenote_active":false,"_monsterinsights_sitenote_note":"","_monsterinsights_sitenote_category":0,"site-sidebar-layout":"default","site-content-layout":"default","ast-main-header-display":"","ast-hfb-above-header-display":"","ast-hfb-below-header-display":"","ast-hfb-mobile-header-display":"","site-post-title":"","ast-breadcrumbs-content":"","ast-featured-img":"","footer-sml-layout":"","theme-transparent-header-meta":"default","adv-header-id-meta":"","stick-header-meta":"","header-above-stick-meta":"","header-main-stick-meta":"","header-below-stick-meta":""},"product_brand":[],"product_cat":[34],"product_tag":[],"class_list":{"0":"post-1369","1":"product","2":"type-product","3":"status-publish","4":"has-post-thumbnail","6":"product_cat-membranas","8":"first","9":"instock","10":"shipping-taxable","11":"product-type-simple"},"aioseo_notices":[],"jetpack_sharing_enabled":true,"_links":{"self":[{"href":"https:\/\/aquasaf.com\/index.php\/wp-json\/wp\/v2\/product\/1369","targetHints":{"allow":["GET"]}}],"collection":[{"href":"https:\/\/aquasaf.com\/index.php\/wp-json\/wp\/v2\/product"}],"about":[{"href":"https:\/\/aquasaf.com\/index.php\/wp-json\/wp\/v2\/types\/product"}],"replies":[{"embeddable":true,"href":"https:\/\/aquasaf.com\/index.php\/wp-json\/wp\/v2\/comments?post=1369"}],"wp:featuredmedia":[{"embeddable":true,"href":"https:\/\/aquasaf.com\/index.php\/wp-json\/wp\/v2\/media\/1370"}],"wp:attachment":[{"href":"https:\/\/aquasaf.com\/index.php\/wp-json\/wp\/v2\/media?parent=1369"}],"wp:term":[{"taxonomy":"product_brand","embeddable":true,"href":"https:\/\/aquasaf.com\/index.php\/wp-json\/wp\/v2\/product_brand?post=1369"},{"taxonomy":"product_cat","embeddable":true,"href":"https:\/\/aquasaf.com\/index.php\/wp-json\/wp\/v2\/product_cat?post=1369"},{"taxonomy":"product_tag","embeddable":true,"href":"https:\/\/aquasaf.com\/index.php\/wp-json\/wp\/v2\/product_tag?post=1369"}],"curies":[{"name":"wp","href":"https:\/\/api.w.org\/{rel}","templated":true}]}}