{"id":1334,"date":"2025-01-09T19:54:15","date_gmt":"2025-01-09T19:54:15","guid":{"rendered":"https:\/\/aquasaf.com\/?post_type=product&#038;p=1334"},"modified":"2025-10-20T15:07:16","modified_gmt":"2025-10-20T15:07:16","slug":"sulfato-de-aluminio-tipo-a-granulado","status":"publish","type":"product","link":"https:\/\/aquasaf.com\/index.php\/producto\/sulfato-de-aluminio-tipo-a-granulado\/","title":{"rendered":"Sulfato de Aluminio Tipo A Granulado"},"content":{"rendered":"<p>Producto obtenido generalmente por la reacci\u00f3n entre el \u00e1cido sulf\u00farico y una<br \/>\nfuente rica en aluminio.<br \/>\nFORMULA: Al2 (SO4 ) 3 14 &#8211; 18 H2O.<br \/>\nESPECIFICACIONES:<br \/>\nAl2O3 m\u00ednimo 17.0%<br \/>\nHierro como Fe2O3,, m\u00e1x. 0.75%<br \/>\nMateria insoluble, m\u00e1x. 0.50%<br \/>\nBasicidad m\u00ednimo 0.05%<br \/>\nGRANULOMETRIA: Pasa 100% malla 4, M\u00e1ximo 10 % retiene malla 10, M\u00e1ximo<br \/>\n10 % pasa malla 100.<\/p>\n<p>PRESENTACI\u00d3N: Granulado, en bultos de 25 Kg. y 50 Kg.<br \/>\nUSOS DEL PRODUCTO: Este producto es utilizado para el tratamiento de aguas<br \/>\npotables, piscinas, en la fabricaci\u00f3n de detergentes, en la industria petrolera y<br \/>\ntratamiento de aguas residuales industriales.<br \/>\nALMACENAMIENTO: Por ser un producto higrosc\u00f3pico es empacado en sacos<br \/>\nde polipropileno con laminado interno. Debe ser almacenado en bodegas cerradas<br \/>\nsobre estibas pl\u00e1sticas o de madera.<br \/>\nPRECAUCIONES PARA EL USO Y SEGURIDAD: Para su manipulaci\u00f3n se<br \/>\nrequiere de equipo de protecci\u00f3n: M\u00e1scaras para polvos, gafas protectoras y<br \/>\nbuena ventilaci\u00f3n. No es un producto t\u00f3xico, pero puede producir leve irritaci\u00f3n<br \/>\nnasal, por tratarse de una sal \u00e1cida<\/p>\n","protected":false},"excerpt":{"rendered":"<div class=\"elementor-element elementor-element-2c227a36 elementor-widget__width-initial elementor-widget-tablet__width-inherit elementor-widget elementor-widget-woocommerce-product-short-description\" data-id=\"2c227a36\" data-element_type=\"widget\" data-widget_type=\"woocommerce-product-short-description.default\">\n<div class=\"elementor-widget-container\">\n<div class=\"woocommerce-product-details__short-description\">\n<p>Coagulante para todo tipo de aguas, preferiblemente para alcalinidades altas.<\/p>\n<\/div>\n<\/div>\n<\/div>\n<section class=\"elementor-section elementor-inner-section elementor-element elementor-element-2db494d4 elementor-section-boxed elementor-section-height-default elementor-section-height-default\" data-id=\"2db494d4\" data-element_type=\"section\">\n<div class=\"elementor-container elementor-column-gap-default\">\n<div class=\"elementor-column elementor-col-100 elementor-inner-column elementor-element elementor-element-71289dad\" data-id=\"71289dad\" data-element_type=\"column\">\n<div class=\"elementor-widget-wrap elementor-element-populated\">\n<div class=\"elementor-element elementor-element-40260eb9 elementor-woo-meta--view-table elementor-widget__width-initial elementor-widget-tablet__width-inherit elementor-widget elementor-widget-woocommerce-product-meta\" data-id=\"40260eb9\" data-element_type=\"widget\" data-widget_type=\"woocommerce-product-meta.default\">\n<div class=\"elementor-widget-container\">\n<div class=\"product_meta\"><\/div>\n<\/div>\n<\/div>\n<\/div>\n<\/div>\n<\/div>\n<\/section>\n","protected":false},"featured_media":1335,"comment_status":"open","ping_status":"closed","template":"","meta":{"om_disable_all_campaigns":false,"_monsterinsights_skip_tracking":false,"_monsterinsights_sitenote_active":false,"_monsterinsights_sitenote_note":"","_monsterinsights_sitenote_category":0,"site-sidebar-layout":"default","site-content-layout":"default","ast-main-header-display":"","ast-hfb-above-header-display":"","ast-hfb-below-header-display":"","ast-hfb-mobile-header-display":"","site-post-title":"","ast-breadcrumbs-content":"","ast-featured-img":"","footer-sml-layout":"","theme-transparent-header-meta":"default","adv-header-id-meta":"","stick-header-meta":"","header-above-stick-meta":"","header-main-stick-meta":"","header-below-stick-meta":""},"product_brand":[],"product_cat":[33],"product_tag":[],"class_list":{"0":"post-1334","1":"product","2":"type-product","3":"status-publish","4":"has-post-thumbnail","6":"product_cat-quimicos","8":"first","9":"instock","10":"shipping-taxable","11":"product-type-simple"},"aioseo_notices":[],"jetpack_sharing_enabled":true,"_links":{"self":[{"href":"https:\/\/aquasaf.com\/index.php\/wp-json\/wp\/v2\/product\/1334","targetHints":{"allow":["GET"]}}],"collection":[{"href":"https:\/\/aquasaf.com\/index.php\/wp-json\/wp\/v2\/product"}],"about":[{"href":"https:\/\/aquasaf.com\/index.php\/wp-json\/wp\/v2\/types\/product"}],"replies":[{"embeddable":true,"href":"https:\/\/aquasaf.com\/index.php\/wp-json\/wp\/v2\/comments?post=1334"}],"wp:featuredmedia":[{"embeddable":true,"href":"https:\/\/aquasaf.com\/index.php\/wp-json\/wp\/v2\/media\/1335"}],"wp:attachment":[{"href":"https:\/\/aquasaf.com\/index.php\/wp-json\/wp\/v2\/media?parent=1334"}],"wp:term":[{"taxonomy":"product_brand","embeddable":true,"href":"https:\/\/aquasaf.com\/index.php\/wp-json\/wp\/v2\/product_brand?post=1334"},{"taxonomy":"product_cat","embeddable":true,"href":"https:\/\/aquasaf.com\/index.php\/wp-json\/wp\/v2\/product_cat?post=1334"},{"taxonomy":"product_tag","embeddable":true,"href":"https:\/\/aquasaf.com\/index.php\/wp-json\/wp\/v2\/product_tag?post=1334"}],"curies":[{"name":"wp","href":"https:\/\/api.w.org\/{rel}","templated":true}]}}