{"id":1330,"date":"2025-01-09T19:34:18","date_gmt":"2025-01-09T19:34:18","guid":{"rendered":"https:\/\/aquasaf.com\/?post_type=product&#038;p=1330"},"modified":"2025-01-09T19:34:18","modified_gmt":"2025-01-09T19:34:18","slug":"aquafloc","status":"publish","type":"product","link":"https:\/\/aquasaf.com\/index.php\/producto\/aquafloc\/","title":{"rendered":"Aquafloc"},"content":{"rendered":"<p>CARACTERISTICAS:<br \/>\n\uf0b7 AQUAFLOC : Es un coagulante floculante l\u00edquido, color \u00e1mbar, miscible<br \/>\ncon agua, formulado en base a policlorosulfato b\u00e1sico de aluminio.<br \/>\n\uf0b7 AQUAFLOC Durante el proceso de coagulaci\u00f3n presenta un doble<br \/>\nmecanismo de acci\u00f3n; por un lado act\u00faa conforme al mecanismo cl\u00e1sico de<br \/>\nlos \u00abcoagulantes minerales\u00bb y por otro lado act\u00faa en forma semejante a los<br \/>\n\u00abpolielectrolitos org\u00e1nicos\u00bb produciendo de esta forma una interacci\u00f3n<br \/>\nmutua entre los pol\u00edmeros de aluminio y los coloides.<br \/>\n\uf0b7 AQUAFLOC Es un excelente coagulante y floculante en el tratamiento de<br \/>\naguas, hasta el punto que su eficacia floculante si se compara con otros<br \/>\nproductos que contengan la misma cantidad de Al2O3 es entre 1,5 y 2,0<br \/>\nveces mayor.<br \/>\n\uf0b7 AQUAFLOC Logra mayores velocidades de decantaci\u00f3n de los fl\u00f3culos,<br \/>\nlo que permite aumentar la capacidad de decantaci\u00f3n de los sistemas ya<br \/>\ninstalados o en su caso reducir el coste de las instalaciones nuevas para<br \/>\nuna misma capacidad de floculaci\u00f3n.<br \/>\n\uf0b7 AQUAFLOC posee una buena capacidad floculante, con la formaci\u00f3n de<br \/>\nfl\u00f3culos de tama\u00f1o considerable y uniforme, que decantan con mayor<br \/>\nrapidez dejando una turbiedad residual m\u00e1s baja que los tratamientos con<br \/>\nproductos con rangos similares de al\u00famina. Por lo tanto, evita exceso o<br \/>\nsobredosificaci\u00f3n e incremento en aluminio residual.<br \/>\n\uf0b7 AQUAFLOC debido a su mayor velocidad de sedimentaci\u00f3n genera un<br \/>\naumento en las carreras de filtraci\u00f3n.<br \/>\n\uf0b7 AQUAFLOC Puede ser empleado en un campo de pH comprendido entre<br \/>\n5 y 9.<br \/>\nAPLICACIONES:<br \/>\nAQUAFLOC puede ser empleado en todo tipo de aguas donde sea necesaria<br \/>\nuna floculaci\u00f3n r\u00e1pida y eficaz, como:<br \/>\n1. Aguas de piscinas: por sus excelentes cualidades en la floculaci\u00f3n directa<br \/>\ny r\u00e1pida, con formaci\u00f3n de fl\u00f3culos grandes f\u00e1ciles de eliminar por los<br \/>\nlimpiafondos.<br \/>\n2. Tratamiento de aguas superficiales: Para la obtenci\u00f3n de agua potable o<br \/>\nde uso industrial.<br \/>\n3. Tratamiento de aguas residuales industriales: Procedentes de industrias<br \/>\nsider\u00fargicas, papeleras, petroleras, alimentos, etc. para hacer posible su<br \/>\nposterior reciclaje.<br \/>\nESPECIFICACIONES:<br \/>\nAl2O3 9,5 % m\u00ednimo<br \/>\nDensidad 1,21 m\u00ednimo<br \/>\npH (100%) 2,5 \u2013 3.5<br \/>\nBasicidad \u2265 60%<br \/>\nPRESENTACI\u00d3N:<br \/>\nGracias a su presentaci\u00f3n en forma l\u00edquida, es m\u00e1s f\u00e1cil de manipular y de<br \/>\nemplear, pudiendo ser dosificado con sistemas autom\u00e1ticos de bombeo. Adem\u00e1s<br \/>\npuede ser despachado en tambores, isotanques o a granel.<br \/>\nBENEFICIOS:<br \/>\n\uf0b7 R\u00e1pida acci\u00f3n y fuerte poder de coagulaci\u00f3n y floculaci\u00f3n.<br \/>\n\uf0b7 Aplicable a cualquier tipo de agua<br \/>\n\uf0b7 Aplicable en un amplio campo de pH del agua.<br \/>\n\uf0b7 Eficacia independiente de la temperatura del agua.<br \/>\nPRECAUCIONES:<br \/>\n\uf0b7 Manipulaci\u00f3n: se requiere de gafas protectoras, guantes de Neopreno o<br \/>\npl\u00e1sticos, botas de caucho.<br \/>\n\uf0b7 En caso de contacto con los ojos: l\u00e1venlos inmediata y abundantemente<br \/>\ncon agua y ac\u00fadase a un m\u00e9dico.<br \/>\n\uf0b7 En caso de contacto con la piel: lavar inmediata y abundantemente con<br \/>\nagua.<\/p>\n","protected":false},"excerpt":{"rendered":"<div class=\"elementor-element elementor-element-2c227a36 elementor-widget__width-initial elementor-widget-tablet__width-inherit elementor-widget elementor-widget-woocommerce-product-short-description\" data-id=\"2c227a36\" data-element_type=\"widget\" data-widget_type=\"woocommerce-product-short-description.default\">\n<div class=\"elementor-widget-container\">\n<div class=\"woocommerce-product-details__short-description\">\n<p>Coagulante para todo tipo de aguas, no baja el pH del agua.<\/p>\n<\/div>\n<\/div>\n<\/div>\n<section class=\"elementor-section elementor-inner-section elementor-element elementor-element-2db494d4 elementor-section-boxed elementor-section-height-default elementor-section-height-default\" data-id=\"2db494d4\" data-element_type=\"section\">\n<div class=\"elementor-container elementor-column-gap-default\">\n<div class=\"elementor-column elementor-col-100 elementor-inner-column elementor-element elementor-element-71289dad\" data-id=\"71289dad\" data-element_type=\"column\">\n<div class=\"elementor-widget-wrap elementor-element-populated\">\n<div class=\"elementor-element elementor-element-40260eb9 elementor-woo-meta--view-table elementor-widget__width-initial elementor-widget-tablet__width-inherit elementor-widget elementor-widget-woocommerce-product-meta\" data-id=\"40260eb9\" data-element_type=\"widget\" data-widget_type=\"woocommerce-product-meta.default\">\n<div class=\"elementor-widget-container\">\n<div class=\"product_meta\"><\/div>\n<\/div>\n<\/div>\n<\/div>\n<\/div>\n<\/div>\n<\/section>\n","protected":false},"featured_media":1320,"comment_status":"open","ping_status":"closed","template":"","meta":{"om_disable_all_campaigns":false,"_monsterinsights_skip_tracking":false,"_monsterinsights_sitenote_active":false,"_monsterinsights_sitenote_note":"","_monsterinsights_sitenote_category":0,"site-sidebar-layout":"default","site-content-layout":"default","ast-main-header-display":"","ast-hfb-above-header-display":"","ast-hfb-below-header-display":"","ast-hfb-mobile-header-display":"","site-post-title":"","ast-breadcrumbs-content":"","ast-featured-img":"","footer-sml-layout":"","theme-transparent-header-meta":"default","adv-header-id-meta":"","stick-header-meta":"","header-above-stick-meta":"","header-main-stick-meta":"","header-below-stick-meta":""},"product_brand":[],"product_cat":[33],"product_tag":[],"class_list":{"0":"post-1330","1":"product","2":"type-product","3":"status-publish","4":"has-post-thumbnail","6":"product_cat-quimicos","8":"first","9":"instock","10":"shipping-taxable","11":"product-type-simple"},"aioseo_notices":[],"jetpack_sharing_enabled":true,"_links":{"self":[{"href":"https:\/\/aquasaf.com\/index.php\/wp-json\/wp\/v2\/product\/1330","targetHints":{"allow":["GET"]}}],"collection":[{"href":"https:\/\/aquasaf.com\/index.php\/wp-json\/wp\/v2\/product"}],"about":[{"href":"https:\/\/aquasaf.com\/index.php\/wp-json\/wp\/v2\/types\/product"}],"replies":[{"embeddable":true,"href":"https:\/\/aquasaf.com\/index.php\/wp-json\/wp\/v2\/comments?post=1330"}],"wp:featuredmedia":[{"embeddable":true,"href":"https:\/\/aquasaf.com\/index.php\/wp-json\/wp\/v2\/media\/1320"}],"wp:attachment":[{"href":"https:\/\/aquasaf.com\/index.php\/wp-json\/wp\/v2\/media?parent=1330"}],"wp:term":[{"taxonomy":"product_brand","embeddable":true,"href":"https:\/\/aquasaf.com\/index.php\/wp-json\/wp\/v2\/product_brand?post=1330"},{"taxonomy":"product_cat","embeddable":true,"href":"https:\/\/aquasaf.com\/index.php\/wp-json\/wp\/v2\/product_cat?post=1330"},{"taxonomy":"product_tag","embeddable":true,"href":"https:\/\/aquasaf.com\/index.php\/wp-json\/wp\/v2\/product_tag?post=1330"}],"curies":[{"name":"wp","href":"https:\/\/api.w.org\/{rel}","templated":true}]}}