{"id":1329,"date":"2025-01-09T19:30:50","date_gmt":"2025-01-09T19:30:50","guid":{"rendered":"https:\/\/aquasaf.com\/?post_type=product&#038;p=1329"},"modified":"2025-01-09T19:32:19","modified_gmt":"2025-01-09T19:32:19","slug":"polsulaqua","status":"publish","type":"product","link":"https:\/\/aquasaf.com\/index.php\/producto\/polsulaqua\/","title":{"rendered":"Polsulaqua"},"content":{"rendered":"<p>Es un producto l\u00edquido con contenido org\u00e1nico incorporado que se desempe\u00f1a<br \/>\nefectivamente como coagulante primario y floculante a su vez, para aguas tanto<br \/>\npotables como residuales.<br \/>\nTIPO: L\u00edquido cati\u00f3nico<br \/>\nESPECIFICACIONES:<br \/>\nContenido Activo 35 %<br \/>\nDensidad g\/ml 1.27 \u2013 1.30<br \/>\npH (100%) 0.5 \u2013 1.2<br \/>\nPRESENTACI\u00d3N: se despacha en isotanques, tambores pl\u00e1sticos, garrafas y a<br \/>\ngranel<br \/>\nUSOS DEL PRODUCTO: Se emplea como ayudante de floculaci\u00f3n en<br \/>\nclarificaci\u00f3n de tratamiento de aguas para consumo humano y residual, en<br \/>\ndomesticas e industriales donde se usan coagulantes primarios como el sulfato de<br \/>\naluminio. Se destaca en clarificaci\u00f3n por ser efectivo en condiciones de<br \/>\nturbiedades altas (por encima de 1000 NTU), a dosis bajas, sin disminuir caudal<br \/>\nde entrada en el tratamiento y trabaja a amplios rangos de pH, incrementa la<br \/>\nvelocidad de sedimentaci\u00f3n y reduce el aluminio residual.<br \/>\nCONDICIONES DE ALMACENAMIENTO: Se debe almacenar en tanques de fibra<br \/>\nde vidrio, polietileno, polipropileno, en garrafas, tambores y contenedores<br \/>\npl\u00e1sticos.<br \/>\nPRECAUCIONES PARA EL USO Y SEGURIDAD: Para su manipulaci\u00f3n se<br \/>\nrequiere de equipo de protecci\u00f3n., gafas protectoras, guantes de Neopreno o<br \/>\npl\u00e1sticos. No es un producto t\u00f3xico, pero el contacto prolongado puede producir<br \/>\nleve resequedad e irritaci\u00f3n en la piel y ojos por tratarse de un producto de<br \/>\ncar\u00e1cter acido.<\/p>\n","protected":false},"excerpt":{"rendered":"<div class=\"elementor-element elementor-element-2c227a36 elementor-widget__width-initial elementor-widget-tablet__width-inherit elementor-widget elementor-widget-woocommerce-product-short-description\" data-id=\"2c227a36\" data-element_type=\"widget\" data-widget_type=\"woocommerce-product-short-description.default\">\n<div class=\"elementor-widget-container\">\n<div class=\"woocommerce-product-details__short-description\">\n<p>Coagulante \u2013 floculante efectivo en bajas y altas turbiedades.<\/p>\n<\/div>\n<\/div>\n<\/div>\n<section class=\"elementor-section elementor-inner-section elementor-element elementor-element-2db494d4 elementor-section-boxed elementor-section-height-default elementor-section-height-default\" data-id=\"2db494d4\" data-element_type=\"section\">\n<div class=\"elementor-container elementor-column-gap-default\">\n<div class=\"elementor-column elementor-col-100 elementor-inner-column elementor-element elementor-element-71289dad\" data-id=\"71289dad\" data-element_type=\"column\">\n<div class=\"elementor-widget-wrap elementor-element-populated\">\n<div class=\"elementor-element elementor-element-40260eb9 elementor-woo-meta--view-table elementor-widget__width-initial elementor-widget-tablet__width-inherit elementor-widget elementor-widget-woocommerce-product-meta\" data-id=\"40260eb9\" data-element_type=\"widget\" data-widget_type=\"woocommerce-product-meta.default\">\n<div class=\"elementor-widget-container\">\n<div class=\"product_meta\"><\/div>\n<\/div>\n<\/div>\n<\/div>\n<\/div>\n<\/div>\n<\/section>\n","protected":false},"featured_media":1316,"comment_status":"open","ping_status":"closed","template":"","meta":{"om_disable_all_campaigns":false,"_monsterinsights_skip_tracking":false,"_monsterinsights_sitenote_active":false,"_monsterinsights_sitenote_note":"","_monsterinsights_sitenote_category":0,"site-sidebar-layout":"default","site-content-layout":"default","ast-main-header-display":"","ast-hfb-above-header-display":"","ast-hfb-below-header-display":"","ast-hfb-mobile-header-display":"","site-post-title":"","ast-breadcrumbs-content":"","ast-featured-img":"","footer-sml-layout":"","theme-transparent-header-meta":"default","adv-header-id-meta":"","stick-header-meta":"","header-above-stick-meta":"","header-main-stick-meta":"","header-below-stick-meta":""},"product_brand":[],"product_cat":[33],"product_tag":[],"class_list":{"0":"post-1329","1":"product","2":"type-product","3":"status-publish","4":"has-post-thumbnail","6":"product_cat-quimicos","8":"first","9":"instock","10":"shipping-taxable","11":"product-type-simple"},"aioseo_notices":[],"jetpack_sharing_enabled":true,"_links":{"self":[{"href":"https:\/\/aquasaf.com\/index.php\/wp-json\/wp\/v2\/product\/1329","targetHints":{"allow":["GET"]}}],"collection":[{"href":"https:\/\/aquasaf.com\/index.php\/wp-json\/wp\/v2\/product"}],"about":[{"href":"https:\/\/aquasaf.com\/index.php\/wp-json\/wp\/v2\/types\/product"}],"replies":[{"embeddable":true,"href":"https:\/\/aquasaf.com\/index.php\/wp-json\/wp\/v2\/comments?post=1329"}],"wp:featuredmedia":[{"embeddable":true,"href":"https:\/\/aquasaf.com\/index.php\/wp-json\/wp\/v2\/media\/1316"}],"wp:attachment":[{"href":"https:\/\/aquasaf.com\/index.php\/wp-json\/wp\/v2\/media?parent=1329"}],"wp:term":[{"taxonomy":"product_brand","embeddable":true,"href":"https:\/\/aquasaf.com\/index.php\/wp-json\/wp\/v2\/product_brand?post=1329"},{"taxonomy":"product_cat","embeddable":true,"href":"https:\/\/aquasaf.com\/index.php\/wp-json\/wp\/v2\/product_cat?post=1329"},{"taxonomy":"product_tag","embeddable":true,"href":"https:\/\/aquasaf.com\/index.php\/wp-json\/wp\/v2\/product_tag?post=1329"}],"curies":[{"name":"wp","href":"https:\/\/api.w.org\/{rel}","templated":true}]}}