{"id":1323,"date":"2025-01-09T19:18:15","date_gmt":"2025-01-09T19:18:15","guid":{"rendered":"https:\/\/aquasaf.com\/?post_type=product&#038;p=1323"},"modified":"2026-01-15T14:20:16","modified_gmt":"2026-01-15T14:20:16","slug":"mackenfloc-ii","status":"publish","type":"product","link":"https:\/\/aquasaf.com\/index.php\/producto\/mackenfloc-ii\/","title":{"rendered":"Mackenfloc II"},"content":{"rendered":"<div class=\"elementor-element elementor-element-2c227a36 elementor-widget__width-initial elementor-widget-tablet__width-inherit elementor-widget elementor-widget-woocommerce-product-short-description\" data-id=\"2c227a36\" data-element_type=\"widget\" data-widget_type=\"woocommerce-product-short-description.default\">\n<div class=\"elementor-widget-container\">\n<div class=\"woocommerce-product-details__short-description\">\n<p>CARACTERISTICAS:<br \/>\nMACKENFLOC II es un coagulante l\u00edquido, color \u00e1mbar oscuro, miscible con<br \/>\nagua, formulado con base en sales de hierro y aluminio.<br \/>\nMACKENFLOC II es un excelente coagulante en el tratamiento de aguas potables,<br \/>\nresiduales. Debido a su poder oxidante remueve materia org\u00e1nica, reduce la DBO,<br \/>\ncolor org\u00e1nico, metales pesados.<br \/>\nMACKENFLOC II logra mayores velocidades de decantaci\u00f3n, debido a la relaci\u00f3n<br \/>\nentre las sales de hierro y aluminio.<br \/>\nMACKENFLOC II posee una buena capacidad floculante, con la formaci\u00f3n de<br \/>\nfl\u00f3culos de tama\u00f1o considerable y uniforme, que decantan con mayor rapidez<br \/>\ndejando una turbiedad residual m\u00e1s baja que los tratamientos con productos con<br \/>\nrangos similares de al\u00famina.<br \/>\nMACKENFLOC II debido a su mayor velocidad de sedimentaci\u00f3n genera un<br \/>\naumento en las carreras de filtraci\u00f3n.<br \/>\nMACKENFLOC II Puede ser empleado en un campo de pH comprendido entre 5 y<br \/>\n9.<br \/>\nAPLICACIONES:<br \/>\nMACKENFLOC II puede ser empleado en todo tipo de aguas donde sea necesaria<br \/>\nuna floculaci\u00f3n r\u00e1pida y eficaz, como:<br \/>\n1. Tratamiento de aguas superficiales: Para la obtenci\u00f3n de agua potable o<br \/>\nde uso industrial.<br \/>\n2. Tratamiento de aguas residuales: Procedentes de industrias de alimentos,<br \/>\nsider\u00fargicas, papeleras, petroleras, industria de l\u00e1cteos, curtiembres, aguas<br \/>\ndom\u00e9sticas, etc. para hacer posible su posterior reciclaje o vertimiento.<br \/>\nESPECIFICACIONES:<br \/>\nContenido activo 25,0% m\u00edn.<br \/>\nDensidad 1,30 g\/ml m\u00edn.<br \/>\nApariencia marr\u00f3n oscuro<br \/>\nPRESENTACI\u00d3N:<br \/>\nMACKENFLOC II gracias a su presentaci\u00f3n en forma l\u00edquida, es m\u00e1s f\u00e1cil de<br \/>\nmanipular y de emplear, pudiendo ser dosificado con sistemas autom\u00e1ticos de<br \/>\nbombeo. Adem\u00e1s puede ser despachado en tambores por 250kg, en isotanques o<br \/>\na granel.<br \/>\nBENEFICIOS<br \/>\n\uf0b7 R\u00e1pida acci\u00f3n y fuerte poder de coagulaci\u00f3n y floculaci\u00f3n.<br \/>\n\uf0b7 Aplicable a cualquier tipo de agua<br \/>\n\uf0b7 Aplicable en un amplio campo de pH del agua.<br \/>\n\uf0b7 Eficaz en aguas con altos contenidos de materia org\u00e1nica.<br \/>\nPRECAUCIONES:<br \/>\n\uf0b7 Manipulaci\u00f3n: se requiere de gafas protectoras, guantes de Neopreno o<br \/>\npl\u00e1sticos, botas de caucho.<br \/>\n\uf0b7 En caso de contacto con los ojos: l\u00e1venlos inmediata y abundantemente<br \/>\ncon agua y ac\u00fadase a un m\u00e9dico.<br \/>\n\uf0b7 En caso de contacto con la piel: lavar inmediata y abundantemente con<br \/>\nagua.<\/p>\n<\/div>\n<\/div>\n<\/div>\n<section class=\"elementor-section elementor-inner-section elementor-element elementor-element-2db494d4 elementor-section-boxed elementor-section-height-default elementor-section-height-default\" data-id=\"2db494d4\" data-element_type=\"section\">\n<div class=\"elementor-container elementor-column-gap-default\">\n<div class=\"elementor-column elementor-col-100 elementor-inner-column elementor-element elementor-element-71289dad\" data-id=\"71289dad\" data-element_type=\"column\">\n<div class=\"elementor-widget-wrap elementor-element-populated\">\n<div class=\"elementor-element elementor-element-40260eb9 elementor-woo-meta--view-table elementor-widget__width-initial elementor-widget-tablet__width-inherit elementor-widget elementor-widget-woocommerce-product-meta\" data-id=\"40260eb9\" data-element_type=\"widget\" data-widget_type=\"woocommerce-product-meta.default\">\n<div class=\"elementor-widget-container\">\n<div class=\"product_meta\"><\/div>\n<\/div>\n<\/div>\n<\/div>\n<\/div>\n<\/div>\n<\/section>\n","protected":false},"excerpt":{"rendered":"<div class=\"elementor-element elementor-element-2c227a36 elementor-widget__width-initial elementor-widget-tablet__width-inherit elementor-widget elementor-widget-woocommerce-product-short-description\" data-id=\"2c227a36\" data-element_type=\"widget\" data-widget_type=\"woocommerce-product-short-description.default\">\n<div class=\"elementor-widget-container\">\n<div class=\"woocommerce-product-details__short-description\">\n<p>Coagulante para todo tipo de aguas, no baja el pH del agua.<\/p>\n<\/div>\n<\/div>\n<\/div>\n<section class=\"elementor-section elementor-inner-section elementor-element elementor-element-2db494d4 elementor-section-boxed elementor-section-height-default elementor-section-height-default\" data-id=\"2db494d4\" data-element_type=\"section\">\n<div class=\"elementor-container elementor-column-gap-default\">\n<div class=\"elementor-column elementor-col-100 elementor-inner-column elementor-element elementor-element-71289dad\" data-id=\"71289dad\" data-element_type=\"column\">\n<div class=\"elementor-widget-wrap elementor-element-populated\">\n<div class=\"elementor-element elementor-element-40260eb9 elementor-woo-meta--view-table elementor-widget__width-initial elementor-widget-tablet__width-inherit elementor-widget elementor-widget-woocommerce-product-meta\" data-id=\"40260eb9\" data-element_type=\"widget\" data-widget_type=\"woocommerce-product-meta.default\">\n<div class=\"elementor-widget-container\">\n<div class=\"product_meta\"><\/div>\n<\/div>\n<\/div>\n<\/div>\n<\/div>\n<\/div>\n<\/section>\n","protected":false},"featured_media":1316,"comment_status":"open","ping_status":"closed","template":"","meta":{"om_disable_all_campaigns":false,"_monsterinsights_skip_tracking":false,"_monsterinsights_sitenote_active":false,"_monsterinsights_sitenote_note":"","_monsterinsights_sitenote_category":0,"site-sidebar-layout":"default","site-content-layout":"default","ast-main-header-display":"","ast-hfb-above-header-display":"","ast-hfb-below-header-display":"","ast-hfb-mobile-header-display":"","site-post-title":"","ast-breadcrumbs-content":"","ast-featured-img":"","footer-sml-layout":"","theme-transparent-header-meta":"default","adv-header-id-meta":"","stick-header-meta":"","header-above-stick-meta":"","header-main-stick-meta":"","header-below-stick-meta":""},"product_brand":[],"product_cat":[33],"product_tag":[],"class_list":{"0":"post-1323","1":"product","2":"type-product","3":"status-publish","4":"has-post-thumbnail","6":"product_cat-quimicos","8":"first","9":"instock","10":"shipping-taxable","11":"product-type-simple"},"aioseo_notices":[],"jetpack_sharing_enabled":true,"_links":{"self":[{"href":"https:\/\/aquasaf.com\/index.php\/wp-json\/wp\/v2\/product\/1323","targetHints":{"allow":["GET"]}}],"collection":[{"href":"https:\/\/aquasaf.com\/index.php\/wp-json\/wp\/v2\/product"}],"about":[{"href":"https:\/\/aquasaf.com\/index.php\/wp-json\/wp\/v2\/types\/product"}],"replies":[{"embeddable":true,"href":"https:\/\/aquasaf.com\/index.php\/wp-json\/wp\/v2\/comments?post=1323"}],"wp:featuredmedia":[{"embeddable":true,"href":"https:\/\/aquasaf.com\/index.php\/wp-json\/wp\/v2\/media\/1316"}],"wp:attachment":[{"href":"https:\/\/aquasaf.com\/index.php\/wp-json\/wp\/v2\/media?parent=1323"}],"wp:term":[{"taxonomy":"product_brand","embeddable":true,"href":"https:\/\/aquasaf.com\/index.php\/wp-json\/wp\/v2\/product_brand?post=1323"},{"taxonomy":"product_cat","embeddable":true,"href":"https:\/\/aquasaf.com\/index.php\/wp-json\/wp\/v2\/product_cat?post=1323"},{"taxonomy":"product_tag","embeddable":true,"href":"https:\/\/aquasaf.com\/index.php\/wp-json\/wp\/v2\/product_tag?post=1323"}],"curies":[{"name":"wp","href":"https:\/\/api.w.org\/{rel}","templated":true}]}}