{"id":1322,"date":"2025-01-09T19:16:38","date_gmt":"2025-01-09T19:16:38","guid":{"rendered":"https:\/\/aquasaf.com\/?post_type=product&#038;p=1322"},"modified":"2025-01-09T19:19:28","modified_gmt":"2025-01-09T19:19:28","slug":"mackenfloc-i","status":"publish","type":"product","link":"https:\/\/aquasaf.com\/index.php\/producto\/mackenfloc-i\/","title":{"rendered":"Mackenfloc I"},"content":{"rendered":"<p>CARACTERISTICAS:<br \/>\n\uf0b7 MACKENFLOC es un coagulante l\u00edquido, color \u00e1mbar oscuro, miscible con<br \/>\nagua, formulado con base en sales de hierro y aluminio.<br \/>\n\uf0b7 MACKENFLOC Es un excelente coagulante en el tratamiento de aguas<br \/>\npotables, residuales. Debido a su poder oxidante remueve materia org\u00e1nica,<br \/>\nreduce la DBO, color org\u00e1nico, metales pesados.<br \/>\n\uf0b7 MACKENFLOC logra mayores velocidades de decantaci\u00f3n, debido a la<br \/>\nrelaci\u00f3n entre las sales de hierro y aluminio.<br \/>\n\uf0b7 MACKENFLOC posee una buena capacidad floculante, con la formaci\u00f3n de<br \/>\nfl\u00f3culos de tama\u00f1o considerable y uniforme, que decantan con mayor rapidez<br \/>\ndejando una turbiedad residual m\u00e1s baja que los tratamientos con productos<br \/>\ncon rangos similares de al\u00famina.<br \/>\n\uf0b7 MACKENFLOC debido a su mayor velocidad de sedimentaci\u00f3n genera un<br \/>\naumento en las carreras de filtraci\u00f3n.<br \/>\n\uf0b7 MACKENFLOC Puede ser empleado en un campo de pH comprendido entre 5<br \/>\ny 9.<br \/>\nAPLICACIONES:<br \/>\nMACKENFLOC puede ser empleado en todo tipo de aguas donde sea necesaria<br \/>\nuna floculaci\u00f3n r\u00e1pida y eficaz, como:<br \/>\n1. Tratamiento de aguas superficiales: Para la obtenci\u00f3n de agua potable o<br \/>\nde uso industrial.<br \/>\n2. Tratamiento de aguas residuales: Procedentes de industrias de alimentos,<br \/>\nsider\u00fargicas, papeleras, petroleras, industria de l\u00e1cteos, curtiembres,<br \/>\naguas dom\u00e9sticas, etc. para hacer posible su posterior reciclaje o<br \/>\nvertimiento.<br \/>\nESPECIFICACIONES:<br \/>\nContenido Activo 10 % m\u00edn.<br \/>\nDensidad (30\u00b0C) 1,30 m\u00edn.<br \/>\nApariencia Marr\u00f3n oscuro<br \/>\nPRESENTACI\u00d3N:<br \/>\nMACKENFLOC gracias a su presentaci\u00f3n en forma l\u00edquida, es m\u00e1s f\u00e1cil de<br \/>\nmanipular y de emplear, pudiendo ser dosificado con sistemas autom\u00e1ticos de<br \/>\nbombeo. Adem\u00e1s puede ser despachado en tambores por 250kg, en isotanques<br \/>\no a granel.<br \/>\nBENEFICIOS<br \/>\n\uf0b7 R\u00e1pida acci\u00f3n y fuerte poder de coagulaci\u00f3n y floculaci\u00f3n.<br \/>\n\uf0b7 Aplicable a cualquier tipo de agua<br \/>\n\uf0b7 Aplicable en un amplio campo de pH del agua.<br \/>\n\uf0b7 Eficaz en aguas con altos contenidos de materia org\u00e1nica.<br \/>\nPRECAUCIONES:<br \/>\n\uf0b7 Manipulaci\u00f3n: se requiere de gafas protectoras, guantes de Neopreno o<br \/>\npl\u00e1sticos, botas de caucho.<br \/>\n\uf0b7 En caso de contacto con los ojos: l\u00e1venlos inmediata y abundantemente<br \/>\ncon agua y ac\u00fadase a un m\u00e9dico.<br \/>\n\uf0b7 En caso de contacto con la piel: lavar inmediata y abundantemente con<br \/>\nagua.<\/p>\n","protected":false},"excerpt":{"rendered":"<p>Coagulante para todo tipo de aguas.<\/p>\n<p>&nbsp;<\/p>\n","protected":false},"featured_media":1316,"comment_status":"open","ping_status":"closed","template":"","meta":{"om_disable_all_campaigns":false,"_monsterinsights_skip_tracking":false,"_monsterinsights_sitenote_active":false,"_monsterinsights_sitenote_note":"","_monsterinsights_sitenote_category":0,"site-sidebar-layout":"default","site-content-layout":"default","ast-main-header-display":"","ast-hfb-above-header-display":"","ast-hfb-below-header-display":"","ast-hfb-mobile-header-display":"","site-post-title":"","ast-breadcrumbs-content":"","ast-featured-img":"","footer-sml-layout":"","theme-transparent-header-meta":"default","adv-header-id-meta":"","stick-header-meta":"","header-above-stick-meta":"","header-main-stick-meta":"","header-below-stick-meta":""},"product_brand":[],"product_cat":[33],"product_tag":[],"class_list":{"0":"post-1322","1":"product","2":"type-product","3":"status-publish","4":"has-post-thumbnail","6":"product_cat-quimicos","8":"first","9":"instock","10":"shipping-taxable","11":"product-type-simple"},"aioseo_notices":[],"jetpack_sharing_enabled":true,"_links":{"self":[{"href":"https:\/\/aquasaf.com\/index.php\/wp-json\/wp\/v2\/product\/1322","targetHints":{"allow":["GET"]}}],"collection":[{"href":"https:\/\/aquasaf.com\/index.php\/wp-json\/wp\/v2\/product"}],"about":[{"href":"https:\/\/aquasaf.com\/index.php\/wp-json\/wp\/v2\/types\/product"}],"replies":[{"embeddable":true,"href":"https:\/\/aquasaf.com\/index.php\/wp-json\/wp\/v2\/comments?post=1322"}],"wp:featuredmedia":[{"embeddable":true,"href":"https:\/\/aquasaf.com\/index.php\/wp-json\/wp\/v2\/media\/1316"}],"wp:attachment":[{"href":"https:\/\/aquasaf.com\/index.php\/wp-json\/wp\/v2\/media?parent=1322"}],"wp:term":[{"taxonomy":"product_brand","embeddable":true,"href":"https:\/\/aquasaf.com\/index.php\/wp-json\/wp\/v2\/product_brand?post=1322"},{"taxonomy":"product_cat","embeddable":true,"href":"https:\/\/aquasaf.com\/index.php\/wp-json\/wp\/v2\/product_cat?post=1322"},{"taxonomy":"product_tag","embeddable":true,"href":"https:\/\/aquasaf.com\/index.php\/wp-json\/wp\/v2\/product_tag?post=1322"}],"curies":[{"name":"wp","href":"https:\/\/api.w.org\/{rel}","templated":true}]}}