{"id":1315,"date":"2025-01-09T17:55:33","date_gmt":"2025-01-09T17:55:33","guid":{"rendered":"https:\/\/aquasaf.com\/?post_type=product&#038;p=1315"},"modified":"2025-01-09T17:57:19","modified_gmt":"2025-01-09T17:57:19","slug":"bioaqua","status":"publish","type":"product","link":"https:\/\/aquasaf.com\/index.php\/producto\/bioaqua\/","title":{"rendered":"Bioaqua"},"content":{"rendered":"<p>CARACTERISTICAS:<\/p>\n<p>BIOAQUA es un coagulante-floculante l\u00edquido, color marr\u00f3n oscuro, miscible con agua, formulado con base en sales inorg\u00e1nicas y org\u00e1nicas.<\/p>\n<p>BIOAQUA es un rompedor inverso, adecuado para separar aceite del agua requerido en procesos industriales, lodos generados en la industria petrolera y en el tratamiento de aguas residuales.<\/p>\n<p>BIOAQUA debido a su poder oxidante remueve materia org\u00e1nica, reduce la DBO, color org\u00e1nico, \u00e1cidos grasos y metales pesados.<\/p>\n<p>BIOAQUA logra mayores velocidades de decantaci\u00f3n, debido a la relaci\u00f3n entre las sales inorg\u00e1nicas y de polielectrolito.<\/p>\n<p>BIOAQUA posee una buena capacidad floculante, con la formaci\u00f3n de fl\u00f3culos de tama\u00f1o considerable y uniforme, que decantan con mayor rapidez clarificando de forma eficaz.<\/p>\n<p>BIOAQUA se desempe\u00f1a eficazmente en un amplio intervalo de pH (entre 5-9) y tanto a temperatura baja como altas. Dosificaciones altas no afectan el pH.<\/p>\n<p>BIOAQUA puede aplicarse puro o en soluciones diluidas entre 10-30%.<\/p>\n<p>APLICACIONES:<\/p>\n<p>BIOAQUA puede ser empleado en tratamientos y procesos donde sea necesaria una floculaci\u00f3n r\u00e1pida y eficaz, como: 1. Tratamiento de aguas superficiales: Para la obtenci\u00f3n de agua potable o de uso industrial. 2. Tratamiento de aguas residuales: Procedentes de industrias de alimentos, sider\u00fargicas, papeleras, petroleras, industria de l\u00e1cteos, curtiembres, aguas dom\u00e9sticas, etc. para hacer posible su posterior reciclaje o vertimiento. 3. Procesos industriales: industrias de alimentos, aceites, popeleras, petroleras, refinaciones, etc.<\/p>\n","protected":false},"excerpt":{"rendered":"<p>Coagulante \u2013 floculante efectivo en bajas y altas turbiedades.<\/p>\n<p>&nbsp;<\/p>\n","protected":false},"featured_media":1316,"comment_status":"open","ping_status":"closed","template":"","meta":{"om_disable_all_campaigns":false,"_monsterinsights_skip_tracking":false,"_monsterinsights_sitenote_active":false,"_monsterinsights_sitenote_note":"","_monsterinsights_sitenote_category":0,"site-sidebar-layout":"default","site-content-layout":"default","ast-main-header-display":"","ast-hfb-above-header-display":"","ast-hfb-below-header-display":"","ast-hfb-mobile-header-display":"","site-post-title":"","ast-breadcrumbs-content":"","ast-featured-img":"","footer-sml-layout":"","theme-transparent-header-meta":"default","adv-header-id-meta":"","stick-header-meta":"","header-above-stick-meta":"","header-main-stick-meta":"","header-below-stick-meta":""},"product_brand":[],"product_cat":[33],"product_tag":[],"class_list":{"0":"post-1315","1":"product","2":"type-product","3":"status-publish","4":"has-post-thumbnail","6":"product_cat-quimicos","8":"first","9":"instock","10":"shipping-taxable","11":"product-type-simple"},"aioseo_notices":[],"jetpack_sharing_enabled":true,"_links":{"self":[{"href":"https:\/\/aquasaf.com\/index.php\/wp-json\/wp\/v2\/product\/1315","targetHints":{"allow":["GET"]}}],"collection":[{"href":"https:\/\/aquasaf.com\/index.php\/wp-json\/wp\/v2\/product"}],"about":[{"href":"https:\/\/aquasaf.com\/index.php\/wp-json\/wp\/v2\/types\/product"}],"replies":[{"embeddable":true,"href":"https:\/\/aquasaf.com\/index.php\/wp-json\/wp\/v2\/comments?post=1315"}],"wp:featuredmedia":[{"embeddable":true,"href":"https:\/\/aquasaf.com\/index.php\/wp-json\/wp\/v2\/media\/1316"}],"wp:attachment":[{"href":"https:\/\/aquasaf.com\/index.php\/wp-json\/wp\/v2\/media?parent=1315"}],"wp:term":[{"taxonomy":"product_brand","embeddable":true,"href":"https:\/\/aquasaf.com\/index.php\/wp-json\/wp\/v2\/product_brand?post=1315"},{"taxonomy":"product_cat","embeddable":true,"href":"https:\/\/aquasaf.com\/index.php\/wp-json\/wp\/v2\/product_cat?post=1315"},{"taxonomy":"product_tag","embeddable":true,"href":"https:\/\/aquasaf.com\/index.php\/wp-json\/wp\/v2\/product_tag?post=1315"}],"curies":[{"name":"wp","href":"https:\/\/api.w.org\/{rel}","templated":true}]}}