{"id":1162,"date":"2025-01-07T20:13:01","date_gmt":"2025-01-07T20:13:01","guid":{"rendered":"https:\/\/aquasaf.com\/?post_type=product&#038;p=1162"},"modified":"2025-10-20T15:14:33","modified_gmt":"2025-10-20T15:14:33","slug":"arena-silice-20-30","status":"publish","type":"product","link":"https:\/\/aquasaf.com\/index.php\/producto\/arena-silice-20-30\/","title":{"rendered":"Arena Silice 20-30"},"content":{"rendered":"<p>Arena Silice 20-30\u00a0Tama\u00f1o efectivo: 0.5mm<\/p>\n","protected":false},"excerpt":{"rendered":"<div id=\"comp-lx2axe6f\" class=\"HcOXKn c9GqVL QxJLC3 lq2cno YQcXTT comp-lx2axe6f wixui-rich-text\" data-testid=\"richTextElement\">\n<p class=\"font_8 wixui-rich-text__text\"><span class=\"wixui-rich-text__text\">Nuestra arena s\u00edlice, obtenida de minas de s\u00edlice en Colombia, se compone de granos duros, duraderos y densos, predominantemente de material sil\u00edceo. Cumple con la norma AWWA B100-80 y es resistente al manejo y al uso. Esta arena lavada, visiblemente limpia de material arcilloso, es ideal como medio filtrante para la purificaci\u00f3n de aguas en piscinas y acuarios.\u00a0<\/span><\/p>\n<\/div>\n<div id=\"comp-lx2ayp86\" class=\"HcOXKn c9GqVL QxJLC3 lq2cno YQcXTT comp-lx2ayp86 wixui-rich-text\" data-testid=\"richTextElement\">\n<p class=\"font_8 wixui-rich-text__text\"><span class=\"wixui-rich-text__text\">Adem\u00e1s, se utiliza en sandblasting, canchas sint\u00e9ticas y como materia prima para vidrios. Est\u00e1 disponible para la venta en Bogot\u00e1 y Medell\u00edn, en bultos de diferentes tama\u00f1os, con precios competitivos. Si te preguntas para qu\u00e9 sirve la arena s\u00edlice, es un componente esencial en la construcci\u00f3n de filtros para piscinas y en sistemas de purificaci\u00f3n de agua.\u00a0<\/span><\/p>\n<\/div>\n","protected":false},"featured_media":1163,"comment_status":"open","ping_status":"closed","template":"","meta":{"om_disable_all_campaigns":false,"_monsterinsights_skip_tracking":false,"_monsterinsights_sitenote_active":false,"_monsterinsights_sitenote_note":"","_monsterinsights_sitenote_category":0,"site-sidebar-layout":"default","site-content-layout":"default","ast-main-header-display":"","ast-hfb-above-header-display":"","ast-hfb-below-header-display":"","ast-hfb-mobile-header-display":"","site-post-title":"","ast-breadcrumbs-content":"","ast-featured-img":"","footer-sml-layout":"","theme-transparent-header-meta":"default","adv-header-id-meta":"","stick-header-meta":"","header-above-stick-meta":"","header-main-stick-meta":"","header-below-stick-meta":""},"product_brand":[],"product_cat":[24],"product_tag":[],"class_list":{"0":"post-1162","1":"product","2":"type-product","3":"status-publish","4":"has-post-thumbnail","6":"product_cat-lechos-filtrantes","8":"first","9":"instock","10":"shipping-taxable","11":"purchasable","12":"product-type-simple"},"aioseo_notices":[],"jetpack_sharing_enabled":true,"_links":{"self":[{"href":"https:\/\/aquasaf.com\/index.php\/wp-json\/wp\/v2\/product\/1162","targetHints":{"allow":["GET"]}}],"collection":[{"href":"https:\/\/aquasaf.com\/index.php\/wp-json\/wp\/v2\/product"}],"about":[{"href":"https:\/\/aquasaf.com\/index.php\/wp-json\/wp\/v2\/types\/product"}],"replies":[{"embeddable":true,"href":"https:\/\/aquasaf.com\/index.php\/wp-json\/wp\/v2\/comments?post=1162"}],"wp:featuredmedia":[{"embeddable":true,"href":"https:\/\/aquasaf.com\/index.php\/wp-json\/wp\/v2\/media\/1163"}],"wp:attachment":[{"href":"https:\/\/aquasaf.com\/index.php\/wp-json\/wp\/v2\/media?parent=1162"}],"wp:term":[{"taxonomy":"product_brand","embeddable":true,"href":"https:\/\/aquasaf.com\/index.php\/wp-json\/wp\/v2\/product_brand?post=1162"},{"taxonomy":"product_cat","embeddable":true,"href":"https:\/\/aquasaf.com\/index.php\/wp-json\/wp\/v2\/product_cat?post=1162"},{"taxonomy":"product_tag","embeddable":true,"href":"https:\/\/aquasaf.com\/index.php\/wp-json\/wp\/v2\/product_tag?post=1162"}],"curies":[{"name":"wp","href":"https:\/\/api.w.org\/{rel}","templated":true}]}}