{"id":1155,"date":"2025-01-07T18:55:22","date_gmt":"2025-01-07T18:55:22","guid":{"rendered":"https:\/\/aquasaf.com\/?post_type=product&#038;p=1155"},"modified":"2025-10-20T15:14:33","modified_gmt":"2025-10-20T15:14:33","slug":"grava-2-1-1-2-grava-2-pulgadas","status":"publish","type":"product","link":"https:\/\/aquasaf.com\/index.php\/producto\/grava-2-1-1-2-grava-2-pulgadas\/","title":{"rendered":"Grava 2&#8243;-1 1\/2 | Grava 2 pulgadas"},"content":{"rendered":"<div id=\"comp-lx3nt0qi5\" class=\"HcOXKn c9GqVL QxJLC3 lq2cno YQcXTT comp-lx3nt0qi5 wixui-rich-text\" data-testid=\"richTextElement\">\n<p>Grava Silice 2&#8243;-1 1\/2 Tama\u00f1o efectivo 38mm-50mm<\/p>\n<\/div>\n<div id=\"comp-lx3nt0qj4\" class=\"HcOXKn c9GqVL QxJLC3 lq2cno YQcXTT comp-lx3nt0qj4 wixui-rich-text\" data-testid=\"richTextElement\">\n<div id=\"comp-lx3nt0qi5\" class=\"HcOXKn c9GqVL QxJLC3 lq2cno YQcXTT comp-lx3nt0qi5 wixui-rich-text\" data-testid=\"richTextElement\">\n<h6 class=\"font_0 wixui-rich-text__text\"><\/h6>\n<\/div>\n<\/div>\n","protected":false},"excerpt":{"rendered":"<div id=\"comp-lx3nt0qi5\" class=\"HcOXKn c9GqVL QxJLC3 lq2cno YQcXTT comp-lx3nt0qi5 wixui-rich-text\" data-testid=\"richTextElement\">\n<h6 class=\"font_0 wixui-rich-text__text\"><span class=\"wixui-rich-text__text\">GRAVAS S\u00cdLICES<\/span><\/h6>\n<\/div>\n<div id=\"comp-lx3nt0qi12\" class=\"HcOXKn c9GqVL QxJLC3 lq2cno YQcXTT comp-lx3nt0qi12 wixui-rich-text\" data-testid=\"richTextElement\">\n<p class=\"font_8 wixui-rich-text__text\"><span class=\"wixui-rich-text__text\">Nuestras gravas, provenientes de dep\u00f3sitos de canto rodado, son ideales para filtros de material sil\u00edceo de cualquier tama\u00f1o. Ofrecen buena resistencia y dureza, con aristas redondeadas. Son gravas lavadas, visiblemente libres de material arcilloso, laminado e impurezas org\u00e1nicas, cumpliendo con las condiciones exigidas por la norma AWWA B100-80.<\/span><\/p>\n<\/div>\n<div id=\"comp-lx3nt0qj4\" class=\"HcOXKn c9GqVL QxJLC3 lq2cno YQcXTT comp-lx3nt0qj4 wixui-rich-text\" data-testid=\"richTextElement\">\n<p class=\"font_8 wixui-rich-text__text\"><span class=\"wixui-rich-text__text\">\u00bfPara Qu\u00e9 Sirven Nuestras Gravas?<\/span><\/p>\n<p class=\"font_8 wixui-rich-text__text\"><span class=\"wixui-rich-text__text\">Las gravas se utilizan principalmente como medios filtrantes en sistemas de purificaci\u00f3n de agua, en pozos y acuarios. Tambi\u00e9n son ideales para proyectos de decoraci\u00f3n y dise\u00f1o, ofreciendo una soluci\u00f3n est\u00e9tica y funcional.<\/span><\/p>\n<\/div>\n","protected":false},"featured_media":1156,"comment_status":"open","ping_status":"closed","template":"","meta":{"om_disable_all_campaigns":false,"_monsterinsights_skip_tracking":false,"_monsterinsights_sitenote_active":false,"_monsterinsights_sitenote_note":"","_monsterinsights_sitenote_category":0,"site-sidebar-layout":"default","site-content-layout":"default","ast-main-header-display":"","ast-hfb-above-header-display":"","ast-hfb-below-header-display":"","ast-hfb-mobile-header-display":"","site-post-title":"","ast-breadcrumbs-content":"","ast-featured-img":"","footer-sml-layout":"","theme-transparent-header-meta":"default","adv-header-id-meta":"","stick-header-meta":"","header-above-stick-meta":"","header-main-stick-meta":"","header-below-stick-meta":""},"product_brand":[],"product_cat":[24],"product_tag":[],"class_list":{"0":"post-1155","1":"product","2":"type-product","3":"status-publish","4":"has-post-thumbnail","6":"product_cat-lechos-filtrantes","8":"first","9":"instock","10":"shipping-taxable","11":"purchasable","12":"product-type-simple"},"aioseo_notices":[],"jetpack_sharing_enabled":true,"_links":{"self":[{"href":"https:\/\/aquasaf.com\/index.php\/wp-json\/wp\/v2\/product\/1155","targetHints":{"allow":["GET"]}}],"collection":[{"href":"https:\/\/aquasaf.com\/index.php\/wp-json\/wp\/v2\/product"}],"about":[{"href":"https:\/\/aquasaf.com\/index.php\/wp-json\/wp\/v2\/types\/product"}],"replies":[{"embeddable":true,"href":"https:\/\/aquasaf.com\/index.php\/wp-json\/wp\/v2\/comments?post=1155"}],"wp:featuredmedia":[{"embeddable":true,"href":"https:\/\/aquasaf.com\/index.php\/wp-json\/wp\/v2\/media\/1156"}],"wp:attachment":[{"href":"https:\/\/aquasaf.com\/index.php\/wp-json\/wp\/v2\/media?parent=1155"}],"wp:term":[{"taxonomy":"product_brand","embeddable":true,"href":"https:\/\/aquasaf.com\/index.php\/wp-json\/wp\/v2\/product_brand?post=1155"},{"taxonomy":"product_cat","embeddable":true,"href":"https:\/\/aquasaf.com\/index.php\/wp-json\/wp\/v2\/product_cat?post=1155"},{"taxonomy":"product_tag","embeddable":true,"href":"https:\/\/aquasaf.com\/index.php\/wp-json\/wp\/v2\/product_tag?post=1155"}],"curies":[{"name":"wp","href":"https:\/\/api.w.org\/{rel}","templated":true}]}}