{"id":1054,"date":"2024-12-18T21:26:54","date_gmt":"2024-12-18T21:26:54","guid":{"rendered":"https:\/\/aquasaf.com\/?post_type=product&#038;p=1054"},"modified":"2025-10-20T15:14:33","modified_gmt":"2025-10-20T15:14:33","slug":"cristalin-plus-x-4-kg-exento","status":"publish","type":"product","link":"https:\/\/aquasaf.com\/index.php\/producto\/cristalin-plus-x-4-kg-exento\/","title":{"rendered":"Cristalin Plus x 4 Kg Exento"},"content":{"rendered":"<div id=\"vbid-34fdbabb-dacgoueu\" class=\"master item-box  gallery-box style-34fdbabb-qydl2gvw    button-effects btn_hover3 visible-section\" data-holder-type=\"gallery\" data-child-type=\"STYLE\" data-styleid=\"style-34fdbabb-qydl2gvw\" data-preview-styleid=\"style-34fdbabb-qydl2gvw\" data-preset-type-id=\"TEXT_BLOCK\">\n<div class=\"gallery-wrapper item-wrapper text_block-wrapper \">\n<div class=\"sub container style-34fdbabb-qydl2gvw content flex   \" data-itemtype=\"folder\" data-creator=\"\" data-itemname=\"LOADING Copy\" data-itemslug=\"loading-copy\" data-itemstyleid=\"style-34fdbabb-qydl2gvw\" data-margintop=\"\" data-arranger=\"flex\" data-layout=\"multi\" data-vbid=\"vbid-34fdbabb-dacgoueu\" data-preset-type-id=\"TEXT_BLOCK\" data-preview-style=\"style-34fdbabb-qydl2gvw\" data-style=\"style-4e411-j0xhjgzynh\" data-absolute-path=\"\" data-slide-effect=\"SLIDE\" data-interval-id=\"8\">\n<div id=\"children\">\n<div id=\"items-holder-wrapper\">\n<div id=\"items-holder\">\n<div id=\"vbid-34fdbabb-g9cq5mwb\" class=\"sub item-box  page-box style-34fdbabb-qydl2gvw           slide-1 play-effect\" data-holder-type=\"page\" data-child-type=\"SLIDE\" data-styleid=\"style-34fdbabb-qydl2gvw\" data-preview-styleid=\"style-34fdbabb-qydl2gvw\" data-preset-type-id=\"UNRESOLVED\" data-page-num=\"1\" data-visible=\"visible\">\n<div class=\"page-wrapper item-wrapper \">\n<div class=\"item-content leaf multi_layout page content -container\" data-self=\"vbid-34fdbabb-g9cq5mwb\" data-preview-style=\"style-34fdbabb-qydl2gvw\" data-style=\"style-4e411-yq39oaomol\" data-orig-thumb-height=\"\" data-orig-thumb-width=\"\" data-vbid=\"vbid-34fdbabb-g9cq5mwb\" data-bgimg=\"\">\n<div class=\"multi-container preview image-cover\">\n<div class=\"Picture item-preview\">\n<div class=\"preview-image-holder\">\n<div class=\"helper-div middle-center\">\n<div class=\"text-side shrinker-parent\">\n<div class=\"vertical-aligner\">\n<div class=\"item-details preview-content-wrapper  multi\">\n<div class=\"preview-content-holder shrinker-content\">\n<div class=\"preview-title-holder removable-parent order-handle\">\n<h2 id=\"vbid-34fdbabb-qirs2om5\" class=\"preview-element preview-title magic-circle-holder inner-page text-element quick-text-style-menu   allow-mobile-hide\" data-menu-name=\"PREVIEW_TITLE\" data-orig-font-size=\"30\">Instrucciones de uso y aplicaciones:<\/h2>\n<\/div>\n<div class=\"preview-divider-holder removable-parent order-handle\">\n<div id=\"vbid-34fdbabb-wj1ebtsa\" class=\"preview-element preview-divider magic-circle-holder quick-text-style-menu\" data-menu-name=\"PREVIEW_DIVIDER\"><strong>Nota:<\/strong>\u00a0Se recomienda hacer las verificaciones de los par\u00e1metros necesarios (Ph, Cloro, alcalinidad, dureza, estabilizante, etc.) con los equipos especializados de medici\u00f3n visual y digital marca DR.Pool.<\/div>\n<\/div>\n<\/div>\n<\/div>\n<\/div>\n<\/div>\n<\/div>\n<\/div>\n<\/div>\n<\/div>\n<\/div>\n<\/div>\n<\/div>\n<\/div>\n<\/div>\n<\/div>\n<\/div>\n<\/div>\n<\/div>\n<div id=\"vbid-34fdbabb-qgg1s3cb\" class=\"master item-box  gallery-box style-34fdbabb-rg1vrbk1 visible-section\" data-holder-type=\"gallery\" data-child-type=\"NATIVE_ORDER\" data-styleid=\"style-34fdbabb-rg1vrbk1\" data-preview-styleid=\"style-34fdbabb-rg1vrbk1\" data-preset-type-id=\"FEATURES\">\n<div id=\"no-image\" class=\"stripe-background load-high-res \">Para uso correctivo<\/div>\n<div class=\"stripe-background load-high-res \">Seguir las siguientes instrucciones si su piscina o spa presenta algas y\/u hongos visibles, o para el arranque de su piscina.<\/div>\n<div class=\"gallery-wrapper item-wrapper features-wrapper \">\n<div class=\"sub container style-34fdbabb-rg1vrbk1 content matrix   \" data-itemtype=\"folder\" data-creator=\"\" data-itemname=\"LOADING\" data-itemslug=\"loading\" data-itemstyleid=\"style-34fdbabb-rg1vrbk1\" data-margintop=\"\" data-arranger=\"matrix\" data-layout=\"multi\" data-vbid=\"vbid-34fdbabb-qgg1s3cb\" data-preset-type-id=\"FEATURES\" data-preview-style=\"style-34fdbabb-rg1vrbk1\" data-style=\"style-f2783-7himpqznhz\" data-absolute-path=\"\">\n<div id=\"children\">\n<div class=\"stripe-header-wrapper\">\n<div id=\"vbid-34fdbabb-ne8ytgvk\" class=\"stripe-header sub item-box page-box style-34fdbabb-rg1vrbk1       \" data-holder-type=\"page\" data-child-type=\"STYLE\" data-styleid=\"style-34fdbabb-rg1vrbk1\" data-preview-styleid=\"style-34fdbabb-rg1vrbk1\" data-preset-type-id=\"UNRESOLVED\">\n<div class=\"page-wrapper item-wrapper \">\n<div class=\"item-content leaf blocks_layout page content\" data-self=\"vbid-34fdbabb-ne8ytgvk\" data-preview-style=\"style-34fdbabb-rg1vrbk1\" data-style=\"style-f2783-7himpqznhz\" data-orig-thumb-height=\"\" data-orig-thumb-width=\"\" data-vbid=\"vbid-34fdbabb-ne8ytgvk\" data-bgimg=\"\">\n<div class=\"helper-div middle\">\n<div class=\"text-side \">\n<div class=\"vertical-aligner\">\n<div class=\"item-details blocks-preview-content-wrapper  blocks shrinker-parent\">\n<div class=\"blocks-preview-content-holder shrinker-content\">1.Realice proceso de supercloraci\u00f3n con LINEA CLORIDEX Aquachlor 70% si el nivel de \u00e1cido cian\u00farico se encuentra alto, o con LINEA CLORIDEX Super Choque si la dureza c\u00e1lcica se encuentra alta (seguir instrucciones en etiquetas).<\/div>\n<\/div>\n<\/div>\n<\/div>\n<\/div>\n<\/div>\n<\/div>\n<\/div>\n<\/div>\n<div id=\"items-holder-wrapper\">\n<div id=\"items-holder\">\n<div id=\"vbid-34fdbabb-gr7c9rkj\" class=\"sub item-box  page-box style-34fdbabb-rg1vrbk1 left-side top-side\" data-holder-type=\"page\" data-child-type=\"STYLE\" data-styleid=\"style-34fdbabb-rg1vrbk1\" data-preview-styleid=\"style-34fdbabb-rg1vrbk1\" data-preset-type-id=\"UNRESOLVED\" data-row=\"1\">\n<div class=\"page-wrapper item-wrapper \">\n<div class=\"item-content leaf multi_layout page content -container\" data-self=\"vbid-34fdbabb-gr7c9rkj\" data-preview-style=\"style-34fdbabb-rg1vrbk1\" data-style=\"style-f2783-oogpxtqvka\" data-orig-thumb-height=\"\" data-orig-thumb-width=\"\" data-vbid=\"vbid-34fdbabb-gr7c9rkj\" data-bgimg=\"\">\n<div class=\"multi-container preview image-cover\">\n<div class=\"Picture item-preview\">\n<div class=\"preview-image-holder\">\n<div class=\"helper-div middle-center\">\n<div class=\"text-side shrinker-parent\">\n<div class=\"vertical-aligner\">\n<div class=\"item-details preview-content-wrapper  multi\">\n<div class=\"preview-content-holder shrinker-content\">\n<div class=\"preview-form order-handle\">2.Cepille paredes y pisos con un cepillo adecuado para el material de la superficie.<\/div>\n<\/div>\n<\/div>\n<\/div>\n<\/div>\n<\/div>\n<\/div>\n<\/div>\n<\/div>\n<\/div>\n<\/div>\n<\/div>\n<div id=\"vbid-34fdbabb-rmyquvha\" class=\"sub item-box  page-box style-34fdbabb-rg1vrbk1 top-side\" data-holder-type=\"page\" data-child-type=\"STYLE\" data-styleid=\"style-34fdbabb-rg1vrbk1\" data-preview-styleid=\"style-34fdbabb-rg1vrbk1\" data-preset-type-id=\"UNRESOLVED\" data-row=\"1\">\n<div class=\"page-wrapper item-wrapper \">\n<div class=\"item-content leaf multi_layout page content -container\" data-self=\"vbid-34fdbabb-rmyquvha\" data-preview-style=\"style-34fdbabb-rg1vrbk1\" data-style=\"style-f2783-oogpxtqvka\" data-orig-thumb-height=\"\" data-orig-thumb-width=\"\" data-vbid=\"vbid-34fdbabb-rmyquvha\" data-bgimg=\"\">\n<div class=\"multi-container preview image-cover\">\n<div class=\"Picture item-preview\">\n<div class=\"preview-image-holder\">\n<div class=\"helper-div middle-center\">\n<div class=\"text-side shrinker-parent\">\n<div class=\"vertical-aligner\">\n<div class=\"item-details preview-content-wrapper  multi\">\n<div class=\"preview-content-holder shrinker-content\">\n<div class=\"preview-form order-handle\">3.Aspire los residuos del cepillado y retrolave el filtro.<\/div>\n<\/div>\n<\/div>\n<\/div>\n<\/div>\n<\/div>\n<\/div>\n<\/div>\n<\/div>\n<\/div>\n<\/div>\n<\/div>\n<div id=\"vbid-34fdbabb-rmsnajyl\" class=\"sub item-box  page-box style-34fdbabb-rg1vrbk1 top-side\" data-holder-type=\"page\" data-child-type=\"STYLE\" data-styleid=\"style-34fdbabb-rg1vrbk1\" data-preview-styleid=\"style-34fdbabb-rg1vrbk1\" data-preset-type-id=\"UNRESOLVED\" data-row=\"1\">\n<div class=\"page-wrapper item-wrapper \">\n<div class=\"item-content leaf multi_layout page content -container\" data-self=\"vbid-34fdbabb-rmsnajyl\" data-preview-style=\"style-34fdbabb-rg1vrbk1\" data-style=\"style-f2783-oogpxtqvka\" data-orig-thumb-height=\"\" data-orig-thumb-width=\"\" data-vbid=\"vbid-34fdbabb-rmsnajyl\" data-bgimg=\"\">\n<div class=\"multi-container preview image-cover\">\n<div class=\"Picture item-preview\">\n<div class=\"preview-image-holder\">\n<div class=\"helper-div middle-center\">\n<div class=\"text-side shrinker-parent\">\n<div class=\"vertical-aligner\">\n<div class=\"item-details preview-content-wrapper  multi\">\n<div class=\"preview-content-holder shrinker-content\">\n<div class=\"preview-form order-handle\">4.Verifique el valor del pH y ajuste al rango ideal (7.2 a 7.6) de ser necesario. Use LINEA CLORIDEX Reductor pH \u2013 si esta por arriba de 7.6 o LINEA CLORIDEX CORRECTR PH + si se encuentra por debajo de 7.2 de acuerdo con instrucciones en la etiqueta.<\/div>\n<\/div>\n<\/div>\n<\/div>\n<\/div>\n<\/div>\n<\/div>\n<\/div>\n<\/div>\n<\/div>\n<\/div>\n<\/div>\n<div id=\"vbid-34fdbabb-hpdcupvl\" class=\"sub item-box  page-box style-34fdbabb-rg1vrbk1 right-side top-side\" data-holder-type=\"page\" data-child-type=\"STYLE\" data-styleid=\"style-34fdbabb-rg1vrbk1\" data-preview-styleid=\"style-34fdbabb-rg1vrbk1\" data-preset-type-id=\"UNRESOLVED\" data-row=\"1\">\n<div class=\"page-wrapper item-wrapper \">\n<div class=\"item-content leaf multi_layout page content -container\" data-self=\"vbid-34fdbabb-hpdcupvl\" data-preview-style=\"style-34fdbabb-rg1vrbk1\" data-style=\"style-f2783-oogpxtqvka\" data-orig-thumb-height=\"\" data-orig-thumb-width=\"\" data-vbid=\"vbid-34fdbabb-hpdcupvl\" data-bgimg=\"\">\n<div class=\"multi-container preview image-cover\">\n<div class=\"Picture item-preview\">\n<div class=\"preview-image-holder\">\n<div class=\"helper-div middle-center\">\n<div class=\"text-side shrinker-parent\">\n<div class=\"vertical-aligner\">\n<div class=\"item-details preview-content-wrapper  multi\">\n<div class=\"preview-content-holder shrinker-content\">\n<div class=\"preview-form order-handle\">5.Verifique que el nivel de cloro libre entre 1 y 3 ppm.<\/div>\n<\/div>\n<\/div>\n<\/div>\n<\/div>\n<\/div>\n<\/div>\n<\/div>\n<\/div>\n<\/div>\n<\/div>\n<\/div>\n<div id=\"vbid-34fdbabb-apbzlnbd\" class=\"sub item-box  page-box style-34fdbabb-rg1vrbk1 left-side bottom-side\" data-holder-type=\"page\" data-child-type=\"STYLE\" data-styleid=\"style-34fdbabb-rg1vrbk1\" data-preview-styleid=\"style-34fdbabb-rg1vrbk1\" data-preset-type-id=\"UNRESOLVED\" data-row=\"2\">\n<div class=\"page-wrapper item-wrapper \">\n<div class=\"item-content leaf multi_layout page content -container\" data-self=\"vbid-34fdbabb-apbzlnbd\" data-preview-style=\"style-34fdbabb-rg1vrbk1\" data-style=\"style-f2783-oogpxtqvka\" data-orig-thumb-height=\"\" data-orig-thumb-width=\"\" data-vbid=\"vbid-34fdbabb-apbzlnbd\" data-bgimg=\"\">\n<div class=\"multi-container preview image-cover\">\n<div class=\"Picture item-preview\">\n<div class=\"preview-image-holder\">\n<div class=\"helper-div middle-center\">\n<div class=\"text-side shrinker-parent\">\n<div class=\"vertical-aligner\">\n<div class=\"item-details preview-content-wrapper  multi\">\n<div class=\"preview-content-holder shrinker-content\">\n<div class=\"preview-form order-handle\">6.Aplique 10-18 ml por m\u00b3 de L\u00cdNEA CLORIDEX Algicida Plus con la bomba encendida y el filtro en posici\u00f3n de recirculaci\u00f3n y permita homogenizaci\u00f3n durante 1 hora.<\/div>\n<div class=\"preview-form order-handle\">7.Encienda la bomba con el filtro en posici\u00f3n de recirculaci\u00f3n durante m\u00ednimo 1 hora para homogenizar.<\/div>\n<\/div>\n<\/div>\n<\/div>\n<\/div>\n<\/div>\n<\/div>\n<\/div>\n<\/div>\n<\/div>\n<\/div>\n<\/div>\n<\/div>\n<\/div>\n<\/div>\n<\/div>\n<\/div>\n<\/div>\n","protected":false},"excerpt":{"rendered":"<p>4kg<\/p>\n<p>Alguicida de amplio espectro compatible con todos los protocolos de desinfecci\u00f3n, incluyendo sistemas de cloraci\u00f3n salina. Funciona en un amplio rango de Ph, no produce espuma y ayuda a eliminar la turbidez del agua, ya que aumenta el tama\u00f1o de las part\u00edculas peque\u00f1as que le quitan claridad al agua y permite que estas sean retenidas en el filtro.<\/p>\n<p><strong>Caracter\u00edsticas<\/strong><\/p>\n<ul>\n<li>Agua cristalina y libre de algas<\/li>\n<li>Compatible con todos los desinfectantes<\/li>\n<li>Aplicaci\u00f3n semanal<\/li>\n<\/ul>\n","protected":false},"featured_media":1055,"comment_status":"open","ping_status":"closed","template":"","meta":{"om_disable_all_campaigns":false,"_monsterinsights_skip_tracking":false,"_monsterinsights_sitenote_active":false,"_monsterinsights_sitenote_note":"","_monsterinsights_sitenote_category":0,"site-sidebar-layout":"default","site-content-layout":"default","ast-main-header-display":"","ast-hfb-above-header-display":"","ast-hfb-below-header-display":"","ast-hfb-mobile-header-display":"","site-post-title":"","ast-breadcrumbs-content":"","ast-featured-img":"","footer-sml-layout":"","theme-transparent-header-meta":"default","adv-header-id-meta":"","stick-header-meta":"","header-above-stick-meta":"","header-main-stick-meta":"","header-below-stick-meta":""},"product_brand":[],"product_cat":[33],"product_tag":[],"class_list":{"0":"post-1054","1":"product","2":"type-product","3":"status-publish","4":"has-post-thumbnail","6":"product_cat-quimicos","8":"first","9":"instock","10":"shipping-taxable","11":"purchasable","12":"product-type-simple"},"aioseo_notices":[],"jetpack_sharing_enabled":true,"_links":{"self":[{"href":"https:\/\/aquasaf.com\/index.php\/wp-json\/wp\/v2\/product\/1054","targetHints":{"allow":["GET"]}}],"collection":[{"href":"https:\/\/aquasaf.com\/index.php\/wp-json\/wp\/v2\/product"}],"about":[{"href":"https:\/\/aquasaf.com\/index.php\/wp-json\/wp\/v2\/types\/product"}],"replies":[{"embeddable":true,"href":"https:\/\/aquasaf.com\/index.php\/wp-json\/wp\/v2\/comments?post=1054"}],"wp:featuredmedia":[{"embeddable":true,"href":"https:\/\/aquasaf.com\/index.php\/wp-json\/wp\/v2\/media\/1055"}],"wp:attachment":[{"href":"https:\/\/aquasaf.com\/index.php\/wp-json\/wp\/v2\/media?parent=1054"}],"wp:term":[{"taxonomy":"product_brand","embeddable":true,"href":"https:\/\/aquasaf.com\/index.php\/wp-json\/wp\/v2\/product_brand?post=1054"},{"taxonomy":"product_cat","embeddable":true,"href":"https:\/\/aquasaf.com\/index.php\/wp-json\/wp\/v2\/product_cat?post=1054"},{"taxonomy":"product_tag","embeddable":true,"href":"https:\/\/aquasaf.com\/index.php\/wp-json\/wp\/v2\/product_tag?post=1054"}],"curies":[{"name":"wp","href":"https:\/\/api.w.org\/{rel}","templated":true}]}}