{"id":1050,"date":"2024-12-18T21:18:11","date_gmt":"2024-12-18T21:18:11","guid":{"rendered":"https:\/\/aquasaf.com\/?post_type=product&#038;p=1050"},"modified":"2025-10-20T15:14:33","modified_gmt":"2025-10-20T15:14:33","slug":"clarit-plus-x-5-kg","status":"publish","type":"product","link":"https:\/\/aquasaf.com\/index.php\/producto\/clarit-plus-x-5-kg\/","title":{"rendered":"Clarit Plus x 5 Kg"},"content":{"rendered":"<div class=\"stripe-header-wrapper\">\n<div id=\"vbid-bffd70b8-xyacgez3\" class=\"stripe-header sub item-box page-box style-bffd70b8-osl034hb       \" data-holder-type=\"page\" data-child-type=\"STYLE\" data-styleid=\"style-bffd70b8-osl034hb\" data-preview-styleid=\"style-bffd70b8-osl034hb\" data-preset-type-id=\"UNRESOLVED\">\n<div class=\"page-wrapper item-wrapper \">\n<div class=\"item-content leaf blocks_layout page content\" data-self=\"vbid-bffd70b8-xyacgez3\" data-preview-style=\"style-bffd70b8-osl034hb\" data-style=\"style-f2783-7himpqznhz\" data-orig-thumb-height=\"\" data-orig-thumb-width=\"\" data-vbid=\"vbid-bffd70b8-xyacgez3\" data-bgimg=\"\">\n<div class=\"helper-div middle\">\n<div class=\"text-side \">\n<div class=\"vertical-aligner\">\n<div class=\"item-details blocks-preview-content-wrapper  blocks shrinker-parent\">\n<div class=\"blocks-preview-content-holder shrinker-content\">\n<div class=\"blocks-preview-title-holder removable-parent order-handle\">\n<h2 data-menu-name=\"BLOCKS_PREVIEW_TITLE\" data-orig-font-size=\"30\">5 KG<\/h2>\n<h2 id=\"vbid-bffd70b8-2zwknyal\" class=\"preview-element blocks-preview-title magic-circle-holder inner-page text-element quick-text-style-menu   allow-mobile-hide\" data-menu-name=\"BLOCKS_PREVIEW_TITLE\" data-orig-font-size=\"30\">Instrucciones de uso y aplicaciones:<\/h2>\n<\/div>\n<div class=\"blocks-preview-divider-holder removable-parent order-handle\">\n<div id=\"vbid-bffd70b8-fbyhjklt\" class=\"preview-element blocks-preview-divider magic-circle-holder quick-text-style-menu\" data-menu-name=\"BLOCKS_PREVIEW_DIVIDER\"><strong>Nota:<\/strong>\u00a0Se recomienda hacer las verificaciones de los par\u00e1metros necesarios (pH, cloro, alcalinidad. Dureza, estabilizante, etc.) con los equipos especializados Dr.Pool.<\/div>\n<\/div>\n<\/div>\n<\/div>\n<\/div>\n<\/div>\n<\/div>\n<\/div>\n<\/div>\n<\/div>\n<\/div>\n<div id=\"items-holder-wrapper\">\n<div id=\"items-holder\">\n<div id=\"vbid-bffd70b8-whtefakn\" class=\"sub item-box  page-box style-bffd70b8-osl034hb left-side top-side\" data-holder-type=\"page\" data-child-type=\"STYLE\" data-styleid=\"style-bffd70b8-osl034hb\" data-preview-styleid=\"style-bffd70b8-osl034hb\" data-preset-type-id=\"UNRESOLVED\" data-row=\"1\">\n<div class=\"page-wrapper item-wrapper \">\n<div class=\"item-content leaf multi_layout page content -container\" data-self=\"vbid-bffd70b8-whtefakn\" data-preview-style=\"style-bffd70b8-osl034hb\" data-style=\"style-f2783-oogpxtqvka\" data-orig-thumb-height=\"\" data-orig-thumb-width=\"\" data-vbid=\"vbid-bffd70b8-whtefakn\" data-bgimg=\"\">\n<div class=\"multi-container preview image-cover\">\n<div class=\"Picture item-preview\">\n<div class=\"preview-image-holder\">\n<div id=\"no-image\" class=\"background-image-div preview-element image-source magic-circle-holder unfold-left load-high-res\" data-menu-name=\"BACKGROUND_IMAGE\">1.Retrolave el filtro de acuerdo con las instrucciones del fabricante, limpie la trampa de cabello y verifique el buen funcionamiento de la aspiradora.<\/div>\n<div class=\"helper-div middle-center\">\n<div class=\"text-side shrinker-parent\">\n<div class=\"vertical-aligner\">\n<div class=\"item-details preview-content-wrapper  multi\">\n<div class=\"preview-content-holder shrinker-content\">\n<div class=\"preview-form order-handle\">2.Suba el nivel de agua de la piscina hasta el borde superior.<\/div>\n<\/div>\n<\/div>\n<\/div>\n<\/div>\n<\/div>\n<\/div>\n<\/div>\n<\/div>\n<\/div>\n<\/div>\n<\/div>\n<div id=\"vbid-bffd70b8-qchzqwvh\" class=\"sub item-box  page-box style-bffd70b8-osl034hb top-side\" data-holder-type=\"page\" data-child-type=\"STYLE\" data-styleid=\"style-bffd70b8-osl034hb\" data-preview-styleid=\"style-bffd70b8-osl034hb\" data-preset-type-id=\"UNRESOLVED\" data-row=\"1\">\n<div class=\"page-wrapper item-wrapper \">\n<div class=\"item-content leaf multi_layout page content -container\" data-self=\"vbid-bffd70b8-qchzqwvh\" data-preview-style=\"style-bffd70b8-osl034hb\" data-style=\"style-f2783-oogpxtqvka\" data-orig-thumb-height=\"\" data-orig-thumb-width=\"\" data-vbid=\"vbid-bffd70b8-qchzqwvh\" data-bgimg=\"\">\n<div class=\"multi-container preview image-cover\">\n<div class=\"Picture item-preview\">\n<div class=\"preview-image-holder\">\n<div class=\"helper-div middle-center\">\n<div class=\"text-side shrinker-parent\">\n<div class=\"vertical-aligner\">\n<div class=\"item-details preview-content-wrapper  multi\">\n<div class=\"preview-content-holder shrinker-content\">\n<div class=\"preview-form order-handle\">3.Realice el proceso de supercloracion con L\u00cdNEA CLORIDEX Aquachlor 70% si el nivel de \u00e1cido cian\u00farico se encuentra alto, o con L\u00cdNEA CLORIDEX Super Choque si la dureza c\u00e1lcica se encuentra alta (seguir instrucciones en etiquetas).<\/div>\n<\/div>\n<\/div>\n<\/div>\n<\/div>\n<\/div>\n<\/div>\n<\/div>\n<\/div>\n<\/div>\n<\/div>\n<\/div>\n<div id=\"vbid-bffd70b8-clwxbkiu\" class=\"sub item-box  page-box style-bffd70b8-osl034hb top-side\" data-holder-type=\"page\" data-child-type=\"STYLE\" data-styleid=\"style-bffd70b8-osl034hb\" data-preview-styleid=\"style-bffd70b8-osl034hb\" data-preset-type-id=\"UNRESOLVED\" data-row=\"1\">\n<div class=\"page-wrapper item-wrapper \">\n<div class=\"item-content leaf multi_layout page content -container\" data-self=\"vbid-bffd70b8-clwxbkiu\" data-preview-style=\"style-bffd70b8-osl034hb\" data-style=\"style-f2783-oogpxtqvka\" data-orig-thumb-height=\"\" data-orig-thumb-width=\"\" data-vbid=\"vbid-bffd70b8-clwxbkiu\" data-bgimg=\"\">\n<div class=\"multi-container preview image-cover\">\n<div class=\"Picture item-preview\">\n<div class=\"preview-image-holder\">\n<div class=\"helper-div middle-center\">\n<div class=\"text-side shrinker-parent\">\n<div class=\"vertical-aligner\">\n<div class=\"item-details preview-content-wrapper  multi\">\n<div class=\"preview-content-holder shrinker-content\">\n<div class=\"preview-form order-handle\">4.Eleve el pH por encima de 8 usando L\u00cdNEA CLORIDEX Corrector pH 6 o L\u00cdNEA CLORIDEX pH + l\u00edquido de acuerdo con las instrucciones de la etiqueta.<\/div>\n<\/div>\n<\/div>\n<\/div>\n<\/div>\n<\/div>\n<\/div>\n<\/div>\n<\/div>\n<\/div>\n<\/div>\n<\/div>\n<div id=\"vbid-bffd70b8-e6lw5sat\" class=\"sub item-box  page-box style-bffd70b8-osl034hb right-side top-side\" data-holder-type=\"page\" data-child-type=\"STYLE\" data-styleid=\"style-bffd70b8-osl034hb\" data-preview-styleid=\"style-bffd70b8-osl034hb\" data-preset-type-id=\"UNRESOLVED\" data-row=\"1\">\n<div class=\"page-wrapper item-wrapper \">\n<div class=\"item-content leaf multi_layout page content -container\" data-self=\"vbid-bffd70b8-e6lw5sat\" data-preview-style=\"style-bffd70b8-osl034hb\" data-style=\"style-f2783-oogpxtqvka\" data-orig-thumb-height=\"\" data-orig-thumb-width=\"\" data-vbid=\"vbid-bffd70b8-e6lw5sat\" data-bgimg=\"\">\n<div class=\"multi-container preview image-cover\">\n<div class=\"Picture item-preview\">\n<div class=\"preview-image-holder\">\n<div class=\"helper-div middle-center\">\n<div class=\"text-side shrinker-parent\">\n<div class=\"vertical-aligner\">\n<div class=\"item-details preview-content-wrapper  multi\">\n<div class=\"preview-content-holder shrinker-content\">\n<div class=\"preview-form order-handle\">5.Dosifique L\u00cdNEA CLORIDEX Clarifican-T Tradicional por todo el contorno de la piscina seg\u00fan la situaci\u00f3n y recircule por 1 hora par homogenizar el producto: SUCIEDAD LIGERA: 2-3 ml por m\u00b3 SUCIEDAD MEDIA: 5-10 ml por m\u00b3 SUCIEDAD EXCESIVA: 10-15 ml por m\u00b3<\/div>\n<\/div>\n<\/div>\n<\/div>\n<\/div>\n<\/div>\n<\/div>\n<\/div>\n<\/div>\n<\/div>\n<\/div>\n<\/div>\n<div id=\"vbid-6d14b811-6jjimcpc\" class=\"sub item-box  page-box style-bffd70b8-osl034hb left-side bottom-side\" data-holder-type=\"page\" data-child-type=\"STYLE\" data-styleid=\"style-bffd70b8-osl034hb\" data-preview-styleid=\"style-bffd70b8-osl034hb\" data-preset-type-id=\"UNRESOLVED\" data-row=\"2\">\n<div class=\"page-wrapper item-wrapper \">\n<div class=\"item-content leaf multi_layout page content -container\" data-self=\"vbid-6d14b811-6jjimcpc\" data-preview-style=\"style-bffd70b8-osl034hb\" data-style=\"style-f2783-oogpxtqvka\" data-orig-thumb-height=\"\" data-orig-thumb-width=\"\" data-vbid=\"vbid-6d14b811-6jjimcpc\" data-bgimg=\"\">\n<div class=\"multi-container preview image-cover\">\n<div class=\"Picture item-preview\">\n<div class=\"preview-image-holder\">\n<div class=\"helper-div middle-center\">\n<div class=\"text-side shrinker-parent\">\n<div class=\"vertical-aligner\">\n<div class=\"item-details preview-content-wrapper  multi\">\n<div class=\"preview-content-holder shrinker-content\">\n<div class=\"preview-form order-handle\">6.Espere de 6 a 8 horas que todas las part\u00edculas contaminantes se sedimenten en el fondo.<\/div>\n<\/div>\n<\/div>\n<\/div>\n<\/div>\n<\/div>\n<\/div>\n<\/div>\n<\/div>\n<\/div>\n<\/div>\n<\/div>\n<div id=\"vbid-95ec5c41-1ju3inbk\" class=\"sub item-box  page-box style-bffd70b8-osl034hb bottom-side\" data-holder-type=\"page\" data-child-type=\"STYLE\" data-styleid=\"style-bffd70b8-osl034hb\" data-preview-styleid=\"style-bffd70b8-osl034hb\" data-preset-type-id=\"UNRESOLVED\" data-row=\"2\">\n<div class=\"page-wrapper item-wrapper \">\n<div class=\"item-content leaf multi_layout page content -container\" data-self=\"vbid-95ec5c41-1ju3inbk\" data-preview-style=\"style-bffd70b8-osl034hb\" data-style=\"style-f2783-oogpxtqvka\" data-orig-thumb-height=\"\" data-orig-thumb-width=\"\" data-vbid=\"vbid-95ec5c41-1ju3inbk\" data-bgimg=\"\">\n<div class=\"multi-container preview image-cover\">\n<div class=\"Picture item-preview\">\n<div class=\"preview-image-holder\">\n<div class=\"helper-div middle-center\">\n<div class=\"text-side shrinker-parent\">\n<div class=\"vertical-aligner\">\n<div class=\"item-details preview-content-wrapper  multi\">\n<div class=\"preview-content-holder shrinker-content\">\n<div class=\"preview-form order-handle\">7.Aspire lentamente sin pasar por el filtro el sedimento formado. Este proceso se debe hacer antes de que el son incida directamente te sobre la piscina.<\/div>\n<\/div>\n<\/div>\n<\/div>\n<\/div>\n<\/div>\n<\/div>\n<\/div>\n<\/div>\n<\/div>\n<\/div>\n<\/div>\n<\/div>\n<\/div>\n","protected":false},"excerpt":{"rendered":"<p>Es un producto dise\u00f1ado especialmente para aguas recreativas para llevar a cabo procesos de coagulaci\u00f3n-floculaci\u00f3n, donde part\u00edculas microsc\u00f3picas que generen turbidez y consumo de desinfectante se juntan para formar part\u00edculas de mayor tama\u00f1o que se sedimentan en el piso y pueden aspirarse.<\/p>\n","protected":false},"featured_media":1051,"comment_status":"open","ping_status":"closed","template":"","meta":{"om_disable_all_campaigns":false,"_monsterinsights_skip_tracking":false,"_monsterinsights_sitenote_active":false,"_monsterinsights_sitenote_note":"","_monsterinsights_sitenote_category":0,"site-sidebar-layout":"default","site-content-layout":"default","ast-main-header-display":"","ast-hfb-above-header-display":"","ast-hfb-below-header-display":"","ast-hfb-mobile-header-display":"","site-post-title":"","ast-breadcrumbs-content":"","ast-featured-img":"","footer-sml-layout":"","theme-transparent-header-meta":"default","adv-header-id-meta":"","stick-header-meta":"","header-above-stick-meta":"","header-main-stick-meta":"","header-below-stick-meta":""},"product_brand":[],"product_cat":[33],"product_tag":[],"class_list":{"0":"post-1050","1":"product","2":"type-product","3":"status-publish","4":"has-post-thumbnail","6":"product_cat-quimicos","8":"first","9":"instock","10":"shipping-taxable","11":"purchasable","12":"product-type-simple"},"aioseo_notices":[],"jetpack_sharing_enabled":true,"_links":{"self":[{"href":"https:\/\/aquasaf.com\/index.php\/wp-json\/wp\/v2\/product\/1050","targetHints":{"allow":["GET"]}}],"collection":[{"href":"https:\/\/aquasaf.com\/index.php\/wp-json\/wp\/v2\/product"}],"about":[{"href":"https:\/\/aquasaf.com\/index.php\/wp-json\/wp\/v2\/types\/product"}],"replies":[{"embeddable":true,"href":"https:\/\/aquasaf.com\/index.php\/wp-json\/wp\/v2\/comments?post=1050"}],"wp:featuredmedia":[{"embeddable":true,"href":"https:\/\/aquasaf.com\/index.php\/wp-json\/wp\/v2\/media\/1051"}],"wp:attachment":[{"href":"https:\/\/aquasaf.com\/index.php\/wp-json\/wp\/v2\/media?parent=1050"}],"wp:term":[{"taxonomy":"product_brand","embeddable":true,"href":"https:\/\/aquasaf.com\/index.php\/wp-json\/wp\/v2\/product_brand?post=1050"},{"taxonomy":"product_cat","embeddable":true,"href":"https:\/\/aquasaf.com\/index.php\/wp-json\/wp\/v2\/product_cat?post=1050"},{"taxonomy":"product_tag","embeddable":true,"href":"https:\/\/aquasaf.com\/index.php\/wp-json\/wp\/v2\/product_tag?post=1050"}],"curies":[{"name":"wp","href":"https:\/\/api.w.org\/{rel}","templated":true}]}}