{"id":1036,"date":"2024-12-18T20:54:33","date_gmt":"2024-12-18T20:54:33","guid":{"rendered":"https:\/\/aquasaf.com\/?post_type=product&#038;p=1036"},"modified":"2025-10-20T15:31:50","modified_gmt":"2025-10-20T15:31:50","slug":"alkalos-polvo-x-1-kg","status":"publish","type":"product","link":"https:\/\/aquasaf.com\/index.php\/producto\/alkalos-polvo-x-1-kg\/","title":{"rendered":"Alkalos Polvo X 1 Kg"},"content":{"rendered":"<div class=\"stripe-header-wrapper\">\n<div id=\"vbid-8a2a4000-twhfbogg\" class=\"stripe-header sub item-box page-box style-8a2a4000-adrlsat2       \" data-holder-type=\"page\" data-child-type=\"STYLE\" data-styleid=\"style-8a2a4000-adrlsat2\" data-preview-styleid=\"style-8a2a4000-adrlsat2\" data-preset-type-id=\"UNRESOLVED\">\n<div class=\"page-wrapper item-wrapper \">\n<div class=\"item-content leaf blocks_layout page content\" data-self=\"vbid-8a2a4000-twhfbogg\" data-preview-style=\"style-8a2a4000-adrlsat2\" data-style=\"style-f2783-7himpqznhz\" data-orig-thumb-height=\"\" data-orig-thumb-width=\"\" data-vbid=\"vbid-8a2a4000-twhfbogg\" data-bgimg=\"\">\n<div class=\"helper-div middle\">\n<div class=\"text-side \">\n<div class=\"vertical-aligner\">\n<div class=\"item-details blocks-preview-content-wrapper  blocks shrinker-parent\">\n<div class=\"blocks-preview-content-holder shrinker-content\">\n<div class=\"blocks-preview-title-holder removable-parent order-handle\">\n<h2 id=\"vbid-8a2a4000-6cbfpqop\" class=\"preview-element blocks-preview-title magic-circle-holder inner-page text-element quick-text-style-menu   allow-mobile-hide\" data-menu-name=\"BLOCKS_PREVIEW_TITLE\" data-orig-font-size=\"30\">Instrucciones de uso y aplicaciones:<\/h2>\n<\/div>\n<div class=\"blocks-preview-divider-holder removable-parent order-handle\">\n<div id=\"vbid-8a2a4000-kqb2qag8\" class=\"preview-element blocks-preview-divider magic-circle-holder quick-text-style-menu\" data-menu-name=\"BLOCKS_PREVIEW_DIVIDER\"><strong style=\"font-size: 16px;\">Nota:<\/strong><span style=\"font-size: 16px;\">\u00a0Se recomienda hacer las verificaciones de los par\u00e1metros necesarios (pH, cloro, alcalinidad. Dureza, estabilizante, etc.) con los equipos especializados Dr.Pool.<\/span><\/div>\n<\/div>\n<\/div>\n<\/div>\n<\/div>\n<\/div>\n<\/div>\n<\/div>\n<\/div>\n<\/div>\n<\/div>\n<div id=\"items-holder-wrapper\">\n<div id=\"items-holder\">\n<div id=\"vbid-8a2a4000-zhz2hpsm\" class=\"sub item-box  page-box style-8a2a4000-adrlsat2 left-side top-side bottom-side\" data-holder-type=\"page\" data-child-type=\"STYLE\" data-styleid=\"style-8a2a4000-adrlsat2\" data-preview-styleid=\"style-8a2a4000-adrlsat2\" data-preset-type-id=\"UNRESOLVED\" data-row=\"1\">\n<div class=\"page-wrapper item-wrapper \">\n<div class=\"item-content leaf multi_layout page content -container\" data-self=\"vbid-8a2a4000-zhz2hpsm\" data-preview-style=\"style-8a2a4000-adrlsat2\" data-style=\"style-f2783-oogpxtqvka\" data-orig-thumb-height=\"\" data-orig-thumb-width=\"\" data-vbid=\"vbid-8a2a4000-zhz2hpsm\" data-bgimg=\"\">\n<div class=\"multi-container preview image-cover\">\n<div class=\"Picture item-preview\">\n<div class=\"preview-image-holder\">\n<div id=\"no-image\" class=\"background-image-div preview-element image-source magic-circle-holder unfold-left load-high-res\" data-menu-name=\"BACKGROUND_IMAGE\"><span style=\"font-size: 1.7em; font-weight: bold;\">1.<\/span><\/div>\n<div class=\"helper-div middle-center\">\n<div class=\"text-side shrinker-parent\">\n<div class=\"vertical-aligner\">\n<div class=\"item-details preview-content-wrapper  multi\">\n<div class=\"preview-content-holder shrinker-content\">\n<div class=\"preview-body-holder removable-parent order-handle\">\n<div id=\"vbid-8a2a4000-k4kztqql\" class=\"preview-element preview-body magic-circle-holder text-element quick-text-style-menu   allow-mobile-hide\" data-menu-name=\"PREVIEW_BODY\">\n<p>Verifique que la alcalinidad se encuentra en el rango adecuado (80 \u2013 120 ppm). Si est\u00e1 por debajo, corrija usando L\u00cdNEA CLORIDEX Alkalino Plus; Si est\u00e1 por encima, corrija usando L\u00cdNEA CLORIDEX Reductor pH \u2013 de acuerdo con las instrucciones de la etiqueta.<\/p>\n<\/div>\n<\/div>\n<div class=\"preview-form order-handle\"><span style=\"font-size: 1.7em; font-weight: bold;\">2.<\/span><span style=\"font-size: 16px;\">Calcule la cantidad de producto que requiere de acuerdo con la siguiente tabla.<\/span><\/div>\n<\/div>\n<\/div>\n<\/div>\n<\/div>\n<\/div>\n<\/div>\n<\/div>\n<\/div>\n<\/div>\n<\/div>\n<\/div>\n<div id=\"vbid-8a2a4000-aqbo59rb\" class=\"sub item-box  page-box style-8a2a4000-adrlsat2 top-side bottom-side\" data-holder-type=\"page\" data-child-type=\"STYLE\" data-styleid=\"style-8a2a4000-adrlsat2\" data-preview-styleid=\"style-8a2a4000-adrlsat2\" data-preset-type-id=\"UNRESOLVED\" data-row=\"1\">\n<div class=\"page-wrapper item-wrapper \">\n<div class=\"item-content leaf multi_layout page content -container\" data-self=\"vbid-8a2a4000-aqbo59rb\" data-preview-style=\"style-8a2a4000-adrlsat2\" data-style=\"style-f2783-oogpxtqvka\" data-orig-thumb-height=\"\" data-orig-thumb-width=\"\" data-vbid=\"vbid-8a2a4000-aqbo59rb\" data-bgimg=\"\">\n<div class=\"multi-container preview image-cover\">\n<div class=\"Picture item-preview\">\n<div class=\"preview-image-holder\">\n<div class=\"helper-div middle-center\">\n<div class=\"text-side shrinker-parent\">\n<div class=\"vertical-aligner\">\n<div class=\"item-details preview-content-wrapper  multi\">\n<div class=\"preview-content-holder shrinker-content\">\n<div class=\"preview-body-holder removable-parent order-handle\">\n<div id=\"vbid-8a2a4000-s66cgmfn\" class=\"preview-element preview-body magic-circle-holder text-element quick-text-style-menu   allow-mobile-hide\" data-menu-name=\"PREVIEW_BODY\">\n<p><strong>Nota 1:<\/strong>\u00a0El producto se calienta al contacto con el agua, proceda con precauci\u00f3n y siempre agregue el producto al agua y no al rev\u00e9s. Nota 2: Para procesos de clarificaci\u00f3n el pH se debe ajustar m\u00ednimo a 8.0 Agregue 10 g por m\u00b3 y siga el proceso aqu\u00ed descrito hasta llegar a pH 8.0.<\/p>\n<\/div>\n<\/div>\n<div class=\"preview-form order-handle\"><span style=\"font-size: 1.7em; font-weight: bold;\">3<\/span><span style=\"font-size: 16px;\">Agregue lentamente la cantidad de L\u00cdNEA CLORIDEX Corrector pH + en un recipiente con agua teniendo en cuenta las recomendaciones de manejo para diluir el producto.<\/span><\/div>\n<\/div>\n<\/div>\n<\/div>\n<\/div>\n<\/div>\n<\/div>\n<\/div>\n<\/div>\n<\/div>\n<\/div>\n<\/div>\n<\/div>\n<\/div>\n","protected":false},"excerpt":{"rendered":"<p>Es un producto en perlas que se utiliza para incrementar el pH cuando se encuentra por debajo del rango ideal (7,2 \u2013 7,6) el ajuste a este rango permite mejorar el desempe\u00f1o del desinfectante, adem\u00e1s de prevenir corrosi\u00f3n en equipos y estructuras. Tambi\u00e9n se usa cuando se requiere llegar a un pH \u00f3ptimo para procesos de clarificaci\u00f3n, con el fin de aumentar su eficiencia.<\/p>\n<p><strong>Caracter\u00edsticas<\/strong><\/p>\n<ul>\n<li>Libre de impurezas<\/li>\n<li>R\u00e1pida disoluci\u00f3n<\/li>\n<li>Corrige aguas corrosivas<\/li>\n<\/ul>\n","protected":false},"featured_media":1037,"comment_status":"open","ping_status":"closed","template":"","meta":{"om_disable_all_campaigns":false,"_monsterinsights_skip_tracking":false,"_monsterinsights_sitenote_active":false,"_monsterinsights_sitenote_note":"","_monsterinsights_sitenote_category":0,"site-sidebar-layout":"default","site-content-layout":"default","ast-main-header-display":"","ast-hfb-above-header-display":"","ast-hfb-below-header-display":"","ast-hfb-mobile-header-display":"","site-post-title":"","ast-breadcrumbs-content":"","ast-featured-img":"","footer-sml-layout":"","theme-transparent-header-meta":"default","adv-header-id-meta":"","stick-header-meta":"","header-above-stick-meta":"","header-main-stick-meta":"","header-below-stick-meta":""},"product_brand":[],"product_cat":[33],"product_tag":[],"class_list":{"0":"post-1036","1":"product","2":"type-product","3":"status-publish","4":"has-post-thumbnail","6":"product_cat-quimicos","8":"first","9":"instock","10":"shipping-taxable","11":"purchasable","12":"product-type-simple"},"aioseo_notices":[],"jetpack_sharing_enabled":true,"_links":{"self":[{"href":"https:\/\/aquasaf.com\/index.php\/wp-json\/wp\/v2\/product\/1036","targetHints":{"allow":["GET"]}}],"collection":[{"href":"https:\/\/aquasaf.com\/index.php\/wp-json\/wp\/v2\/product"}],"about":[{"href":"https:\/\/aquasaf.com\/index.php\/wp-json\/wp\/v2\/types\/product"}],"replies":[{"embeddable":true,"href":"https:\/\/aquasaf.com\/index.php\/wp-json\/wp\/v2\/comments?post=1036"}],"wp:featuredmedia":[{"embeddable":true,"href":"https:\/\/aquasaf.com\/index.php\/wp-json\/wp\/v2\/media\/1037"}],"wp:attachment":[{"href":"https:\/\/aquasaf.com\/index.php\/wp-json\/wp\/v2\/media?parent=1036"}],"wp:term":[{"taxonomy":"product_brand","embeddable":true,"href":"https:\/\/aquasaf.com\/index.php\/wp-json\/wp\/v2\/product_brand?post=1036"},{"taxonomy":"product_cat","embeddable":true,"href":"https:\/\/aquasaf.com\/index.php\/wp-json\/wp\/v2\/product_cat?post=1036"},{"taxonomy":"product_tag","embeddable":true,"href":"https:\/\/aquasaf.com\/index.php\/wp-json\/wp\/v2\/product_tag?post=1036"}],"curies":[{"name":"wp","href":"https:\/\/api.w.org\/{rel}","templated":true}]}}