{"id":1028,"date":"2024-12-18T20:03:29","date_gmt":"2024-12-18T20:03:29","guid":{"rendered":"https:\/\/aquasaf.com\/?post_type=product&#038;p=1028"},"modified":"2025-10-20T15:31:50","modified_gmt":"2025-10-20T15:31:50","slug":"acidet-x-5-kg","status":"publish","type":"product","link":"https:\/\/aquasaf.com\/index.php\/producto\/acidet-x-5-kg\/","title":{"rendered":"Acidet x 5 Kg"},"content":{"rendered":"<div class=\"stripe-header-wrapper\">\n<div id=\"vbid-5a0d79c3-wyxsxam9\" class=\"stripe-header sub item-box page-box style-5a0d79c3-51o1cwe2 \" data-holder-type=\"page\" data-child-type=\"STYLE\" data-styleid=\"style-5a0d79c3-51o1cwe2\" data-preview-styleid=\"style-5a0d79c3-51o1cwe2\" data-preset-type-id=\"UNRESOLVED\">\n<div class=\"page-wrapper item-wrapper \">\n<div class=\"item-content leaf blocks_layout page content\" data-self=\"vbid-5a0d79c3-wyxsxam9\" data-preview-style=\"style-5a0d79c3-51o1cwe2\" data-style=\"style-f2783-7himpqznhz\" data-orig-thumb-height=\"\" data-orig-thumb-width=\"\" data-vbid=\"vbid-5a0d79c3-wyxsxam9\" data-bgimg=\"\">\n<div class=\"helper-div middle\">\n<div class=\"text-side \">\n<div class=\"vertical-aligner\">\n<div class=\"item-details blocks-preview-content-wrapper blocks shrinker-parent\">\n<div class=\"blocks-preview-content-holder shrinker-content\">\n<div class=\"blocks-preview-title-holder removable-parent order-handle\">\n<h2 data-menu-name=\"BLOCKS_PREVIEW_TITLE\" data-orig-font-size=\"30\">Bolsa x 5 Kg<\/h2>\n<h2 id=\"vbid-5a0d79c3-bappv0fu\" class=\"preview-element blocks-preview-title magic-circle-holder inner-page text-element quick-text-style-menu allow-mobile-hide\" data-menu-name=\"BLOCKS_PREVIEW_TITLE\" data-orig-font-size=\"30\">Instrucciones de uso y aplicaciones:<\/h2>\n<\/div>\n<div class=\"blocks-preview-divider-holder removable-parent order-handle\">\n<div id=\"vbid-5a0d79c3-thp009k3\" class=\"preview-element blocks-preview-divider magic-circle-holder quick-text-style-menu\" data-menu-name=\"BLOCKS_PREVIEW_DIVIDER\"><strong>Nota:<\/strong>\u00a0Se recomienda hacer las verificaciones de los par\u00e1metros necesarios (pH, cloro, alcalinidad. Dureza, estabilizante, etc.) con los equipos especializados Dr.Pool.<\/div>\n<\/div>\n<\/div>\n<\/div>\n<\/div>\n<\/div>\n<\/div>\n<\/div>\n<\/div>\n<\/div>\n<\/div>\n<div id=\"items-holder-wrapper\">\n<div id=\"items-holder\">\n<div id=\"vbid-5a0d79c3-u1ayw4ks\" class=\"sub item-box page-box style-5a0d79c3-51o1cwe2 left-side top-side bottom-side\" data-holder-type=\"page\" data-child-type=\"STYLE\" data-styleid=\"style-5a0d79c3-51o1cwe2\" data-preview-styleid=\"style-5a0d79c3-51o1cwe2\" data-preset-type-id=\"UNRESOLVED\" data-row=\"1\">\n<div class=\"page-wrapper item-wrapper \">\n<div class=\"item-content leaf multi_layout page content -container\" data-self=\"vbid-5a0d79c3-u1ayw4ks\" data-preview-style=\"style-5a0d79c3-51o1cwe2\" data-style=\"style-f2783-oogpxtqvka\" data-orig-thumb-height=\"\" data-orig-thumb-width=\"\" data-vbid=\"vbid-5a0d79c3-u1ayw4ks\" data-bgimg=\"\">\n<div class=\"multi-container preview image-cover\">\n<div class=\"Picture item-preview\">\n<div class=\"preview-image-holder\">\n<div id=\"no-image\" class=\"background-image-div preview-element image-source magic-circle-holder unfold-left load-high-res\" data-menu-name=\"BACKGROUND_IMAGE\">1.<\/div>\n<div class=\"helper-div middle-center\">\n<div class=\"text-side shrinker-parent\">\n<div class=\"vertical-aligner\">\n<div class=\"item-details preview-content-wrapper multi\">\n<div class=\"preview-content-holder shrinker-content\">\n<div class=\"preview-body-holder removable-parent order-handle\">\n<div id=\"vbid-5a0d79c3-uvbw3reo\" class=\"preview-element preview-body magic-circle-holder text-element quick-text-style-menu allow-mobile-hide\" data-menu-name=\"PREVIEW_BODY\">\n<p>Verifique el pH y la alcalinidad total.<\/p>\n<p>2.<\/p>\n<\/div>\n<\/div>\n<\/div>\n<\/div>\n<\/div>\n<\/div>\n<\/div>\n<\/div>\n<\/div>\n<\/div>\n<\/div>\n<\/div>\n<\/div>\n<div id=\"vbid-5a0d79c3-binezosa\" class=\"sub item-box page-box style-5a0d79c3-51o1cwe2 top-side bottom-side\" data-holder-type=\"page\" data-child-type=\"STYLE\" data-styleid=\"style-5a0d79c3-51o1cwe2\" data-preview-styleid=\"style-5a0d79c3-51o1cwe2\" data-preset-type-id=\"UNRESOLVED\" data-row=\"1\">\n<div class=\"page-wrapper item-wrapper \">\n<div class=\"item-content leaf multi_layout page content -container\" data-self=\"vbid-5a0d79c3-binezosa\" data-preview-style=\"style-5a0d79c3-51o1cwe2\" data-style=\"style-f2783-oogpxtqvka\" data-orig-thumb-height=\"\" data-orig-thumb-width=\"\" data-vbid=\"vbid-5a0d79c3-binezosa\" data-bgimg=\"\">\n<div class=\"multi-container preview image-cover\">\n<div class=\"Picture item-preview\">\n<div class=\"preview-image-holder\">\n<div class=\"helper-div middle-center\">\n<div class=\"text-side shrinker-parent\">\n<div class=\"vertical-aligner\">\n<div class=\"item-details preview-content-wrapper multi\">\n<div class=\"preview-content-holder shrinker-content\">\n<div class=\"preview-body-holder removable-parent order-handle\">\n<div id=\"vbid-5a0d79c3-wtjvttdb\" class=\"preview-element preview-body magic-circle-holder text-element quick-text-style-menu allow-mobile-hide\" data-menu-name=\"PREVIEW_BODY\">\n<p>Calcule la cantidad de producto a utilizar de acuerdo con la siguiente tabla y teniendo en cuenta el ajuste que requiere hacer:<\/p>\n<\/div>\n<\/div>\n<div class=\"preview-form order-handle\">3.<\/div>\n<\/div>\n<\/div>\n<\/div>\n<\/div>\n<\/div>\n<\/div>\n<\/div>\n<\/div>\n<\/div>\n<\/div>\n<\/div>\n<div id=\"vbid-5a0d79c3-waybmvuz\" class=\"sub item-box page-box style-5a0d79c3-51o1cwe2 right-side top-side bottom-side\" data-holder-type=\"page\" data-child-type=\"STYLE\" data-styleid=\"style-5a0d79c3-51o1cwe2\" data-preview-styleid=\"style-5a0d79c3-51o1cwe2\" data-preset-type-id=\"UNRESOLVED\" data-row=\"1\">\n<div class=\"page-wrapper item-wrapper \">\n<div class=\"item-content leaf multi_layout page content -container\" data-self=\"vbid-5a0d79c3-waybmvuz\" data-preview-style=\"style-5a0d79c3-51o1cwe2\" data-style=\"style-f2783-oogpxtqvka\" data-orig-thumb-height=\"\" data-orig-thumb-width=\"\" data-vbid=\"vbid-5a0d79c3-waybmvuz\" data-bgimg=\"\">\n<div class=\"multi-container preview image-cover\">\n<div class=\"Picture item-preview\">\n<div class=\"preview-image-holder\">\n<div class=\"helper-div middle-center\">\n<div class=\"text-side shrinker-parent\">\n<div class=\"vertical-aligner\">\n<div class=\"item-details preview-content-wrapper multi\">\n<div class=\"preview-content-holder shrinker-content\">\n<div class=\"preview-body-holder removable-parent order-handle\">\n<div id=\"vbid-5a0d79c3-mjijp77d\" class=\"preview-element preview-body magic-circle-holder text-element quick-text-style-menu allow-mobile-hide\" data-menu-name=\"PREVIEW_BODY\">\n<p>Aplique el producto dependiendo de la situaci\u00f3n actual de su piscina dentro de las descritas a continuaci\u00f3n. Todos los procesos son con la bomba encendida y el filtro en recirculaci\u00f3n.<\/p>\n<\/div>\n<\/div>\n<\/div>\n<\/div>\n<\/div>\n<\/div>\n<\/div>\n<\/div>\n<\/div>\n<\/div>\n<\/div>\n<\/div>\n<\/div>\n<\/div>\n<\/div>\n","protected":false},"excerpt":{"rendered":"<p>Es un polvo cristalino que puede ser utilizado para disminuir el PH, para disminuir la alcalinidad total o para disminuir ambos par\u00e1metros en caso de que sea necesario. La alcalinidad total en su rango ideal (80 a 120 ppm) garantizada que el pH, no va a sufrir fluctuaciones ni fijaci\u00f3n en valores indeseados. Al tener adem\u00e1s pH en su rango ideal (7,2 a 7,6) se obtiene una desinfecci\u00f3n m\u00e1s eficiente y una protecci\u00f3n contra incrustaciones, manchas, sarro y dep\u00f3sitos de cal en superficies, equipos y tuber\u00edas.<\/p>\n<p><strong>Caracter\u00edsticas<\/strong><\/p>\n<ul>\n<li>F\u00e1cil y seguro de manejar<\/li>\n<li>Desinfecci\u00f3n m\u00e1s eficiente<\/li>\n<li>Ayuda a prevenir incrustaciones<\/li>\n<\/ul>\n","protected":false},"featured_media":1029,"comment_status":"open","ping_status":"closed","template":"","meta":{"om_disable_all_campaigns":false,"_monsterinsights_skip_tracking":false,"_monsterinsights_sitenote_active":false,"_monsterinsights_sitenote_note":"","_monsterinsights_sitenote_category":0,"site-sidebar-layout":"default","site-content-layout":"default","ast-main-header-display":"","ast-hfb-above-header-display":"","ast-hfb-below-header-display":"","ast-hfb-mobile-header-display":"","site-post-title":"","ast-breadcrumbs-content":"","ast-featured-img":"","footer-sml-layout":"","theme-transparent-header-meta":"default","adv-header-id-meta":"","stick-header-meta":"","header-above-stick-meta":"","header-main-stick-meta":"","header-below-stick-meta":""},"product_brand":[],"product_cat":[33],"product_tag":[],"class_list":{"0":"post-1028","1":"product","2":"type-product","3":"status-publish","4":"has-post-thumbnail","6":"product_cat-quimicos","8":"first","9":"instock","10":"shipping-taxable","11":"purchasable","12":"product-type-simple"},"aioseo_notices":[],"jetpack_sharing_enabled":true,"_links":{"self":[{"href":"https:\/\/aquasaf.com\/index.php\/wp-json\/wp\/v2\/product\/1028","targetHints":{"allow":["GET"]}}],"collection":[{"href":"https:\/\/aquasaf.com\/index.php\/wp-json\/wp\/v2\/product"}],"about":[{"href":"https:\/\/aquasaf.com\/index.php\/wp-json\/wp\/v2\/types\/product"}],"replies":[{"embeddable":true,"href":"https:\/\/aquasaf.com\/index.php\/wp-json\/wp\/v2\/comments?post=1028"}],"wp:featuredmedia":[{"embeddable":true,"href":"https:\/\/aquasaf.com\/index.php\/wp-json\/wp\/v2\/media\/1029"}],"wp:attachment":[{"href":"https:\/\/aquasaf.com\/index.php\/wp-json\/wp\/v2\/media?parent=1028"}],"wp:term":[{"taxonomy":"product_brand","embeddable":true,"href":"https:\/\/aquasaf.com\/index.php\/wp-json\/wp\/v2\/product_brand?post=1028"},{"taxonomy":"product_cat","embeddable":true,"href":"https:\/\/aquasaf.com\/index.php\/wp-json\/wp\/v2\/product_cat?post=1028"},{"taxonomy":"product_tag","embeddable":true,"href":"https:\/\/aquasaf.com\/index.php\/wp-json\/wp\/v2\/product_tag?post=1028"}],"curies":[{"name":"wp","href":"https:\/\/api.w.org\/{rel}","templated":true}]}}