{"id":1021,"date":"2024-12-18T17:44:21","date_gmt":"2024-12-18T17:44:21","guid":{"rendered":"https:\/\/aquasaf.com\/?post_type=product&#038;p=1021"},"modified":"2025-10-20T15:31:51","modified_gmt":"2025-10-20T15:31:51","slug":"cloridex-tableta-3-200gr-x-1-kg-excluido","status":"publish","type":"product","link":"https:\/\/aquasaf.com\/index.php\/producto\/cloridex-tableta-3-200gr-x-1-kg-excluido\/","title":{"rendered":"Cloridex Tableta 3&#8243; (200gr) X 1 Kg Excluido"},"content":{"rendered":"<div class=\"stripe-header-wrapper\">\n<div id=\"vbid-7e7a1a7e-dnpfbkpp\" class=\"stripe-header sub item-box page-box style-7e7a1a7e-xs8bq8wi \" data-holder-type=\"page\" data-child-type=\"STYLE\" data-styleid=\"style-7e7a1a7e-xs8bq8wi\" data-preview-styleid=\"style-7e7a1a7e-xs8bq8wi\" data-preset-type-id=\"UNRESOLVED\">\n<div class=\"page-wrapper item-wrapper \">\n<div class=\"item-content leaf blocks_layout page content\" data-self=\"vbid-7e7a1a7e-dnpfbkpp\" data-preview-style=\"style-7e7a1a7e-xs8bq8wi\" data-style=\"style-f2783-7himpqznhz\" data-orig-thumb-height=\"\" data-orig-thumb-width=\"\" data-vbid=\"vbid-7e7a1a7e-dnpfbkpp\" data-bgimg=\"\">\n<div class=\"helper-div middle\">\n<div class=\"text-side \">\n<div class=\"vertical-aligner\">\n<div class=\"item-details blocks-preview-content-wrapper blocks shrinker-parent\">\n<div class=\"blocks-preview-content-holder shrinker-content\">\n<div class=\"blocks-preview-title-holder removable-parent order-handle\">\n<div class=\"stripe-header-wrapper\">\n<div id=\"vbid-7e7a1a7e-dnpfbkpp\" class=\"stripe-header sub item-box page-box style-7e7a1a7e-xs8bq8wi \" data-holder-type=\"page\" data-child-type=\"STYLE\" data-styleid=\"style-7e7a1a7e-xs8bq8wi\" data-preview-styleid=\"style-7e7a1a7e-xs8bq8wi\" data-preset-type-id=\"UNRESOLVED\">\n<div class=\"page-wrapper item-wrapper \">\n<div class=\"item-content leaf blocks_layout page content\" data-self=\"vbid-7e7a1a7e-dnpfbkpp\" data-preview-style=\"style-7e7a1a7e-xs8bq8wi\" data-style=\"style-f2783-7himpqznhz\" data-orig-thumb-height=\"\" data-orig-thumb-width=\"\" data-vbid=\"vbid-7e7a1a7e-dnpfbkpp\" data-bgimg=\"\">\n<div class=\"helper-div middle\">\n<div class=\"text-side \">\n<div class=\"vertical-aligner\">\n<div class=\"item-details blocks-preview-content-wrapper blocks shrinker-parent\">\n<div class=\"blocks-preview-content-holder shrinker-content\">\n<div class=\"blocks-preview-title-holder removable-parent order-handle\">\n<h2 id=\"vbid-7e7a1a7e-li1wxrdy\" class=\"preview-element blocks-preview-title magic-circle-holder inner-page text-element quick-text-style-menu allow-mobile-hide\" data-menu-name=\"BLOCKS_PREVIEW_TITLE\" data-orig-font-size=\"30\">Instrucciones de uso y aplicaciones:<\/h2>\n<\/div>\n<div class=\"blocks-preview-divider-holder removable-parent order-handle\">\n<div id=\"vbid-7e7a1a7e-sfmpgoms\" class=\"preview-element blocks-preview-divider magic-circle-holder quick-text-style-menu\" data-menu-name=\"BLOCKS_PREVIEW_DIVIDER\"><strong style=\"font-size: 16px;\">Nota:<\/strong><span style=\"font-size: 16px;\">\u00a0Se recomienda hacer las verificaciones de los par\u00e1metros necesarios (pH, cloro, alcalinidad. Dureza, estabilizante, etc.) con los equipos especializados Dr.Pool.<\/span><\/div>\n<\/div>\n<\/div>\n<\/div>\n<\/div>\n<\/div>\n<\/div>\n<\/div>\n<\/div>\n<\/div>\n<\/div>\n<div id=\"items-holder-wrapper\">\n<div id=\"items-holder\">\n<div id=\"vbid-7e7a1a7e-oz5v34oo\" class=\"sub item-box page-box style-7e7a1a7e-xs8bq8wi left-side top-side bottom-side\" data-holder-type=\"page\" data-child-type=\"STYLE\" data-styleid=\"style-7e7a1a7e-xs8bq8wi\" data-preview-styleid=\"style-7e7a1a7e-xs8bq8wi\" data-preset-type-id=\"UNRESOLVED\" data-row=\"1\">\n<div class=\"page-wrapper item-wrapper \">\n<div class=\"item-content leaf multi_layout page content -container\" data-self=\"vbid-7e7a1a7e-oz5v34oo\" data-preview-style=\"style-7e7a1a7e-xs8bq8wi\" data-style=\"style-f2783-oogpxtqvka\" data-orig-thumb-height=\"\" data-orig-thumb-width=\"\" data-vbid=\"vbid-7e7a1a7e-oz5v34oo\" data-bgimg=\"\">\n<div class=\"multi-container preview image-cover\">\n<div class=\"Picture item-preview\">\n<div class=\"preview-image-holder\">\n<div id=\"no-image\" class=\"background-image-div preview-element image-source magic-circle-holder unfold-left load-high-res\" data-menu-name=\"BACKGROUND_IMAGE\"><span style=\"font-size: 1.7em; font-weight: bold;\">1.<\/span><\/div>\n<div class=\"helper-div middle-center\">\n<div class=\"text-side shrinker-parent\">\n<div class=\"vertical-aligner\">\n<div class=\"item-details preview-content-wrapper multi\">\n<div class=\"preview-content-holder shrinker-content\">\n<div class=\"preview-body-holder removable-parent order-handle\">\n<div id=\"vbid-7e7a1a7e-esyhqhgs\" class=\"preview-element preview-body magic-circle-holder text-element quick-text-style-menu allow-mobile-hide\" data-menu-name=\"PREVIEW_BODY\">\n<p>Verifique el pH de su piscina para tener un \u00f3ptimo rendimiento (7.2 y 7.6) si el pH se encuentra por debajo de este rango. Utilice L\u00cdNEA CLORIDEX Corrector pH + para subir el pH; si el pH se encuentra por encima de este rango, utilice L\u00cdNEA CLORIDEX Reductor pH -.<\/p>\n<p><span style=\"font-size: 1.7em; font-weight: bold;\">2.<\/span><\/p>\n<\/div>\n<\/div>\n<\/div>\n<\/div>\n<\/div>\n<\/div>\n<\/div>\n<\/div>\n<\/div>\n<\/div>\n<\/div>\n<\/div>\n<\/div>\n<div id=\"vbid-7e7a1a7e-4mabwv4c\" class=\"sub item-box page-box style-7e7a1a7e-xs8bq8wi right-side top-side bottom-side\" data-holder-type=\"page\" data-child-type=\"STYLE\" data-styleid=\"style-7e7a1a7e-xs8bq8wi\" data-preview-styleid=\"style-7e7a1a7e-xs8bq8wi\" data-preset-type-id=\"UNRESOLVED\" data-row=\"1\">\n<div class=\"page-wrapper item-wrapper \">\n<div class=\"item-content leaf multi_layout page content -container\" data-self=\"vbid-7e7a1a7e-4mabwv4c\" data-preview-style=\"style-7e7a1a7e-xs8bq8wi\" data-style=\"style-f2783-oogpxtqvka\" data-orig-thumb-height=\"\" data-orig-thumb-width=\"\" data-vbid=\"vbid-7e7a1a7e-4mabwv4c\" data-bgimg=\"\">\n<div class=\"multi-container preview image-cover\">\n<div class=\"Picture item-preview\">\n<div class=\"preview-image-holder\">\n<div class=\"helper-div middle-center\">\n<div class=\"text-side shrinker-parent\">\n<div class=\"vertical-aligner\">\n<div class=\"item-details preview-content-wrapper multi\">\n<div class=\"preview-content-holder shrinker-content\">\n<div class=\"preview-body-holder removable-parent order-handle\">\n<div id=\"vbid-7e7a1a7e-bapxatb1\" class=\"preview-element preview-body magic-circle-holder text-element quick-text-style-menu allow-mobile-hide\" data-menu-name=\"PREVIEW_BODY\">\n<p>Verifique el nivel de cloro libre en la piscina. Si se encuentra por debajo de 1 ppm, dosifique L\u00cdNEA CLORIDEX Tableta 3\u201d Cloro Tradicional, bien sea por medio de un dosificador flotante o en un dosificador en l\u00ednea. En cualquier cado se debe ajustar la salida del producto de acuerdo a los requerimientos puntuales de la piscina. Por lo general se consumir\u00e1:<\/p>\n<ul>\n<li><strong>Tableta 1\u201d (20 g):<\/strong>\u00a01 tableta por cada 2 m\u00b3 de manera semanal.<\/li>\n<li><strong>Tableta 3\u201d (200 g):<\/strong>\u00a01 tableta por cada 20 m\u00b3 de manera semanal<\/li>\n<\/ul>\n<\/div>\n<\/div>\n<\/div>\n<\/div>\n<\/div>\n<\/div>\n<\/div>\n<\/div>\n<\/div>\n<\/div>\n<\/div>\n<\/div>\n<\/div>\n<\/div>\n<\/div>\n<\/div>\n<\/div>\n<\/div>\n<\/div>\n<\/div>\n<\/div>\n<\/div>\n<\/div>\n<\/div>\n<\/div>\n","protected":false},"excerpt":{"rendered":"<p>Es un producto org\u00e1nico con 90% de cloro disponible, cuya principal funci\u00f3n es aportar cloro libre al agua. Su presentaci\u00f3n es en tabletas y se encuentra estabilizado, por lo que tendr\u00e1 una libraci\u00f3n prolongada de desinfectante activo y no se degradar\u00e1 con los rayos UV del sol.<\/p>\n<p><strong>Caracter\u00edsticas<\/strong><\/p>\n<ul>\n<li>Tableta 3\u201d (20g)<\/li>\n<li>Resistente a los rayos UV<\/li>\n<li>Ideal para mantenimiento<\/li>\n<\/ul>\n","protected":false},"featured_media":1022,"comment_status":"open","ping_status":"closed","template":"","meta":{"om_disable_all_campaigns":false,"_monsterinsights_skip_tracking":false,"_monsterinsights_sitenote_active":false,"_monsterinsights_sitenote_note":"","_monsterinsights_sitenote_category":0,"site-sidebar-layout":"default","site-content-layout":"default","ast-main-header-display":"","ast-hfb-above-header-display":"","ast-hfb-below-header-display":"","ast-hfb-mobile-header-display":"","site-post-title":"","ast-breadcrumbs-content":"","ast-featured-img":"","footer-sml-layout":"","theme-transparent-header-meta":"default","adv-header-id-meta":"","stick-header-meta":"","header-above-stick-meta":"","header-main-stick-meta":"","header-below-stick-meta":""},"product_brand":[],"product_cat":[33],"product_tag":[],"class_list":{"0":"post-1021","1":"product","2":"type-product","3":"status-publish","4":"has-post-thumbnail","6":"product_cat-quimicos","8":"first","9":"instock","10":"shipping-taxable","11":"purchasable","12":"product-type-simple"},"aioseo_notices":[],"jetpack_sharing_enabled":true,"_links":{"self":[{"href":"https:\/\/aquasaf.com\/index.php\/wp-json\/wp\/v2\/product\/1021","targetHints":{"allow":["GET"]}}],"collection":[{"href":"https:\/\/aquasaf.com\/index.php\/wp-json\/wp\/v2\/product"}],"about":[{"href":"https:\/\/aquasaf.com\/index.php\/wp-json\/wp\/v2\/types\/product"}],"replies":[{"embeddable":true,"href":"https:\/\/aquasaf.com\/index.php\/wp-json\/wp\/v2\/comments?post=1021"}],"wp:featuredmedia":[{"embeddable":true,"href":"https:\/\/aquasaf.com\/index.php\/wp-json\/wp\/v2\/media\/1022"}],"wp:attachment":[{"href":"https:\/\/aquasaf.com\/index.php\/wp-json\/wp\/v2\/media?parent=1021"}],"wp:term":[{"taxonomy":"product_brand","embeddable":true,"href":"https:\/\/aquasaf.com\/index.php\/wp-json\/wp\/v2\/product_brand?post=1021"},{"taxonomy":"product_cat","embeddable":true,"href":"https:\/\/aquasaf.com\/index.php\/wp-json\/wp\/v2\/product_cat?post=1021"},{"taxonomy":"product_tag","embeddable":true,"href":"https:\/\/aquasaf.com\/index.php\/wp-json\/wp\/v2\/product_tag?post=1021"}],"curies":[{"name":"wp","href":"https:\/\/api.w.org\/{rel}","templated":true}]}}