{"id":1017,"date":"2024-12-18T17:31:40","date_gmt":"2024-12-18T17:31:40","guid":{"rendered":"https:\/\/aquasaf.com\/?post_type=product&#038;p=1017"},"modified":"2025-10-20T15:31:51","modified_gmt":"2025-10-20T15:31:51","slug":"cloridex-91-x-20-kg-granulado","status":"publish","type":"product","link":"https:\/\/aquasaf.com\/index.php\/producto\/cloridex-91-x-20-kg-granulado\/","title":{"rendered":"Cloridex 91 X 20 KG (granulado)"},"content":{"rendered":"<div id=\"vbid-019e5d29-3uwznafx\" class=\"master item-box gallery-box style-019e5d29-r55bjgvz visible-section\" data-holder-type=\"gallery\" data-child-type=\"NATIVE_ORDER\" data-styleid=\"style-019e5d29-r55bjgvz\" data-preview-styleid=\"style-019e5d29-r55bjgvz\" data-preset-type-id=\"FEATURES\">\n<div class=\"gallery-wrapper item-wrapper features-wrapper \">\n<div class=\"sub container style-019e5d29-r55bjgvz content matrix \" data-itemtype=\"folder\" data-creator=\"\" data-itemname=\"LOADING\" data-itemslug=\"loading\" data-itemstyleid=\"style-019e5d29-r55bjgvz\" data-margintop=\"\" data-arranger=\"matrix\" data-layout=\"multi\" data-vbid=\"vbid-019e5d29-3uwznafx\" data-preset-type-id=\"FEATURES\" data-preview-style=\"style-019e5d29-r55bjgvz\" data-style=\"style-f2783-7himpqznhz\" data-absolute-path=\"\">\n<div id=\"children\">\n<div class=\"stripe-header-wrapper\">\n<div id=\"vbid-019e5d29-6ecivzp3\" class=\"stripe-header sub item-box page-box style-019e5d29-r55bjgvz \" data-holder-type=\"page\" data-child-type=\"STYLE\" data-styleid=\"style-019e5d29-r55bjgvz\" data-preview-styleid=\"style-019e5d29-r55bjgvz\" data-preset-type-id=\"UNRESOLVED\">\n<div class=\"page-wrapper item-wrapper \">\n<div class=\"item-content leaf blocks_layout page content\" data-self=\"vbid-019e5d29-6ecivzp3\" data-preview-style=\"style-019e5d29-r55bjgvz\" data-style=\"style-f2783-7himpqznhz\" data-orig-thumb-height=\"\" data-orig-thumb-width=\"\" data-vbid=\"vbid-019e5d29-6ecivzp3\" data-bgimg=\"\">\n<div class=\"helper-div middle\">\n<div class=\"text-side \">\n<div class=\"vertical-aligner\">\n<div class=\"item-details blocks-preview-content-wrapper blocks shrinker-parent\">\n<div class=\"blocks-preview-content-holder shrinker-content\">\n<div class=\"blocks-preview-title-holder removable-parent order-handle\">\n<h2 data-menu-name=\"BLOCKS_PREVIEW_TITLE\" data-orig-font-size=\"30\">x20kg<\/h2>\n<h2 id=\"vbid-019e5d29-zyaa3kdw\" class=\"preview-element blocks-preview-title magic-circle-holder inner-page text-element quick-text-style-menu allow-mobile-hide\" data-menu-name=\"BLOCKS_PREVIEW_TITLE\" data-orig-font-size=\"30\">Instrucciones de uso y aplicaciones:<\/h2>\n<h2 class=\"preview-element blocks-preview-title magic-circle-holder inner-page text-element quick-text-style-menu allow-mobile-hide\" data-menu-name=\"BLOCKS_PREVIEW_TITLE\" data-orig-font-size=\"30\"><strong>Nota:<\/strong>\u00a0Se recomienda hacer las verificaciones de los par\u00e1metros necesarios (pH, cloro, alcalinidad. Dureza, estabilizante, etc.) con los equipos especializados Dr.Pool.<\/h2>\n<h2 class=\"preview-element blocks-preview-title magic-circle-holder inner-page text-element quick-text-style-menu allow-mobile-hide\" data-menu-name=\"BLOCKS_PREVIEW_TITLE\" data-orig-font-size=\"30\">1.<\/h2>\n<\/div>\n<\/div>\n<\/div>\n<\/div>\n<\/div>\n<\/div>\n<\/div>\n<\/div>\n<\/div>\n<\/div>\n<div id=\"items-holder-wrapper\">\n<div id=\"items-holder\">\n<div id=\"vbid-019e5d29-vnpthhkx\" class=\"sub item-box page-box style-019e5d29-r55bjgvz left-side top-side bottom-side\" data-holder-type=\"page\" data-child-type=\"STYLE\" data-styleid=\"style-019e5d29-r55bjgvz\" data-preview-styleid=\"style-019e5d29-r55bjgvz\" data-preset-type-id=\"UNRESOLVED\" data-row=\"1\">\n<div class=\"page-wrapper item-wrapper \">\n<div class=\"item-content leaf multi_layout page content -container\" data-self=\"vbid-019e5d29-vnpthhkx\" data-preview-style=\"style-019e5d29-r55bjgvz\" data-style=\"style-f2783-oogpxtqvka\" data-orig-thumb-height=\"\" data-orig-thumb-width=\"\" data-vbid=\"vbid-019e5d29-vnpthhkx\" data-bgimg=\"\">\n<div class=\"multi-container preview image-cover\">\n<div class=\"Picture item-preview\">\n<div class=\"preview-image-holder\">\n<div class=\"helper-div middle-center\">\n<div class=\"text-side shrinker-parent\">\n<div class=\"vertical-aligner\">\n<div class=\"item-details preview-content-wrapper multi\">\n<div class=\"preview-content-holder shrinker-content\">\n<div class=\"preview-body-holder removable-parent order-handle\">\n<div id=\"vbid-019e5d29-wrdluvmc\" class=\"preview-element preview-body magic-circle-holder text-element quick-text-style-menu allow-mobile-hide\" data-menu-name=\"PREVIEW_BODY\">\n<p>Verifique que los par\u00e1metros del agua de la piscina o spa se encuentre balanceados para un correcto desempe\u00f1o del s}desinfectante. Es importante que el pH se encuentre entre 7.2 y 7.6 por lo que, si se debe incrementar para llegar a ese rango, utilice L\u00cdNEA CLORIDEX Corrector pH + y si se debe disminuir utilice L\u00cdNEA CLORIDEX Reductos pH -.<\/p>\n<\/div>\n<\/div>\n<div class=\"preview-form order-handle\">2.<\/div>\n<\/div>\n<\/div>\n<\/div>\n<\/div>\n<\/div>\n<\/div>\n<\/div>\n<\/div>\n<\/div>\n<\/div>\n<\/div>\n<div id=\"vbid-019e5d29-2elnsmcq\" class=\"sub item-box page-box style-019e5d29-r55bjgvz top-side bottom-side\" data-holder-type=\"page\" data-child-type=\"STYLE\" data-styleid=\"style-019e5d29-r55bjgvz\" data-preview-styleid=\"style-019e5d29-r55bjgvz\" data-preset-type-id=\"UNRESOLVED\" data-row=\"1\">\n<div class=\"page-wrapper item-wrapper \">\n<div class=\"item-content leaf multi_layout page content -container\" data-self=\"vbid-019e5d29-2elnsmcq\" data-preview-style=\"style-019e5d29-r55bjgvz\" data-style=\"style-f2783-oogpxtqvka\" data-orig-thumb-height=\"\" data-orig-thumb-width=\"\" data-vbid=\"vbid-019e5d29-2elnsmcq\" data-bgimg=\"\">\n<div class=\"multi-container preview image-cover\">\n<div class=\"Picture item-preview\">\n<div class=\"preview-image-holder\">\n<div class=\"helper-div middle-center\">\n<div class=\"text-side shrinker-parent\">\n<div class=\"vertical-aligner\">\n<div class=\"item-details preview-content-wrapper multi\">\n<div class=\"preview-content-holder shrinker-content\">\n<div class=\"preview-body-holder removable-parent order-handle\">\n<div id=\"vbid-019e5d29-uziykxep\" class=\"preview-element preview-body magic-circle-holder text-element quick-text-style-menu allow-mobile-hide\" data-menu-name=\"PREVIEW_BODY\">\n<p>Confirme el nivel de cloro libre disponible y dosifique directamente sobre el agua de acuerdo con la siguiente informaci\u00f3n*:<\/p>\n<ul>\n<li>2 g por m3 para incrementar 1 ppm de cloro libre<\/li>\n<li>3 g por m3 para incrementar 2 ppm de cloro libre<\/li>\n<li>4 g por m3 para incrementar 3 ppm de cloro libre<\/li>\n<\/ul>\n<p>Este producto debe ser utilizado \u00fanicamente para mantenimiento diario y en su presentaci\u00f3n original. No debe triturarse o diluir antes de aplicar al agua.<\/p>\n<\/div>\n<\/div>\n<div class=\"preview-form order-handle\">3.<\/div>\n<\/div>\n<\/div>\n<\/div>\n<\/div>\n<\/div>\n<\/div>\n<\/div>\n<\/div>\n<\/div>\n<\/div>\n<\/div>\n<div id=\"vbid-019e5d29-nk2nzmgp\" class=\"sub item-box page-box style-019e5d29-r55bjgvz right-side top-side bottom-side\" data-holder-type=\"page\" data-child-type=\"STYLE\" data-styleid=\"style-019e5d29-r55bjgvz\" data-preview-styleid=\"style-019e5d29-r55bjgvz\" data-preset-type-id=\"UNRESOLVED\" data-row=\"1\">\n<div class=\"page-wrapper item-wrapper \">\n<div class=\"item-content leaf multi_layout page content -container\" data-self=\"vbid-019e5d29-nk2nzmgp\" data-preview-style=\"style-019e5d29-r55bjgvz\" data-style=\"style-f2783-oogpxtqvka\" data-orig-thumb-height=\"\" data-orig-thumb-width=\"\" data-vbid=\"vbid-019e5d29-nk2nzmgp\" data-bgimg=\"\">\n<div class=\"multi-container preview image-cover\">\n<div class=\"Picture item-preview\">\n<div class=\"preview-image-holder\">\n<div class=\"helper-div middle-center\">\n<div class=\"text-side shrinker-parent\">\n<div class=\"vertical-aligner\">\n<div class=\"item-details preview-content-wrapper multi\">\n<div class=\"preview-content-holder shrinker-content\">\n<div class=\"preview-body-holder removable-parent order-handle\">\n<div id=\"vbid-019e5d29-jg9odaeb\" class=\"preview-element preview-body magic-circle-holder text-element quick-text-style-menu allow-mobile-hide\" data-menu-name=\"PREVIEW_BODY\">\n<p>Verifique que el nivel de cloro libre permanezca entre 1,0 y 3,0 partes por mill\u00f3n (ppm). *Dosificaciones recomendadas en situaciones normales, pueden existir variaciones en la dosificaci\u00f3n seg\u00fan el uso, temperatura, tipo de agua y filtraci\u00f3n de la piscina.<\/p>\n<\/div>\n<\/div>\n<div class=\"preview-form order-handle\"><span style=\"font-size: 1.7em; font-weight: bold;\">L\u00cdNEA CLORIDEX Cloro 91% es un producto de disoluci\u00f3n lenta, por lo que se debe permitir que los granos lleguen al fondo de la piscina y se diluyan. Solo se debe utilizar en piscinas de concreto y baldosas; Su uso en superficies como membrana, liner y otros materiales no est\u00e1 recomendado, ya que puede ocasionar da\u00f1os permanentes en el color e integridad del material.<\/span><\/div>\n<\/div>\n<\/div>\n<\/div>\n<\/div>\n<\/div>\n<\/div>\n<\/div>\n<\/div>\n<\/div>\n<\/div>\n<\/div>\n<\/div>\n<\/div>\n<\/div>\n<\/div>\n<\/div>\n<\/div>\n","protected":false},"excerpt":{"rendered":"<p>Es un producto con composici\u00f3n y granulometr\u00eda controlada y garantizada. Aporta Cloro libre que, adem\u00e1s de estar protegido contra el desgaste por los rayos UV al ser estabilizado, presenta un mayor rendimiento. Es el mejor aliado para que el agua est\u00e9 protegida durante todo el d\u00eda.<\/p>\n<div class=\"preview-body-holder removable-parent order-handle\">\n<div id=\"vbid-1ef897d1-t14shpss\" class=\"preview-element preview-body magic-circle-holder text-element quick-text-style-menu allow-mobile-hide\" data-menu-name=\"PREVIEW_BODY\">\n<p><strong>Caracter\u00edsticas<\/strong><\/p>\n<ul>\n<li>Producto granulado para uso diario<\/li>\n<li>Liberaci\u00f3n prolongada<\/li>\n<li>Resistente a rayos UV<\/li>\n<\/ul>\n<\/div>\n<\/div>\n","protected":false},"featured_media":1018,"comment_status":"open","ping_status":"closed","template":"","meta":{"om_disable_all_campaigns":false,"_monsterinsights_skip_tracking":false,"_monsterinsights_sitenote_active":false,"_monsterinsights_sitenote_note":"","_monsterinsights_sitenote_category":0,"site-sidebar-layout":"default","site-content-layout":"default","ast-main-header-display":"","ast-hfb-above-header-display":"","ast-hfb-below-header-display":"","ast-hfb-mobile-header-display":"","site-post-title":"","ast-breadcrumbs-content":"","ast-featured-img":"","footer-sml-layout":"","theme-transparent-header-meta":"default","adv-header-id-meta":"","stick-header-meta":"","header-above-stick-meta":"","header-main-stick-meta":"","header-below-stick-meta":""},"product_brand":[],"product_cat":[33],"product_tag":[],"class_list":{"0":"post-1017","1":"product","2":"type-product","3":"status-publish","4":"has-post-thumbnail","6":"product_cat-quimicos","8":"first","9":"instock","10":"shipping-taxable","11":"purchasable","12":"product-type-simple"},"aioseo_notices":[],"jetpack_sharing_enabled":true,"_links":{"self":[{"href":"https:\/\/aquasaf.com\/index.php\/wp-json\/wp\/v2\/product\/1017","targetHints":{"allow":["GET"]}}],"collection":[{"href":"https:\/\/aquasaf.com\/index.php\/wp-json\/wp\/v2\/product"}],"about":[{"href":"https:\/\/aquasaf.com\/index.php\/wp-json\/wp\/v2\/types\/product"}],"replies":[{"embeddable":true,"href":"https:\/\/aquasaf.com\/index.php\/wp-json\/wp\/v2\/comments?post=1017"}],"wp:featuredmedia":[{"embeddable":true,"href":"https:\/\/aquasaf.com\/index.php\/wp-json\/wp\/v2\/media\/1018"}],"wp:attachment":[{"href":"https:\/\/aquasaf.com\/index.php\/wp-json\/wp\/v2\/media?parent=1017"}],"wp:term":[{"taxonomy":"product_brand","embeddable":true,"href":"https:\/\/aquasaf.com\/index.php\/wp-json\/wp\/v2\/product_brand?post=1017"},{"taxonomy":"product_cat","embeddable":true,"href":"https:\/\/aquasaf.com\/index.php\/wp-json\/wp\/v2\/product_cat?post=1017"},{"taxonomy":"product_tag","embeddable":true,"href":"https:\/\/aquasaf.com\/index.php\/wp-json\/wp\/v2\/product_tag?post=1017"}],"curies":[{"name":"wp","href":"https:\/\/api.w.org\/{rel}","templated":true}]}}