{"id":1013,"date":"2024-12-18T17:09:19","date_gmt":"2024-12-18T17:09:19","guid":{"rendered":"https:\/\/aquasaf.com\/?post_type=product&#038;p=1013"},"modified":"2025-10-20T15:31:51","modified_gmt":"2025-10-20T15:31:51","slug":"shock-x-20-kg","status":"publish","type":"product","link":"https:\/\/aquasaf.com\/index.php\/producto\/shock-x-20-kg\/","title":{"rendered":"Shock x 20 Kg"},"content":{"rendered":"<p>x 20 Kg<\/p>\n<p>&nbsp;<\/p>\n<div class=\"stripe-header-wrapper\">\n<div id=\"vbid-54b4f174-pu3t51up\" class=\"stripe-header sub item-box page-box style-54b4f174-j0tr78jr \" data-holder-type=\"page\" data-child-type=\"STYLE\" data-styleid=\"style-54b4f174-j0tr78jr\" data-preview-styleid=\"style-54b4f174-j0tr78jr\" data-preset-type-id=\"UNRESOLVED\">\n<div class=\"page-wrapper item-wrapper \">\n<div class=\"item-content leaf blocks_layout page content\" data-self=\"vbid-54b4f174-pu3t51up\" data-preview-style=\"style-54b4f174-j0tr78jr\" data-style=\"style-f2783-7himpqznhz\" data-orig-thumb-height=\"\" data-orig-thumb-width=\"\" data-vbid=\"vbid-54b4f174-pu3t51up\" data-bgimg=\"\">\n<div class=\"helper-div middle\">\n<div class=\"text-side \">\n<div class=\"vertical-aligner\">\n<div class=\"item-details blocks-preview-content-wrapper blocks shrinker-parent\">\n<div class=\"blocks-preview-content-holder shrinker-content\">\n<div class=\"blocks-preview-title-holder removable-parent order-handle\">\n<h2 id=\"vbid-54b4f174-cavllj8o\" class=\"preview-element blocks-preview-title magic-circle-holder inner-page text-element quick-text-style-menu allow-mobile-hide\" data-menu-name=\"BLOCKS_PREVIEW_TITLE\" data-orig-font-size=\"30\">Instrucciones de uso y aplicaciones:<\/h2>\n<\/div>\n<p><strong>Nota:<\/strong>\u00a0Se recomienda hacer las verificaciones de los par\u00e1metros necesarios (pH, cloro, alcalinidad. Dureza, estabilizante, etc.) con los equipos especializados Dr.Pool.<\/p>\n<p>PARA MANTENIMIENTO DIARIO:<\/p>\n<\/div>\n<\/div>\n<\/div>\n<\/div>\n<\/div>\n<\/div>\n<\/div>\n<\/div>\n<\/div>\n<div id=\"items-holder-wrapper\">\n<div id=\"items-holder\">\n<div id=\"vbid-54b4f174-4uzjxnzg\" class=\"sub item-box page-box style-54b4f174-j0tr78jr left-side top-side bottom-side\" data-holder-type=\"page\" data-child-type=\"STYLE\" data-styleid=\"style-54b4f174-j0tr78jr\" data-preview-styleid=\"style-54b4f174-j0tr78jr\" data-preset-type-id=\"UNRESOLVED\" data-row=\"1\">\n<div class=\"page-wrapper item-wrapper \">\n<div class=\"item-content leaf multi_layout page content -container\" data-self=\"vbid-54b4f174-4uzjxnzg\" data-preview-style=\"style-54b4f174-j0tr78jr\" data-style=\"style-f2783-oogpxtqvka\" data-orig-thumb-height=\"\" data-orig-thumb-width=\"\" data-vbid=\"vbid-54b4f174-4uzjxnzg\" data-bgimg=\"\">\n<div class=\"multi-container preview image-cover\">\n<div class=\"Picture item-preview\">\n<div class=\"preview-image-holder\">\n<div class=\"helper-div middle-center\">\n<div class=\"text-side shrinker-parent\">\n<div class=\"vertical-aligner\">\n<div class=\"item-details preview-content-wrapper multi\">\n<div class=\"preview-content-holder shrinker-content\">\n<div class=\"preview-title-holder removable-parent order-handle\">\n<h2 id=\"vbid-54b4f174-l7qdniu8\" class=\"preview-element preview-title magic-circle-holder inner-page text-element quick-text-style-menu allow-mobile-hide\" data-menu-name=\"PREVIEW_TITLE\" data-orig-font-size=\"25\">1.<\/h2>\n<\/div>\n<p>Verifique que los par\u00e1metros del agua de la piscina o spa se encuentren balanceados, para un correcto desempe\u00f1o del desinfectante.<\/p>\n<\/div>\n<\/div>\n<\/div>\n<\/div>\n<\/div>\n<\/div>\n<\/div>\n<\/div>\n<\/div>\n<\/div>\n<\/div>\n<div id=\"vbid-54b4f174-zodldiij\" class=\"sub item-box page-box style-54b4f174-j0tr78jr top-side bottom-side\" data-holder-type=\"page\" data-child-type=\"STYLE\" data-styleid=\"style-54b4f174-j0tr78jr\" data-preview-styleid=\"style-54b4f174-j0tr78jr\" data-preset-type-id=\"UNRESOLVED\" data-row=\"1\">\n<div class=\"page-wrapper item-wrapper \">\n<div class=\"item-content leaf multi_layout page content -container\" data-self=\"vbid-54b4f174-zodldiij\" data-preview-style=\"style-54b4f174-j0tr78jr\" data-style=\"style-f2783-oogpxtqvka\" data-orig-thumb-height=\"\" data-orig-thumb-width=\"\" data-vbid=\"vbid-54b4f174-zodldiij\" data-bgimg=\"\">\n<div class=\"multi-container preview image-cover\">\n<div class=\"Picture item-preview\">\n<div class=\"preview-image-holder\">\n<div class=\"helper-div middle-center\">\n<div class=\"text-side shrinker-parent\">\n<div class=\"vertical-aligner\">\n<div class=\"item-details preview-content-wrapper multi\">\n<div class=\"preview-content-holder shrinker-content\">\n<div class=\"preview-title-holder removable-parent order-handle\">\n<h2 id=\"vbid-54b4f174-y2rdhufv\" class=\"preview-element preview-title magic-circle-holder inner-page text-element quick-text-style-menu allow-mobile-hide\" data-menu-name=\"PREVIEW_TITLE\" data-orig-font-size=\"25\">2.<\/h2>\n<\/div>\n<div class=\"preview-body-holder removable-parent order-handle\">\n<div id=\"vbid-54b4f174-xlhycwht\" class=\"preview-element preview-body magic-circle-holder text-element quick-text-style-menu allow-mobile-hide\" data-menu-name=\"PREVIEW_BODY\">\n<p>Confirme el nivel de cloro libre disponible y dosifique de acuerdo con la siguiente informaci\u00f3n:<\/p>\n<p><strong>Nota:<\/strong>\u00a0El producto debe ser diluido previamente en un balde con agua y luego aplicado por todo el contorno de la piscina o spa.<\/p>\n<\/div>\n<\/div>\n<\/div>\n<\/div>\n<\/div>\n<\/div>\n<\/div>\n<\/div>\n<\/div>\n<\/div>\n<\/div>\n<\/div>\n<\/div>\n<div id=\"vbid-54b4f174-svbcn5yg\" class=\"sub item-box page-box style-54b4f174-j0tr78jr top-side bottom-side\" data-holder-type=\"page\" data-child-type=\"STYLE\" data-styleid=\"style-54b4f174-j0tr78jr\" data-preview-styleid=\"style-54b4f174-j0tr78jr\" data-preset-type-id=\"UNRESOLVED\" data-row=\"1\">\n<div class=\"page-wrapper item-wrapper \">\n<div class=\"item-content leaf multi_layout page content -container\" data-self=\"vbid-54b4f174-svbcn5yg\" data-preview-style=\"style-54b4f174-j0tr78jr\" data-style=\"style-f2783-oogpxtqvka\" data-orig-thumb-height=\"\" data-orig-thumb-width=\"\" data-vbid=\"vbid-54b4f174-svbcn5yg\" data-bgimg=\"\">\n<div class=\"multi-container preview image-cover\">\n<div class=\"Picture item-preview\">\n<div class=\"preview-image-holder\">\n<div class=\"helper-div middle-center\">\n<div class=\"text-side shrinker-parent\">\n<div class=\"vertical-aligner\">\n<div class=\"item-details preview-content-wrapper multi\">\n<div class=\"preview-content-holder shrinker-content\">\n<div class=\"preview-title-holder removable-parent order-handle\">\n<h2 id=\"vbid-54b4f174-bvfqeiev\" class=\"preview-element preview-title magic-circle-holder inner-page text-element quick-text-style-menu allow-mobile-hide\" data-menu-name=\"PREVIEW_TITLE\" data-orig-font-size=\"25\">3.<\/h2>\n<\/div>\n<div class=\"preview-body-holder removable-parent order-handle\">\n<div id=\"vbid-54b4f174-f6h8n55a\" class=\"preview-element preview-body magic-circle-holder text-element quick-text-style-menu allow-mobile-hide\" data-menu-name=\"PREVIEW_BODY\">\n<p>Ubique la v\u00e1lvula del filtro en posici\u00f3n de recirculaci\u00f3n y permita homogenizar durante 1 hora.<\/p>\n<\/div>\n<\/div>\n<\/div>\n<\/div>\n<\/div>\n<\/div>\n<\/div>\n<\/div>\n<\/div>\n<\/div>\n<\/div>\n<\/div>\n<\/div>\n<div id=\"vbid-86b9efff-clwxbkiu\" class=\"sub item-box page-box style-54b4f174-j0tr78jr right-side top-side bottom-side\" data-holder-type=\"page\" data-child-type=\"STYLE\" data-styleid=\"style-54b4f174-j0tr78jr\" data-preview-styleid=\"style-54b4f174-j0tr78jr\" data-preset-type-id=\"UNRESOLVED\" data-row=\"1\">\n<div class=\"page-wrapper item-wrapper \">\n<div class=\"item-content leaf multi_layout page content -container\" data-self=\"vbid-86b9efff-clwxbkiu\" data-preview-style=\"style-54b4f174-j0tr78jr\" data-style=\"style-f2783-oogpxtqvka\" data-orig-thumb-height=\"\" data-orig-thumb-width=\"\" data-vbid=\"vbid-86b9efff-clwxbkiu\" data-bgimg=\"\">\n<div class=\"multi-container preview image-cover\">\n<div class=\"Picture item-preview\">\n<div class=\"preview-image-holder\">\n<div class=\"helper-div middle-center\">\n<div class=\"text-side shrinker-parent\">\n<div class=\"vertical-aligner\">\n<div class=\"item-details preview-content-wrapper multi\">\n<div class=\"preview-content-holder shrinker-content\">\n<div class=\"preview-title-holder removable-parent order-handle\">\n<h2 id=\"vbid-86b9efff-7lzq8w0b\" class=\"preview-element preview-title magic-circle-holder inner-page text-element quick-text-style-menu allow-mobile-hide\" data-menu-name=\"PREVIEW_TITLE\" data-orig-font-size=\"25\">4.<\/h2>\n<\/div>\n<p>Verifique que el nivel de cloro se encuentre en el rango aceptado por la norma para dar apertura.<\/p>\n<\/div>\n<\/div>\n<\/div>\n<\/div>\n<\/div>\n<\/div>\n<\/div>\n<\/div>\n<\/div>\n<\/div>\n<\/div>\n<\/div>\n<\/div>\n","protected":false},"excerpt":{"rendered":"<p>Es un producto desinfectante estabilizado con 56% m\u00ednimo de cloro disponible, Al ser de r\u00e1pida disoluci\u00f3n, se puede usar en cualquier aplicaci\u00f3n que requiera aumentar la concentraci\u00f3n de cloro libre de manera inmediata. Elimina y oxida contaminantes presentes en el agua como microorganismos, materia org\u00e1nica y cloraminas.<\/p>\n<p><strong>Caracter\u00edsticas<\/strong><\/p>\n<ul>\n<li>Resistente a los rayos UV<\/li>\n<li>Elimina materia org\u00e1nica y microorganismos<\/li>\n<li>Apto para cualquier superficie<\/li>\n<\/ul>\n","protected":false},"featured_media":1014,"comment_status":"open","ping_status":"closed","template":"","meta":{"om_disable_all_campaigns":false,"_monsterinsights_skip_tracking":false,"_monsterinsights_sitenote_active":false,"_monsterinsights_sitenote_note":"","_monsterinsights_sitenote_category":0,"site-sidebar-layout":"default","site-content-layout":"default","ast-main-header-display":"","ast-hfb-above-header-display":"","ast-hfb-below-header-display":"","ast-hfb-mobile-header-display":"","site-post-title":"","ast-breadcrumbs-content":"","ast-featured-img":"","footer-sml-layout":"","theme-transparent-header-meta":"default","adv-header-id-meta":"","stick-header-meta":"","header-above-stick-meta":"","header-main-stick-meta":"","header-below-stick-meta":""},"product_brand":[],"product_cat":[33],"product_tag":[],"class_list":{"0":"post-1013","1":"product","2":"type-product","3":"status-publish","4":"has-post-thumbnail","6":"product_cat-quimicos","8":"first","9":"instock","10":"shipping-taxable","11":"purchasable","12":"product-type-simple"},"aioseo_notices":[],"jetpack_sharing_enabled":true,"_links":{"self":[{"href":"https:\/\/aquasaf.com\/index.php\/wp-json\/wp\/v2\/product\/1013","targetHints":{"allow":["GET"]}}],"collection":[{"href":"https:\/\/aquasaf.com\/index.php\/wp-json\/wp\/v2\/product"}],"about":[{"href":"https:\/\/aquasaf.com\/index.php\/wp-json\/wp\/v2\/types\/product"}],"replies":[{"embeddable":true,"href":"https:\/\/aquasaf.com\/index.php\/wp-json\/wp\/v2\/comments?post=1013"}],"wp:featuredmedia":[{"embeddable":true,"href":"https:\/\/aquasaf.com\/index.php\/wp-json\/wp\/v2\/media\/1014"}],"wp:attachment":[{"href":"https:\/\/aquasaf.com\/index.php\/wp-json\/wp\/v2\/media?parent=1013"}],"wp:term":[{"taxonomy":"product_brand","embeddable":true,"href":"https:\/\/aquasaf.com\/index.php\/wp-json\/wp\/v2\/product_brand?post=1013"},{"taxonomy":"product_cat","embeddable":true,"href":"https:\/\/aquasaf.com\/index.php\/wp-json\/wp\/v2\/product_cat?post=1013"},{"taxonomy":"product_tag","embeddable":true,"href":"https:\/\/aquasaf.com\/index.php\/wp-json\/wp\/v2\/product_tag?post=1013"}],"curies":[{"name":"wp","href":"https:\/\/api.w.org\/{rel}","templated":true}]}}