{"id":1499,"date":"2025-09-15T16:08:22","date_gmt":"2025-09-15T16:08:22","guid":{"rendered":"https:\/\/aquasaf.com\/?page_id=1499"},"modified":"2025-09-15T17:19:35","modified_gmt":"2025-09-15T17:19:35","slug":"politica-de-privacidad-aquasaf","status":"publish","type":"page","link":"https:\/\/aquasaf.com\/index.php\/politica-de-privacidad-aquasaf\/","title":{"rendered":"Pol\u00edtica de Privacidad \u2013 Aquasaf"},"content":{"rendered":"\t\t<div data-elementor-type=\"wp-page\" data-elementor-id=\"1499\" class=\"elementor elementor-1499\">\n\t\t\t\t\t\t<section class=\"elementor-section elementor-top-section elementor-element elementor-element-ea947e0 elementor-section-boxed elementor-section-height-default elementor-section-height-default\" data-id=\"ea947e0\" data-element_type=\"section\">\n\t\t\t\t\t\t<div class=\"elementor-container elementor-column-gap-default\">\n\t\t\t\t\t<div class=\"elementor-column elementor-col-100 elementor-top-column elementor-element elementor-element-fa8eadc\" data-id=\"fa8eadc\" data-element_type=\"column\">\n\t\t\t<div class=\"elementor-widget-wrap elementor-element-populated\">\n\t\t\t\t\t\t<div class=\"elementor-element elementor-element-7f906ce elementor-widget elementor-widget-heading\" data-id=\"7f906ce\" data-element_type=\"widget\" data-widget_type=\"heading.default\">\n\t\t\t\t<div class=\"elementor-widget-container\">\n\t\t\t\t\t<h2 class=\"elementor-heading-title elementor-size-default\"><h2 data-start=\"440\" data-end=\"475\">Pol\u00edtica de Privacidad \u2013 Aquasaf<\/h2>\n<p data-start=\"477\" data-end=\"661\"><\/p><\/h2>\t\t\t\t<\/div>\n\t\t\t\t<\/div>\n\t\t\t\t\t<\/div>\n\t\t<\/div>\n\t\t\t\t\t<\/div>\n\t\t<\/section>\n\t\t\t\t<section class=\"elementor-section elementor-top-section elementor-element elementor-element-b64f48a elementor-section-boxed elementor-section-height-default elementor-section-height-default\" data-id=\"b64f48a\" data-element_type=\"section\">\n\t\t\t\t\t\t<div class=\"elementor-container elementor-column-gap-default\">\n\t\t\t\t\t<div class=\"elementor-column elementor-col-100 elementor-top-column elementor-element elementor-element-b8ddcbc\" data-id=\"b8ddcbc\" data-element_type=\"column\">\n\t\t\t<div class=\"elementor-widget-wrap elementor-element-populated\">\n\t\t\t\t\t\t<div class=\"elementor-element elementor-element-3254009 elementor-widget elementor-widget-text-editor\" data-id=\"3254009\" data-element_type=\"widget\" data-widget_type=\"text-editor.default\">\n\t\t\t\t<div class=\"elementor-widget-container\">\n\t\t\t\t\t\t\t\t\t<p data-start=\"477\" data-end=\"661\">En <strong data-start=\"480\" data-end=\"509\">Aquasaf Ingenier\u00eda S.A.S.<\/strong> respetamos tu privacidad y protegemos tus datos personales. Esta pol\u00edtica explica c\u00f3mo recopilamos, usamos y cuidamos la informaci\u00f3n que nos compartes.<\/p><h3 data-start=\"663\" data-end=\"697\">1. Informaci\u00f3n que recopilamos<\/h3><p data-start=\"698\" data-end=\"814\">Cuando interact\u00faas con nosotros (formulario de contacto, cotizaciones, descargas o publicidad), podemos recopilar:<\/p><ul data-start=\"815\" data-end=\"1010\"><li data-start=\"815\" data-end=\"837\"><p data-start=\"817\" data-end=\"837\">Nombre y apellidos<\/p><\/li><li data-start=\"838\" data-end=\"873\"><p data-start=\"840\" data-end=\"873\">Direcci\u00f3n de correo electr\u00f3nico<\/p><\/li><li data-start=\"874\" data-end=\"896\"><p data-start=\"876\" data-end=\"896\">N\u00famero de tel\u00e9fono<\/p><\/li><li data-start=\"897\" data-end=\"921\"><p data-start=\"899\" data-end=\"921\">Nombre de la empresa<\/p><\/li><li data-start=\"922\" data-end=\"931\"><p data-start=\"924\" data-end=\"931\">Cargo<\/p><\/li><li data-start=\"932\" data-end=\"1010\"><p data-start=\"934\" data-end=\"1010\">Informaci\u00f3n relacionada con proyectos o necesidades de tratamiento de agua<\/p><\/li><\/ul><h3 data-start=\"1012\" data-end=\"1040\">2. Uso de la informaci\u00f3n<\/h3><p data-start=\"1041\" data-end=\"1083\">La informaci\u00f3n se usar\u00e1 \u00fanicamente para:<\/p><ul data-start=\"1084\" data-end=\"1298\"><li data-start=\"1084\" data-end=\"1150\"><p data-start=\"1086\" data-end=\"1150\">Dar respuesta a tus solicitudes de informaci\u00f3n o cotizaciones.<\/p><\/li><li data-start=\"1151\" data-end=\"1244\"><p data-start=\"1153\" data-end=\"1244\">Enviar comunicaciones comerciales y actualizaciones sobre nuestros productos y servicios.<\/p><\/li><li data-start=\"1245\" data-end=\"1298\"><p data-start=\"1247\" data-end=\"1298\">Mejorar nuestra oferta y experiencia de servicio.<\/p><\/li><\/ul><h3 data-start=\"1300\" data-end=\"1335\">3. Protecci\u00f3n de la informaci\u00f3n<\/h3><p data-start=\"1336\" data-end=\"1463\">Tus datos se almacenan de forma segura y <strong data-start=\"1377\" data-end=\"1414\">no ser\u00e1n compartidos con terceros<\/strong> sin tu consentimiento, salvo obligaci\u00f3n legal.<\/p><h3 data-start=\"1465\" data-end=\"1492\">4. Derechos del titular<\/h3><p data-start=\"1493\" data-end=\"1512\">Tienes derecho a:<\/p><ul data-start=\"1513\" data-end=\"1687\"><li data-start=\"1513\" data-end=\"1560\"><p data-start=\"1515\" data-end=\"1560\">Conocer, actualizar y rectificar tus datos.<\/p><\/li><li data-start=\"1561\" data-end=\"1608\"><p data-start=\"1563\" data-end=\"1608\">Solicitar la eliminaci\u00f3n de tu informaci\u00f3n.<\/p><\/li><li data-start=\"1609\" data-end=\"1687\"><p data-start=\"1611\" data-end=\"1687\">Revocar tu autorizaci\u00f3n para el tratamiento de datos en cualquier momento.<\/p><\/li><\/ul><p data-start=\"1689\" data-end=\"1763\">Para ejercer estos derechos, cont\u00e1ctanos al correo: ventas<strong data-start=\"1741\" data-end=\"1761\"><a class=\"decorated-link cursor-pointer\" rel=\"noopener\" data-start=\"1743\" data-end=\"1759\">@aquasaf.com<\/a><\/strong><\/p><h3 data-start=\"1765\" data-end=\"1780\">5. Vigencia<\/h3><p data-start=\"1781\" data-end=\"1951\">Esta pol\u00edtica entra en vigor desde su publicaci\u00f3n en nuestra p\u00e1gina web y podr\u00e1 ser actualizada en cualquier momento, informando a los usuarios mediante este mismo canal.<\/p>\t\t\t\t\t\t\t\t<\/div>\n\t\t\t\t<\/div>\n\t\t\t\t\t<\/div>\n\t\t<\/div>\n\t\t\t\t\t<\/div>\n\t\t<\/section>\n\t\t\t\t<\/div>\n\t\t","protected":false},"excerpt":{"rendered":"<p>Pol\u00edtica de Privacidad \u2013 Aquasaf En Aquasaf Ingenier\u00eda S.A.S. respetamos tu privacidad y protegemos tus datos personales. Esta pol\u00edtica explica c\u00f3mo recopilamos, usamos y cuidamos la informaci\u00f3n que nos compartes. 1. Informaci\u00f3n que recopilamos Cuando interact\u00faas con nosotros (formulario de contacto, cotizaciones, descargas o publicidad), podemos recopilar: Nombre y apellidos Direcci\u00f3n de correo electr\u00f3nico N\u00famero &hellip;<\/p>\n<p class=\"read-more\"> <a class=\"\" href=\"https:\/\/aquasaf.com\/index.php\/politica-de-privacidad-aquasaf\/\"> <span class=\"screen-reader-text\">Pol\u00edtica de Privacidad \u2013 Aquasaf<\/span> Leer m\u00e1s &raquo;<\/a><\/p>\n","protected":false},"author":1,"featured_media":0,"parent":0,"menu_order":0,"comment_status":"closed","ping_status":"closed","template":"","meta":{"om_disable_all_campaigns":false,"_monsterinsights_skip_tracking":false,"_monsterinsights_sitenote_active":false,"_monsterinsights_sitenote_note":"","_monsterinsights_sitenote_category":0,"site-sidebar-layout":"no-sidebar","site-content-layout":"page-builder","ast-main-header-display":"","ast-hfb-above-header-display":"","ast-hfb-below-header-display":"","ast-hfb-mobile-header-display":"","site-post-title":"disabled","ast-breadcrumbs-content":"","ast-featured-img":"disabled","footer-sml-layout":"","theme-transparent-header-meta":"","adv-header-id-meta":"","stick-header-meta":"","header-above-stick-meta":"","header-main-stick-meta":"","header-below-stick-meta":"","footnotes":""},"class_list":["post-1499","page","type-page","status-publish","hentry"],"aioseo_notices":[],"jetpack_sharing_enabled":true,"_links":{"self":[{"href":"https:\/\/aquasaf.com\/index.php\/wp-json\/wp\/v2\/pages\/1499","targetHints":{"allow":["GET"]}}],"collection":[{"href":"https:\/\/aquasaf.com\/index.php\/wp-json\/wp\/v2\/pages"}],"about":[{"href":"https:\/\/aquasaf.com\/index.php\/wp-json\/wp\/v2\/types\/page"}],"author":[{"embeddable":true,"href":"https:\/\/aquasaf.com\/index.php\/wp-json\/wp\/v2\/users\/1"}],"replies":[{"embeddable":true,"href":"https:\/\/aquasaf.com\/index.php\/wp-json\/wp\/v2\/comments?post=1499"}],"version-history":[{"count":7,"href":"https:\/\/aquasaf.com\/index.php\/wp-json\/wp\/v2\/pages\/1499\/revisions"}],"predecessor-version":[{"id":1511,"href":"https:\/\/aquasaf.com\/index.php\/wp-json\/wp\/v2\/pages\/1499\/revisions\/1511"}],"wp:attachment":[{"href":"https:\/\/aquasaf.com\/index.php\/wp-json\/wp\/v2\/media?parent=1499"}],"curies":[{"name":"wp","href":"https:\/\/api.w.org\/{rel}","templated":true}]}}