{"id":1265,"date":"2025-01-08T20:22:03","date_gmt":"2025-01-08T20:22:03","guid":{"rendered":"https:\/\/aquasaf.com\/?page_id=1265"},"modified":"2025-01-09T15:40:07","modified_gmt":"2025-01-09T15:40:07","slug":"gestion-y-aprovechamiento-de-aguas-subterraneas","status":"publish","type":"page","link":"https:\/\/aquasaf.com\/index.php\/gestion-y-aprovechamiento-de-aguas-subterraneas\/","title":{"rendered":"Gesti\u00f3n y Aprovechamiento de Aguas Subterr\u00e1neas"},"content":{"rendered":"\t\t<div data-elementor-type=\"wp-page\" data-elementor-id=\"1265\" class=\"elementor elementor-1265\">\n\t\t\t\t\t\t<section class=\"elementor-section elementor-top-section elementor-element elementor-element-9857caa elementor-section-boxed elementor-section-height-default elementor-section-height-default\" data-id=\"9857caa\" data-element_type=\"section\">\n\t\t\t\t\t\t<div class=\"elementor-container elementor-column-gap-default\">\n\t\t\t\t\t<div class=\"elementor-column elementor-col-100 elementor-top-column elementor-element elementor-element-b3e4f60\" data-id=\"b3e4f60\" data-element_type=\"column\">\n\t\t\t<div class=\"elementor-widget-wrap elementor-element-populated\">\n\t\t\t\t\t\t<div class=\"elementor-element elementor-element-bc50b22 elementor-widget elementor-widget-spacer\" data-id=\"bc50b22\" data-element_type=\"widget\" data-widget_type=\"spacer.default\">\n\t\t\t\t<div class=\"elementor-widget-container\">\n\t\t\t\t\t\t\t<div class=\"elementor-spacer\">\n\t\t\t<div class=\"elementor-spacer-inner\"><\/div>\n\t\t<\/div>\n\t\t\t\t\t\t<\/div>\n\t\t\t\t<\/div>\n\t\t\t\t<div class=\"elementor-element elementor-element-4b3f0ec elementor-widget elementor-widget-heading\" data-id=\"4b3f0ec\" data-element_type=\"widget\" data-widget_type=\"heading.default\">\n\t\t\t\t<div class=\"elementor-widget-container\">\n\t\t\t\t\t<h2 class=\"elementor-heading-title elementor-size-default\">Gesti\u00f3n y Aprovechamiento de Aguas Subterr\u00e1neas<\/h2>\t\t\t\t<\/div>\n\t\t\t\t<\/div>\n\t\t\t\t\t<\/div>\n\t\t<\/div>\n\t\t\t\t\t<\/div>\n\t\t<\/section>\n\t\t\t\t<section class=\"elementor-section elementor-top-section elementor-element elementor-element-d07b64e elementor-section-boxed elementor-section-height-default elementor-section-height-default\" data-id=\"d07b64e\" data-element_type=\"section\">\n\t\t\t\t\t\t<div class=\"elementor-container elementor-column-gap-default\">\n\t\t\t\t\t<div class=\"elementor-column elementor-col-100 elementor-top-column elementor-element elementor-element-25591b4\" data-id=\"25591b4\" data-element_type=\"column\">\n\t\t\t<div class=\"elementor-widget-wrap elementor-element-populated\">\n\t\t\t\t\t\t<div class=\"elementor-element elementor-element-2c84dd1 elementor-widget elementor-widget-spacer\" data-id=\"2c84dd1\" data-element_type=\"widget\" data-widget_type=\"spacer.default\">\n\t\t\t\t<div class=\"elementor-widget-container\">\n\t\t\t\t\t\t\t<div class=\"elementor-spacer\">\n\t\t\t<div class=\"elementor-spacer-inner\"><\/div>\n\t\t<\/div>\n\t\t\t\t\t\t<\/div>\n\t\t\t\t<\/div>\n\t\t\t\t<div class=\"elementor-element elementor-element-8df2fef elementor-widget elementor-widget-text-editor\" data-id=\"8df2fef\" data-element_type=\"widget\" data-widget_type=\"text-editor.default\">\n\t\t\t\t<div class=\"elementor-widget-container\">\n\t\t\t\t\t\t\t\t\t<p>En Aquasaf Ingenier\u00eda SAS, somos especialistas en la gesti\u00f3n de aguas subterr\u00e1neas, un recurso vital para la sostenibilidad y el abastecimiento en diversas industrias y comunidades. Ofrecemos servicios completos que garantizan la exploraci\u00f3n, explotaci\u00f3n y aprovechamiento responsable de este recurso, integrando tecnolog\u00edas avanzadas y metodolog\u00edas cient\u00edficas para garantizar los mejores resultados.<\/p><p>\u00a0<\/p>\t\t\t\t\t\t\t\t<\/div>\n\t\t\t\t<\/div>\n\t\t\t\t\t<\/div>\n\t\t<\/div>\n\t\t\t\t\t<\/div>\n\t\t<\/section>\n\t\t\t\t<section class=\"elementor-section elementor-top-section elementor-element elementor-element-b13b7d6 elementor-section-boxed elementor-section-height-default elementor-section-height-default\" data-id=\"b13b7d6\" data-element_type=\"section\">\n\t\t\t\t\t\t<div class=\"elementor-container elementor-column-gap-default\">\n\t\t\t\t\t<div class=\"elementor-column elementor-col-50 elementor-top-column elementor-element elementor-element-47d68d6\" data-id=\"47d68d6\" data-element_type=\"column\">\n\t\t\t<div class=\"elementor-widget-wrap elementor-element-populated\">\n\t\t\t\t\t\t<div class=\"elementor-element elementor-element-82d7128 elementor-widget elementor-widget-text-editor\" data-id=\"82d7128\" data-element_type=\"widget\" data-widget_type=\"text-editor.default\">\n\t\t\t\t<div class=\"elementor-widget-container\">\n\t\t\t\t\t\t\t\t\t<p><strong>Nuestros Servicios<\/strong><\/p><ol><li><strong>Perforaci\u00f3n de Pozos Profundos<\/strong>:<ul><li>Dise\u00f1o y construcci\u00f3n de pozos para explotaci\u00f3n de aguas subterr\u00e1neas, considerando factores geol\u00f3gicos y ambientales.<\/li><li>Ejecuci\u00f3n con maquinaria de \u00faltima generaci\u00f3n, asegurando precisi\u00f3n y eficiencia.<\/li><\/ul><\/li><li><strong>Estudios Hidrogeol\u00f3gicos Hidrol\u00f3gicos y Geoel\u00e9ctricos<\/strong>:<ul><li>Identificaci\u00f3n y caracterizaci\u00f3n de acu\u00edferos para determinar su capacidad y sostenibilidad a largo plazo.<\/li><li>Aplicaci\u00f3n de estudios geoel\u00e9ctricos para mapear estructuras subterran\u00e9as y evaluar su viabilidad para proyectos de extracci\u00f3n.<\/li><\/ul><\/li><li><strong>Pruebas de Bombeo y Monitoreo<\/strong>:<ul><li>Realizaci\u00f3n de pruebas de bombeo para determinar el rendimiento y la capacidad del pozo.<\/li><li>Implementaci\u00f3n de sistemas de monitoreo continuo para evaluar la calidad y cantidad de agua extra\u00edda.<\/li><\/ul><\/li><li><strong>Rehabilitaci\u00f3n de Pozos<\/strong>:<ul><li>Servicios de mantenimiento y restauraci\u00f3n para pozos existentes, optimizando su eficiencia y prolongando su vida \u00fatil.<\/li><\/ul><\/li><\/ol>\t\t\t\t\t\t\t\t<\/div>\n\t\t\t\t<\/div>\n\t\t\t\t\t<\/div>\n\t\t<\/div>\n\t\t\t\t<div class=\"elementor-column elementor-col-50 elementor-top-column elementor-element elementor-element-846c54e\" data-id=\"846c54e\" data-element_type=\"column\">\n\t\t\t<div class=\"elementor-widget-wrap elementor-element-populated\">\n\t\t\t\t\t\t<div class=\"elementor-element elementor-element-99f0dbb elementor-widget elementor-widget-spacer\" data-id=\"99f0dbb\" data-element_type=\"widget\" data-widget_type=\"spacer.default\">\n\t\t\t\t<div class=\"elementor-widget-container\">\n\t\t\t\t\t\t\t<div class=\"elementor-spacer\">\n\t\t\t<div class=\"elementor-spacer-inner\"><\/div>\n\t\t<\/div>\n\t\t\t\t\t\t<\/div>\n\t\t\t\t<\/div>\n\t\t\t\t<div class=\"elementor-element elementor-element-43d6548 elementor-widget elementor-widget-image\" data-id=\"43d6548\" data-element_type=\"widget\" data-widget_type=\"image.default\">\n\t\t\t\t<div class=\"elementor-widget-container\">\n\t\t\t\t\t\t\t\t\t\t\t\t\t\t\t<img fetchpriority=\"high\" decoding=\"async\" width=\"1000\" height=\"713\" src=\"https:\/\/aquasaf.com\/wp-content\/uploads\/2025\/01\/pozo-frofundo.jpg\" class=\"attachment-large size-large wp-image-1281\" alt=\"\" srcset=\"https:\/\/aquasaf.com\/wp-content\/uploads\/2025\/01\/pozo-frofundo.jpg 1000w, https:\/\/aquasaf.com\/wp-content\/uploads\/2025\/01\/pozo-frofundo-300x214.jpg 300w, https:\/\/aquasaf.com\/wp-content\/uploads\/2025\/01\/pozo-frofundo-768x548.jpg 768w, https:\/\/aquasaf.com\/wp-content\/uploads\/2025\/01\/pozo-frofundo-600x428.jpg 600w\" sizes=\"(max-width: 1000px) 100vw, 1000px\" \/>\t\t\t\t\t\t\t\t\t\t\t\t\t\t\t<\/div>\n\t\t\t\t<\/div>\n\t\t\t\t\t<\/div>\n\t\t<\/div>\n\t\t\t\t\t<\/div>\n\t\t<\/section>\n\t\t\t\t<section class=\"elementor-section elementor-top-section elementor-element elementor-element-611951e elementor-section-boxed elementor-section-height-default elementor-section-height-default\" data-id=\"611951e\" data-element_type=\"section\">\n\t\t\t\t\t\t<div class=\"elementor-container elementor-column-gap-default\">\n\t\t\t\t\t<div class=\"elementor-column elementor-col-50 elementor-top-column elementor-element elementor-element-9960aa4\" data-id=\"9960aa4\" data-element_type=\"column\">\n\t\t\t<div class=\"elementor-widget-wrap elementor-element-populated\">\n\t\t\t\t\t\t<div class=\"elementor-element elementor-element-3e8ef39 elementor-widget elementor-widget-spacer\" data-id=\"3e8ef39\" data-element_type=\"widget\" data-widget_type=\"spacer.default\">\n\t\t\t\t<div class=\"elementor-widget-container\">\n\t\t\t\t\t\t\t<div class=\"elementor-spacer\">\n\t\t\t<div class=\"elementor-spacer-inner\"><\/div>\n\t\t<\/div>\n\t\t\t\t\t\t<\/div>\n\t\t\t\t<\/div>\n\t\t\t\t<div class=\"elementor-element elementor-element-ea7cb60 elementor-widget elementor-widget-image\" data-id=\"ea7cb60\" data-element_type=\"widget\" data-widget_type=\"image.default\">\n\t\t\t\t<div class=\"elementor-widget-container\">\n\t\t\t\t\t\t\t\t\t\t\t\t\t\t\t<img decoding=\"async\" width=\"1000\" height=\"667\" src=\"https:\/\/aquasaf.com\/wp-content\/uploads\/2025\/01\/2833.jpg\" class=\"attachment-large size-large wp-image-1286\" alt=\"\" srcset=\"https:\/\/aquasaf.com\/wp-content\/uploads\/2025\/01\/2833.jpg 1000w, https:\/\/aquasaf.com\/wp-content\/uploads\/2025\/01\/2833-300x200.jpg 300w, https:\/\/aquasaf.com\/wp-content\/uploads\/2025\/01\/2833-768x512.jpg 768w, https:\/\/aquasaf.com\/wp-content\/uploads\/2025\/01\/2833-600x400.jpg 600w\" sizes=\"(max-width: 1000px) 100vw, 1000px\" \/>\t\t\t\t\t\t\t\t\t\t\t\t\t\t\t<\/div>\n\t\t\t\t<\/div>\n\t\t\t\t\t<\/div>\n\t\t<\/div>\n\t\t\t\t<div class=\"elementor-column elementor-col-50 elementor-top-column elementor-element elementor-element-3a45878\" data-id=\"3a45878\" data-element_type=\"column\">\n\t\t\t<div class=\"elementor-widget-wrap elementor-element-populated\">\n\t\t\t\t\t\t<div class=\"elementor-element elementor-element-4215b3c elementor-widget elementor-widget-text-editor\" data-id=\"4215b3c\" data-element_type=\"widget\" data-widget_type=\"text-editor.default\">\n\t\t\t\t<div class=\"elementor-widget-container\">\n\t\t\t\t\t\t\t\t\t<p><strong>Ventajas de Nuestras Soluciones<\/strong><\/p><ul><li><strong>Precisi\u00f3n y Confiabilidad<\/strong>: Uso de metodolog\u00edas cient\u00edficas y tecnolog\u00eda avanzada para garantizar resultados precisos y sostenibles.<\/li><li><strong>Sostenibilidad<\/strong>: Dise\u00f1amos proyectos que respetan el equilibrio ambiental, asegurando el uso responsable de los recursos.<\/li><li><strong>Experiencia Comprobada<\/strong>: Contamos con un historial exitoso en proyectos de aguas subterr\u00e1neas para diferentes sectores.<\/li><\/ul><p><strong>Tecnolog\u00eda Avanzada<\/strong><\/p><ul><li><strong>Equipos de Perforaci\u00f3n de Alta Precisi\u00f3n<\/strong>: Dise\u00f1ados para adaptarse a diversas condiciones geol\u00f3gicas.<\/li><li><strong>Software de Modelado Hidrogeol\u00f3gico<\/strong>: Simulaciones avanzadas para predecir el comportamiento de los acu\u00edferos.<\/li><li><strong>Sistemas de Monitoreo Remoto<\/strong>: Seguimiento continuo del rendimiento del pozo y de la calidad del agua.<\/li><\/ul>\t\t\t\t\t\t\t\t<\/div>\n\t\t\t\t<\/div>\n\t\t\t\t\t<\/div>\n\t\t<\/div>\n\t\t\t\t\t<\/div>\n\t\t<\/section>\n\t\t\t\t<section class=\"elementor-section elementor-top-section elementor-element elementor-element-8dc2b94 elementor-section-boxed elementor-section-height-default elementor-section-height-default\" data-id=\"8dc2b94\" data-element_type=\"section\">\n\t\t\t\t\t\t<div class=\"elementor-container elementor-column-gap-default\">\n\t\t\t\t\t<div class=\"elementor-column elementor-col-100 elementor-top-column elementor-element elementor-element-ab3dea3\" data-id=\"ab3dea3\" data-element_type=\"column\">\n\t\t\t<div class=\"elementor-widget-wrap elementor-element-populated\">\n\t\t\t\t\t\t<div class=\"elementor-element elementor-element-857fcd4 elementor-widget elementor-widget-text-editor\" data-id=\"857fcd4\" data-element_type=\"widget\" data-widget_type=\"text-editor.default\">\n\t\t\t\t<div class=\"elementor-widget-container\">\n\t\t\t\t\t\t\t\t\t<p>Conf\u00eda en AquaSaf para gestionar y aprovechar de manera eficiente las aguas subterr\u00e1neas. Cont\u00e1ctanos para una evaluaci\u00f3n personalizada y comienza a optimizar el uso de este recurso vital, asegurando la sostenibilidad de tus proyectos a largo plazo.<\/p><p>\u00a0<\/p>\t\t\t\t\t\t\t\t<\/div>\n\t\t\t\t<\/div>\n\t\t\t\t\t<\/div>\n\t\t<\/div>\n\t\t\t\t\t<\/div>\n\t\t<\/section>\n\t\t\t\t<\/div>\n\t\t","protected":false},"excerpt":{"rendered":"<p>Gesti\u00f3n y Aprovechamiento de Aguas Subterr\u00e1neas En Aquasaf Ingenier\u00eda SAS, somos especialistas en la gesti\u00f3n de aguas subterr\u00e1neas, un recurso vital para la sostenibilidad y el abastecimiento en diversas industrias y comunidades. Ofrecemos servicios completos que garantizan la exploraci\u00f3n, explotaci\u00f3n y aprovechamiento responsable de este recurso, integrando tecnolog\u00edas avanzadas y metodolog\u00edas cient\u00edficas para garantizar los &hellip;<\/p>\n<p class=\"read-more\"> <a class=\"\" href=\"https:\/\/aquasaf.com\/index.php\/gestion-y-aprovechamiento-de-aguas-subterraneas\/\"> <span class=\"screen-reader-text\">Gesti\u00f3n y Aprovechamiento de Aguas Subterr\u00e1neas<\/span> Leer m\u00e1s &raquo;<\/a><\/p>\n","protected":false},"author":1,"featured_media":0,"parent":0,"menu_order":0,"comment_status":"closed","ping_status":"closed","template":"","meta":{"om_disable_all_campaigns":false,"_monsterinsights_skip_tracking":false,"_monsterinsights_sitenote_active":false,"_monsterinsights_sitenote_note":"","_monsterinsights_sitenote_category":0,"site-sidebar-layout":"no-sidebar","site-content-layout":"page-builder","ast-main-header-display":"","ast-hfb-above-header-display":"","ast-hfb-below-header-display":"","ast-hfb-mobile-header-display":"","site-post-title":"disabled","ast-breadcrumbs-content":"","ast-featured-img":"disabled","footer-sml-layout":"","theme-transparent-header-meta":"","adv-header-id-meta":"","stick-header-meta":"","header-above-stick-meta":"","header-main-stick-meta":"","header-below-stick-meta":"","footnotes":""},"class_list":["post-1265","page","type-page","status-publish","hentry"],"aioseo_notices":[],"jetpack_sharing_enabled":true,"_links":{"self":[{"href":"https:\/\/aquasaf.com\/index.php\/wp-json\/wp\/v2\/pages\/1265","targetHints":{"allow":["GET"]}}],"collection":[{"href":"https:\/\/aquasaf.com\/index.php\/wp-json\/wp\/v2\/pages"}],"about":[{"href":"https:\/\/aquasaf.com\/index.php\/wp-json\/wp\/v2\/types\/page"}],"author":[{"embeddable":true,"href":"https:\/\/aquasaf.com\/index.php\/wp-json\/wp\/v2\/users\/1"}],"replies":[{"embeddable":true,"href":"https:\/\/aquasaf.com\/index.php\/wp-json\/wp\/v2\/comments?post=1265"}],"version-history":[{"count":13,"href":"https:\/\/aquasaf.com\/index.php\/wp-json\/wp\/v2\/pages\/1265\/revisions"}],"predecessor-version":[{"id":1311,"href":"https:\/\/aquasaf.com\/index.php\/wp-json\/wp\/v2\/pages\/1265\/revisions\/1311"}],"wp:attachment":[{"href":"https:\/\/aquasaf.com\/index.php\/wp-json\/wp\/v2\/media?parent=1265"}],"curies":[{"name":"wp","href":"https:\/\/api.w.org\/{rel}","templated":true}]}}