{"id":1235,"date":"2025-01-08T19:33:44","date_gmt":"2025-01-08T19:33:44","guid":{"rendered":"https:\/\/aquasaf.com\/?page_id=1235"},"modified":"2025-01-08T19:44:07","modified_gmt":"2025-01-08T19:44:07","slug":"fabricacion-de-tanques-y-equipos-en-poliester-reforzado-con-fibra-de-vidrio-prfv","status":"publish","type":"page","link":"https:\/\/aquasaf.com\/index.php\/fabricacion-de-tanques-y-equipos-en-poliester-reforzado-con-fibra-de-vidrio-prfv\/","title":{"rendered":"Fabricaci\u00f3n de Tanques y Equipos en Poli\u00e9ster Reforzado con Fibra de Vidrio (PRFV)"},"content":{"rendered":"\t\t<div data-elementor-type=\"wp-page\" data-elementor-id=\"1235\" class=\"elementor elementor-1235\">\n\t\t\t\t\t\t<section class=\"elementor-section elementor-top-section elementor-element elementor-element-c5b25d2 elementor-section-boxed elementor-section-height-default elementor-section-height-default\" data-id=\"c5b25d2\" data-element_type=\"section\">\n\t\t\t\t\t\t<div class=\"elementor-container elementor-column-gap-default\">\n\t\t\t\t\t<div class=\"elementor-column elementor-col-100 elementor-top-column elementor-element elementor-element-ad90e91\" data-id=\"ad90e91\" data-element_type=\"column\">\n\t\t\t<div class=\"elementor-widget-wrap elementor-element-populated\">\n\t\t\t\t\t\t<div class=\"elementor-element elementor-element-5a5c6dc elementor-widget elementor-widget-spacer\" data-id=\"5a5c6dc\" data-element_type=\"widget\" data-widget_type=\"spacer.default\">\n\t\t\t\t<div class=\"elementor-widget-container\">\n\t\t\t\t\t\t\t<div class=\"elementor-spacer\">\n\t\t\t<div class=\"elementor-spacer-inner\"><\/div>\n\t\t<\/div>\n\t\t\t\t\t\t<\/div>\n\t\t\t\t<\/div>\n\t\t\t\t<div class=\"elementor-element elementor-element-9a7921e elementor-widget elementor-widget-heading\" data-id=\"9a7921e\" data-element_type=\"widget\" data-widget_type=\"heading.default\">\n\t\t\t\t<div class=\"elementor-widget-container\">\n\t\t\t\t\t<h2 class=\"elementor-heading-title elementor-size-default\">Fabricaci\u00f3n de Tanques y Equipos en Poli\u00e9ster Reforzado con Fibra de Vidrio (PRFV)<\/h2>\t\t\t\t<\/div>\n\t\t\t\t<\/div>\n\t\t\t\t<div class=\"elementor-element elementor-element-3724e91 elementor-widget elementor-widget-spacer\" data-id=\"3724e91\" data-element_type=\"widget\" data-widget_type=\"spacer.default\">\n\t\t\t\t<div class=\"elementor-widget-container\">\n\t\t\t\t\t\t\t<div class=\"elementor-spacer\">\n\t\t\t<div class=\"elementor-spacer-inner\"><\/div>\n\t\t<\/div>\n\t\t\t\t\t\t<\/div>\n\t\t\t\t<\/div>\n\t\t\t\t\t<\/div>\n\t\t<\/div>\n\t\t\t\t\t<\/div>\n\t\t<\/section>\n\t\t\t\t<section class=\"elementor-section elementor-top-section elementor-element elementor-element-850d972 elementor-section-boxed elementor-section-height-default elementor-section-height-default\" data-id=\"850d972\" data-element_type=\"section\">\n\t\t\t\t\t\t<div class=\"elementor-container elementor-column-gap-default\">\n\t\t\t\t\t<div class=\"elementor-column elementor-col-100 elementor-top-column elementor-element elementor-element-73882f4\" data-id=\"73882f4\" data-element_type=\"column\">\n\t\t\t<div class=\"elementor-widget-wrap elementor-element-populated\">\n\t\t\t\t\t\t<div class=\"elementor-element elementor-element-281effb elementor-widget elementor-widget-text-editor\" data-id=\"281effb\" data-element_type=\"widget\" data-widget_type=\"text-editor.default\">\n\t\t\t\t<div class=\"elementor-widget-container\">\n\t\t\t\t\t\t\t\t\t<p>En AquaSaf Ingenier\u00eda SAS, ofrecemos soluciones a medida para la fabricaci\u00f3n de tanques y equipos en poli\u00e9ster reforzado con fibra de vidrio (PRFV), dise\u00f1ados para garantizar durabilidad, resistencia y eficiencia en diversas aplicaciones industriales y comerciales. Nuestros productos cumplen con los m\u00e1s altos est\u00e1ndares de calidad y se adaptan a las necesidades espec\u00edficas de cada cliente.<\/p>\t\t\t\t\t\t\t\t<\/div>\n\t\t\t\t<\/div>\n\t\t\t\t\t<\/div>\n\t\t<\/div>\n\t\t\t\t\t<\/div>\n\t\t<\/section>\n\t\t\t\t<section class=\"elementor-section elementor-top-section elementor-element elementor-element-f1ca344 elementor-section-boxed elementor-section-height-default elementor-section-height-default\" data-id=\"f1ca344\" data-element_type=\"section\">\n\t\t\t\t\t\t<div class=\"elementor-container elementor-column-gap-default\">\n\t\t\t\t\t<div class=\"elementor-column elementor-col-50 elementor-top-column elementor-element elementor-element-05d6135\" data-id=\"05d6135\" data-element_type=\"column\">\n\t\t\t<div class=\"elementor-widget-wrap elementor-element-populated\">\n\t\t\t\t\t\t<div class=\"elementor-element elementor-element-549d367 elementor-widget elementor-widget-text-editor\" data-id=\"549d367\" data-element_type=\"widget\" data-widget_type=\"text-editor.default\">\n\t\t\t\t<div class=\"elementor-widget-container\">\n\t\t\t\t\t\t\t\t\t<p><strong>Nuestras Soluciones<\/strong><\/p><ol><li><strong>Dise\u00f1o Personalizado<\/strong>:<ul><li>Fabricaci\u00f3n de tanques horizontales y verticales.<\/li><li>Dise\u00f1o seg\u00fan requerimientos espec\u00edficos de capacidad y uso.<\/li><li>Adaptaci\u00f3n a condiciones ambientales y t\u00e9cnicas particulares.<\/li><\/ul><\/li><li><strong>Aplicaciones de Nuestros Tanques y Equipos<\/strong>:<ul><li>Almacenamiento de agua potable.<\/li><li>Contenci\u00f3n de productos qu\u00edmicos y soluciones industriales.<\/li><li>Sistemas de tratamiento de agua.<\/li><\/ul><\/li><li><strong>Materiales de Alta Calidad<\/strong>:<ul><li>Poli\u00e9ster reforzado con fibra de vidrio que garantiza resistencia a la corrosi\u00f3n, ligereza y larga vida \u00fatil.<\/li><li>Acabados que cumplen con las normativas sanitarias y ambientales.<\/li><\/ul><\/li><\/ol><p><strong>Beneficios de Nuestros Productos<\/strong><\/p><ul><li><strong>Resistencia y Durabilidad<\/strong>: Materiales de alta calidad que soportan condiciones extremas.<\/li><li><strong>Versatilidad<\/strong>: Dise\u00f1os adaptados a una amplia variedad de aplicaciones.<\/li><li><strong>Cumplimiento Normativo<\/strong>: Todos los productos cumplen con las normativas nacionales e internacionales.<\/li><li><strong>Reducci\u00f3n de Costos<\/strong>: Larga vida \u00fatil y bajo mantenimiento, lo que optimiza la inversi\u00f3n.<\/li><\/ul><p><strong>Procesos de Fabricaci\u00f3n<\/strong><\/p><ul><li><strong>An\u00e1lisis de Requerimientos<\/strong>: Comprensi\u00f3n detallada de las necesidades del cliente.<\/li><li><strong>Dise\u00f1o Ingenieril<\/strong>: Propuesta personalizada con especificaciones t\u00e9cnicas claras.<\/li><li><strong>Producci\u00f3n<\/strong>: Fabricaci\u00f3n bajo estrictos controles de calidad.<\/li><li><strong>Entrega e Instalaci\u00f3n<\/strong>: Asistencia en la implementaci\u00f3n y puesta en marcha.<\/li><\/ul>\t\t\t\t\t\t\t\t<\/div>\n\t\t\t\t<\/div>\n\t\t\t\t\t<\/div>\n\t\t<\/div>\n\t\t\t\t<div class=\"elementor-column elementor-col-50 elementor-top-column elementor-element elementor-element-2ab151b\" data-id=\"2ab151b\" data-element_type=\"column\">\n\t\t\t<div class=\"elementor-widget-wrap elementor-element-populated\">\n\t\t\t\t\t\t<div class=\"elementor-element elementor-element-46747ad elementor-widget elementor-widget-image\" data-id=\"46747ad\" data-element_type=\"widget\" data-widget_type=\"image.default\">\n\t\t\t\t<div class=\"elementor-widget-container\">\n\t\t\t\t\t\t\t\t\t\t\t\t\t\t\t<img fetchpriority=\"high\" decoding=\"async\" width=\"1000\" height=\"667\" src=\"https:\/\/aquasaf.com\/wp-content\/uploads\/2025\/01\/Tanque-PRFV.jpg\" class=\"attachment-large size-large wp-image-1195\" alt=\"\" srcset=\"https:\/\/aquasaf.com\/wp-content\/uploads\/2025\/01\/Tanque-PRFV.jpg 1000w, https:\/\/aquasaf.com\/wp-content\/uploads\/2025\/01\/Tanque-PRFV-300x200.jpg 300w, https:\/\/aquasaf.com\/wp-content\/uploads\/2025\/01\/Tanque-PRFV-768x512.jpg 768w, https:\/\/aquasaf.com\/wp-content\/uploads\/2025\/01\/Tanque-PRFV-600x400.jpg 600w\" sizes=\"(max-width: 1000px) 100vw, 1000px\" \/>\t\t\t\t\t\t\t\t\t\t\t\t\t\t\t<\/div>\n\t\t\t\t<\/div>\n\t\t\t\t<div class=\"elementor-element elementor-element-f86458c elementor-widget elementor-widget-spacer\" data-id=\"f86458c\" data-element_type=\"widget\" data-widget_type=\"spacer.default\">\n\t\t\t\t<div class=\"elementor-widget-container\">\n\t\t\t\t\t\t\t<div class=\"elementor-spacer\">\n\t\t\t<div class=\"elementor-spacer-inner\"><\/div>\n\t\t<\/div>\n\t\t\t\t\t\t<\/div>\n\t\t\t\t<\/div>\n\t\t\t\t<div class=\"elementor-element elementor-element-98a47ea elementor-widget elementor-widget-image\" data-id=\"98a47ea\" data-element_type=\"widget\" data-widget_type=\"image.default\">\n\t\t\t\t<div class=\"elementor-widget-container\">\n\t\t\t\t\t\t\t\t\t\t\t\t\t\t\t<img decoding=\"async\" width=\"1000\" height=\"668\" src=\"https:\/\/aquasaf.com\/wp-content\/uploads\/2025\/01\/19366.jpg\" class=\"attachment-large size-large wp-image-1249\" alt=\"\" srcset=\"https:\/\/aquasaf.com\/wp-content\/uploads\/2025\/01\/19366.jpg 1000w, https:\/\/aquasaf.com\/wp-content\/uploads\/2025\/01\/19366-300x200.jpg 300w, https:\/\/aquasaf.com\/wp-content\/uploads\/2025\/01\/19366-768x513.jpg 768w, https:\/\/aquasaf.com\/wp-content\/uploads\/2025\/01\/19366-600x401.jpg 600w\" sizes=\"(max-width: 1000px) 100vw, 1000px\" \/>\t\t\t\t\t\t\t\t\t\t\t\t\t\t\t<\/div>\n\t\t\t\t<\/div>\n\t\t\t\t\t<\/div>\n\t\t<\/div>\n\t\t\t\t\t<\/div>\n\t\t<\/section>\n\t\t\t\t<section class=\"elementor-section elementor-top-section elementor-element elementor-element-cb9a620 elementor-section-boxed elementor-section-height-default elementor-section-height-default\" data-id=\"cb9a620\" data-element_type=\"section\">\n\t\t\t\t\t\t<div class=\"elementor-container elementor-column-gap-default\">\n\t\t\t\t\t<div class=\"elementor-column elementor-col-100 elementor-top-column elementor-element elementor-element-f495cc1\" data-id=\"f495cc1\" data-element_type=\"column\">\n\t\t\t<div class=\"elementor-widget-wrap elementor-element-populated\">\n\t\t\t\t\t\t<div class=\"elementor-element elementor-element-8252bcc elementor-widget elementor-widget-spacer\" data-id=\"8252bcc\" data-element_type=\"widget\" data-widget_type=\"spacer.default\">\n\t\t\t\t<div class=\"elementor-widget-container\">\n\t\t\t\t\t\t\t<div class=\"elementor-spacer\">\n\t\t\t<div class=\"elementor-spacer-inner\"><\/div>\n\t\t<\/div>\n\t\t\t\t\t\t<\/div>\n\t\t\t\t<\/div>\n\t\t\t\t<div class=\"elementor-element elementor-element-c703adf elementor-widget elementor-widget-text-editor\" data-id=\"c703adf\" data-element_type=\"widget\" data-widget_type=\"text-editor.default\">\n\t\t\t\t<div class=\"elementor-widget-container\">\n\t\t\t\t\t\t\t\t\t<p>Si necesitas tanques o equipos confiables en PRFV para tus proyectos, cont\u00e1ctanos hoy mismo. Nuestro equipo de expertos est\u00e1 listo para dise\u00f1ar y fabricar soluciones que cumplan con tus expectativas y superen tus necesidades.<\/p>\t\t\t\t\t\t\t\t<\/div>\n\t\t\t\t<\/div>\n\t\t\t\t\t<\/div>\n\t\t<\/div>\n\t\t\t\t\t<\/div>\n\t\t<\/section>\n\t\t\t\t<\/div>\n\t\t","protected":false},"excerpt":{"rendered":"<p>Fabricaci\u00f3n de Tanques y Equipos en Poli\u00e9ster Reforzado con Fibra de Vidrio (PRFV) En AquaSaf Ingenier\u00eda SAS, ofrecemos soluciones a medida para la fabricaci\u00f3n de tanques y equipos en poli\u00e9ster reforzado con fibra de vidrio (PRFV), dise\u00f1ados para garantizar durabilidad, resistencia y eficiencia en diversas aplicaciones industriales y comerciales. Nuestros productos cumplen con los m\u00e1s &hellip;<\/p>\n<p class=\"read-more\"> <a class=\"\" href=\"https:\/\/aquasaf.com\/index.php\/fabricacion-de-tanques-y-equipos-en-poliester-reforzado-con-fibra-de-vidrio-prfv\/\"> <span class=\"screen-reader-text\">Fabricaci\u00f3n de Tanques y Equipos en Poli\u00e9ster Reforzado con Fibra de Vidrio (PRFV)<\/span> Leer m\u00e1s &raquo;<\/a><\/p>\n","protected":false},"author":1,"featured_media":0,"parent":0,"menu_order":0,"comment_status":"closed","ping_status":"closed","template":"","meta":{"om_disable_all_campaigns":false,"_monsterinsights_skip_tracking":false,"_monsterinsights_sitenote_active":false,"_monsterinsights_sitenote_note":"","_monsterinsights_sitenote_category":0,"site-sidebar-layout":"no-sidebar","site-content-layout":"page-builder","ast-main-header-display":"","ast-hfb-above-header-display":"","ast-hfb-below-header-display":"","ast-hfb-mobile-header-display":"","site-post-title":"disabled","ast-breadcrumbs-content":"","ast-featured-img":"disabled","footer-sml-layout":"","theme-transparent-header-meta":"","adv-header-id-meta":"","stick-header-meta":"","header-above-stick-meta":"","header-main-stick-meta":"","header-below-stick-meta":"","footnotes":""},"class_list":["post-1235","page","type-page","status-publish","hentry"],"aioseo_notices":[],"jetpack_sharing_enabled":true,"_links":{"self":[{"href":"https:\/\/aquasaf.com\/index.php\/wp-json\/wp\/v2\/pages\/1235","targetHints":{"allow":["GET"]}}],"collection":[{"href":"https:\/\/aquasaf.com\/index.php\/wp-json\/wp\/v2\/pages"}],"about":[{"href":"https:\/\/aquasaf.com\/index.php\/wp-json\/wp\/v2\/types\/page"}],"author":[{"embeddable":true,"href":"https:\/\/aquasaf.com\/index.php\/wp-json\/wp\/v2\/users\/1"}],"replies":[{"embeddable":true,"href":"https:\/\/aquasaf.com\/index.php\/wp-json\/wp\/v2\/comments?post=1235"}],"version-history":[{"count":10,"href":"https:\/\/aquasaf.com\/index.php\/wp-json\/wp\/v2\/pages\/1235\/revisions"}],"predecessor-version":[{"id":1258,"href":"https:\/\/aquasaf.com\/index.php\/wp-json\/wp\/v2\/pages\/1235\/revisions\/1258"}],"wp:attachment":[{"href":"https:\/\/aquasaf.com\/index.php\/wp-json\/wp\/v2\/media?parent=1235"}],"curies":[{"name":"wp","href":"https:\/\/api.w.org\/{rel}","templated":true}]}}