{"id":1201,"date":"2025-01-08T17:00:45","date_gmt":"2025-01-08T17:00:45","guid":{"rendered":"https:\/\/aquasaf.com\/?page_id=1201"},"modified":"2025-01-09T15:39:40","modified_gmt":"2025-01-09T15:39:40","slug":"soluciones-innovadoras-en-tratamiento-de-aguas","status":"publish","type":"page","link":"https:\/\/aquasaf.com\/index.php\/soluciones-innovadoras-en-tratamiento-de-aguas\/","title":{"rendered":"Soluciones Innovadoras en Tratamiento de Aguas"},"content":{"rendered":"\t\t<div data-elementor-type=\"wp-page\" data-elementor-id=\"1201\" class=\"elementor elementor-1201\">\n\t\t\t\t\t\t<section class=\"elementor-section elementor-top-section elementor-element elementor-element-5fdcd3c elementor-section-boxed elementor-section-height-default elementor-section-height-default\" data-id=\"5fdcd3c\" data-element_type=\"section\">\n\t\t\t\t\t\t<div class=\"elementor-container elementor-column-gap-default\">\n\t\t\t\t\t<div class=\"elementor-column elementor-col-100 elementor-top-column elementor-element elementor-element-d01f0db\" data-id=\"d01f0db\" data-element_type=\"column\">\n\t\t\t<div class=\"elementor-widget-wrap elementor-element-populated\">\n\t\t\t\t\t\t<div class=\"elementor-element elementor-element-e4b7962 elementor-widget elementor-widget-spacer\" data-id=\"e4b7962\" data-element_type=\"widget\" data-widget_type=\"spacer.default\">\n\t\t\t\t<div class=\"elementor-widget-container\">\n\t\t\t\t\t\t\t<div class=\"elementor-spacer\">\n\t\t\t<div class=\"elementor-spacer-inner\"><\/div>\n\t\t<\/div>\n\t\t\t\t\t\t<\/div>\n\t\t\t\t<\/div>\n\t\t\t\t<div class=\"elementor-element elementor-element-51bd33b elementor-widget elementor-widget-heading\" data-id=\"51bd33b\" data-element_type=\"widget\" data-widget_type=\"heading.default\">\n\t\t\t\t<div class=\"elementor-widget-container\">\n\t\t\t\t\t<h2 class=\"elementor-heading-title elementor-size-default\">Soluciones Innovadoras en Tratamiento de Aguas<\/h2>\t\t\t\t<\/div>\n\t\t\t\t<\/div>\n\t\t\t\t\t<\/div>\n\t\t<\/div>\n\t\t\t\t\t<\/div>\n\t\t<\/section>\n\t\t\t\t<section class=\"elementor-section elementor-top-section elementor-element elementor-element-7ab59e0 elementor-section-boxed elementor-section-height-default elementor-section-height-default\" data-id=\"7ab59e0\" data-element_type=\"section\">\n\t\t\t\t\t\t<div class=\"elementor-container elementor-column-gap-default\">\n\t\t\t\t\t<div class=\"elementor-column elementor-col-100 elementor-top-column elementor-element elementor-element-84d9193\" data-id=\"84d9193\" data-element_type=\"column\">\n\t\t\t<div class=\"elementor-widget-wrap elementor-element-populated\">\n\t\t\t\t\t\t<div class=\"elementor-element elementor-element-ce22cec elementor-widget elementor-widget-spacer\" data-id=\"ce22cec\" data-element_type=\"widget\" data-widget_type=\"spacer.default\">\n\t\t\t\t<div class=\"elementor-widget-container\">\n\t\t\t\t\t\t\t<div class=\"elementor-spacer\">\n\t\t\t<div class=\"elementor-spacer-inner\"><\/div>\n\t\t<\/div>\n\t\t\t\t\t\t<\/div>\n\t\t\t\t<\/div>\n\t\t\t\t<div class=\"elementor-element elementor-element-7fd9730 elementor-widget elementor-widget-text-editor\" data-id=\"7fd9730\" data-element_type=\"widget\" data-widget_type=\"text-editor.default\">\n\t\t\t\t<div class=\"elementor-widget-container\">\n\t\t\t\t\t\t\t\t\t<p>En AquaSaf Ingenier\u00eda SAS, somos expertos en dise\u00f1ar y construir sistemas de tratamiento de agua que garantizan eficiencia, sostenibilidad y cumplimiento de las normativas ambientales. Ofrecemos soluciones integrales tanto para agua potable como para agua residual, utilizando tecnolog\u00edas avanzadas que se adaptan a las necesidades espec\u00edficas de cada cliente.<\/p>\t\t\t\t\t\t\t\t<\/div>\n\t\t\t\t<\/div>\n\t\t\t\t<div class=\"elementor-element elementor-element-52398af elementor-widget elementor-widget-spacer\" data-id=\"52398af\" data-element_type=\"widget\" data-widget_type=\"spacer.default\">\n\t\t\t\t<div class=\"elementor-widget-container\">\n\t\t\t\t\t\t\t<div class=\"elementor-spacer\">\n\t\t\t<div class=\"elementor-spacer-inner\"><\/div>\n\t\t<\/div>\n\t\t\t\t\t\t<\/div>\n\t\t\t\t<\/div>\n\t\t\t\t\t<\/div>\n\t\t<\/div>\n\t\t\t\t\t<\/div>\n\t\t<\/section>\n\t\t\t\t<section class=\"elementor-section elementor-top-section elementor-element elementor-element-ad49795 elementor-section-boxed elementor-section-height-default elementor-section-height-default\" data-id=\"ad49795\" data-element_type=\"section\">\n\t\t\t\t\t\t<div class=\"elementor-container elementor-column-gap-default\">\n\t\t\t\t\t<div class=\"elementor-column elementor-col-100 elementor-top-column elementor-element elementor-element-9648b03\" data-id=\"9648b03\" data-element_type=\"column\">\n\t\t\t<div class=\"elementor-widget-wrap elementor-element-populated\">\n\t\t\t\t\t\t<section class=\"elementor-section elementor-inner-section elementor-element elementor-element-aeb8bc3 elementor-section-boxed elementor-section-height-default elementor-section-height-default\" data-id=\"aeb8bc3\" data-element_type=\"section\">\n\t\t\t\t\t\t<div class=\"elementor-container elementor-column-gap-default\">\n\t\t\t\t\t<div class=\"elementor-column elementor-col-50 elementor-inner-column elementor-element elementor-element-447f839\" data-id=\"447f839\" data-element_type=\"column\">\n\t\t\t<div class=\"elementor-widget-wrap elementor-element-populated\">\n\t\t\t\t\t\t<div class=\"elementor-element elementor-element-e4dfc9d elementor-widget elementor-widget-spacer\" data-id=\"e4dfc9d\" data-element_type=\"widget\" data-widget_type=\"spacer.default\">\n\t\t\t\t<div class=\"elementor-widget-container\">\n\t\t\t\t\t\t\t<div class=\"elementor-spacer\">\n\t\t\t<div class=\"elementor-spacer-inner\"><\/div>\n\t\t<\/div>\n\t\t\t\t\t\t<\/div>\n\t\t\t\t<\/div>\n\t\t\t\t<div class=\"elementor-element elementor-element-7dd1954 elementor-widget elementor-widget-text-editor\" data-id=\"7dd1954\" data-element_type=\"widget\" data-widget_type=\"text-editor.default\">\n\t\t\t\t<div class=\"elementor-widget-container\">\n\t\t\t\t\t\t\t\t\t<p><strong>\u00bfQu\u00e9 Hacemos?<\/strong><\/p><p><strong>1. Dise\u00f1o y Construcci\u00f3n de Plantas de Tratamiento<\/strong>:<\/p><ul><li style=\"list-style-type: none;\"><ul><li>Plantas de Tratamiento de Agua Potable (PTAP).<\/li><li>Plantas de Tratamiento de Agua Residual (PTAR).<\/li><li>Plantas de Tratamiento de Agua Lluvia (PTAL)\u00a0\u00a0<\/li><\/ul><\/li><\/ul><div>\u00a0<\/div><div><strong style=\"color: var(--ast-global-color-3); font-size: 1rem; font-style: inherit; background-color: var(--ast-global-color-4);\">2. Tecnolog\u00edas Avanzadas<\/strong><span style=\"color: var(--ast-global-color-3); font-size: 1rem; font-style: inherit; font-weight: inherit; background-color: var(--ast-global-color-4);\">:<\/span><\/div><ol><li style=\"list-style-type: none;\"><ul><li><strong>Filtraci\u00f3n Convencional<\/strong>: Dise\u00f1ada para remover s\u00f3lidos suspendidos y contaminantes comunes.<\/li><li><strong>Filtraci\u00f3n por Membranas<\/strong>: Soluciones que incluyen microfiltraci\u00f3n, ultrafiltraci\u00f3n, nanofiltraci\u00f3n y \u00f3smosis inversa.<\/li><li><strong>Sistemas de Desinfecci\u00f3n Avanzada<\/strong>: Uso de luz ultravioleta (UV) y cloraci\u00f3n para garantizar la eliminaci\u00f3n de pat\u00f3genos.<\/li><li><strong>Sistemas de Acondicionamiento Qu\u00edmico<\/strong>: Ajuste de pH, coagulaci\u00f3n y floculaci\u00f3n para optimizar los procesos de tratamiento.<\/li><\/ul><\/li><\/ol><p><strong>Sistemas Personalizados<\/strong>: Dise\u00f1ados seg\u00fan las condiciones espec\u00edficas de calidad del agua y requerimientos del cliente involucrando diferentes procesos y tecnolog\u00edas de vanguardia.<\/p>\t\t\t\t\t\t\t\t<\/div>\n\t\t\t\t<\/div>\n\t\t\t\t\t<\/div>\n\t\t<\/div>\n\t\t\t\t<div class=\"elementor-column elementor-col-50 elementor-inner-column elementor-element elementor-element-9884a0e\" data-id=\"9884a0e\" data-element_type=\"column\">\n\t\t\t<div class=\"elementor-widget-wrap elementor-element-populated\">\n\t\t\t\t\t\t<div class=\"elementor-element elementor-element-7623832 elementor-widget elementor-widget-image\" data-id=\"7623832\" data-element_type=\"widget\" data-widget_type=\"image.default\">\n\t\t\t\t<div class=\"elementor-widget-container\">\n\t\t\t\t\t\t\t\t\t\t\t\t\t\t\t<img fetchpriority=\"high\" decoding=\"async\" width=\"590\" height=\"400\" src=\"https:\/\/aquasaf.com\/wp-content\/uploads\/2021\/12\/PTARF.jpg\" class=\"attachment-full size-full wp-image-660\" alt=\"\" srcset=\"https:\/\/aquasaf.com\/wp-content\/uploads\/2021\/12\/PTARF.jpg 590w, https:\/\/aquasaf.com\/wp-content\/uploads\/2021\/12\/PTARF-300x203.jpg 300w\" sizes=\"(max-width: 590px) 100vw, 590px\" \/>\t\t\t\t\t\t\t\t\t\t\t\t\t\t\t<\/div>\n\t\t\t\t<\/div>\n\t\t\t\t<div class=\"elementor-element elementor-element-68c96b6 elementor-widget elementor-widget-image\" data-id=\"68c96b6\" data-element_type=\"widget\" data-widget_type=\"image.default\">\n\t\t\t\t<div class=\"elementor-widget-container\">\n\t\t\t\t\t\t\t\t\t\t\t\t\t\t\t<img decoding=\"async\" width=\"590\" height=\"400\" src=\"https:\/\/aquasaf.com\/wp-content\/uploads\/2021\/12\/PTAP.jpg\" class=\"attachment-large size-large wp-image-658\" alt=\"\" srcset=\"https:\/\/aquasaf.com\/wp-content\/uploads\/2021\/12\/PTAP.jpg 590w, https:\/\/aquasaf.com\/wp-content\/uploads\/2021\/12\/PTAP-300x203.jpg 300w\" sizes=\"(max-width: 590px) 100vw, 590px\" \/>\t\t\t\t\t\t\t\t\t\t\t\t\t\t\t<\/div>\n\t\t\t\t<\/div>\n\t\t\t\t\t<\/div>\n\t\t<\/div>\n\t\t\t\t\t<\/div>\n\t\t<\/section>\n\t\t\t\t<div class=\"elementor-element elementor-element-b67a5fb elementor-widget elementor-widget-spacer\" data-id=\"b67a5fb\" data-element_type=\"widget\" data-widget_type=\"spacer.default\">\n\t\t\t\t<div class=\"elementor-widget-container\">\n\t\t\t\t\t\t\t<div class=\"elementor-spacer\">\n\t\t\t<div class=\"elementor-spacer-inner\"><\/div>\n\t\t<\/div>\n\t\t\t\t\t\t<\/div>\n\t\t\t\t<\/div>\n\t\t\t\t\t<\/div>\n\t\t<\/div>\n\t\t\t\t\t<\/div>\n\t\t<\/section>\n\t\t\t\t<section class=\"elementor-section elementor-top-section elementor-element elementor-element-cc475b4 elementor-section-boxed elementor-section-height-default elementor-section-height-default\" data-id=\"cc475b4\" data-element_type=\"section\">\n\t\t\t\t\t\t<div class=\"elementor-container elementor-column-gap-default\">\n\t\t\t\t\t<div class=\"elementor-column elementor-col-50 elementor-top-column elementor-element elementor-element-70c8c0b\" data-id=\"70c8c0b\" data-element_type=\"column\">\n\t\t\t<div class=\"elementor-widget-wrap elementor-element-populated\">\n\t\t\t\t\t\t<div class=\"elementor-element elementor-element-29b011e elementor-widget elementor-widget-spacer\" data-id=\"29b011e\" data-element_type=\"widget\" data-widget_type=\"spacer.default\">\n\t\t\t\t<div class=\"elementor-widget-container\">\n\t\t\t\t\t\t\t<div class=\"elementor-spacer\">\n\t\t\t<div class=\"elementor-spacer-inner\"><\/div>\n\t\t<\/div>\n\t\t\t\t\t\t<\/div>\n\t\t\t\t<\/div>\n\t\t\t\t<div class=\"elementor-element elementor-element-8075fd2 elementor-widget elementor-widget-image\" data-id=\"8075fd2\" data-element_type=\"widget\" data-widget_type=\"image.default\">\n\t\t\t\t<div class=\"elementor-widget-container\">\n\t\t\t\t\t\t\t\t\t\t\t\t<figure class=\"wp-caption\">\n\t\t\t\t\t\t\t\t\t\t<img decoding=\"async\" width=\"1000\" height=\"667\" src=\"https:\/\/aquasaf.com\/wp-content\/uploads\/2025\/01\/3434.jpg\" class=\"attachment-full size-full wp-image-1213\" alt=\"\" srcset=\"https:\/\/aquasaf.com\/wp-content\/uploads\/2025\/01\/3434.jpg 1000w, https:\/\/aquasaf.com\/wp-content\/uploads\/2025\/01\/3434-300x200.jpg 300w, https:\/\/aquasaf.com\/wp-content\/uploads\/2025\/01\/3434-768x512.jpg 768w, https:\/\/aquasaf.com\/wp-content\/uploads\/2025\/01\/3434-600x400.jpg 600w\" sizes=\"(max-width: 1000px) 100vw, 1000px\" \/>\t\t\t\t\t\t\t\t\t\t\t<figcaption class=\"widget-image-caption wp-caption-text\"><\/figcaption>\n\t\t\t\t\t\t\t\t\t\t<\/figure>\n\t\t\t\t\t\t\t\t\t<\/div>\n\t\t\t\t<\/div>\n\t\t\t\t\t<\/div>\n\t\t<\/div>\n\t\t\t\t<div class=\"elementor-column elementor-col-50 elementor-top-column elementor-element elementor-element-623aa7b\" data-id=\"623aa7b\" data-element_type=\"column\">\n\t\t\t<div class=\"elementor-widget-wrap elementor-element-populated\">\n\t\t\t\t\t\t<div class=\"elementor-element elementor-element-54ffc77 elementor-widget elementor-widget-text-editor\" data-id=\"54ffc77\" data-element_type=\"widget\" data-widget_type=\"text-editor.default\">\n\t\t\t\t<div class=\"elementor-widget-container\">\n\t\t\t\t\t\t\t\t\t<p><strong>Beneficios de Nuestras Soluciones<\/strong><\/p><ul><li><strong>Calidad Garantizada<\/strong>: Tratamiento de agua de alta calidad para consumo humano, vertimiento o reutilizaci\u00f3n, optimizando presupuestos y ajust\u00e1ndonos a la necesidad especifica.<\/li><li><strong>Cumplimiento Regulatorio<\/strong>: Aseguramos que todos nuestros sistemas cumplan con las normativas ambientales vigentes.<\/li><li><strong>Sostenibilidad<\/strong>: Dise\u00f1amos soluciones que minimizan el impacto ambiental y optimizan el uso de recursos.<\/li><li><strong>Reducci\u00f3n de Costos<\/strong>: Sistemas eficientes que disminuyen los costos operativos y de mantenimiento.<\/li><\/ul><p><strong>Nuestros Procesos<\/strong><\/p><ul><li><strong>An\u00e1lisis Inicial<\/strong>: Evaluaci\u00f3n de la calidad del agua y los requerimientos espec\u00edficos del cliente, visita y acompa\u00f1amiento del personal esecializado.<\/li><li><strong>Dise\u00f1o Personalizado<\/strong>: Ingenier\u00eda de detalle para garantizar que el sistema cumpla con los objetivos planteados.<\/li><li><strong>Construcci\u00f3n e Instalaci\u00f3n<\/strong>: Ejecuci\u00f3n bajo los m\u00e1s altos est\u00e1ndares de calidad y seguridad.<\/li><li><strong>Capacitaci\u00f3n y Soporte<\/strong>: Entrenamiento para operaci\u00f3n y mantenimiento, y asistencia t\u00e9cnica postventa.<\/li><\/ul>\t\t\t\t\t\t\t\t<\/div>\n\t\t\t\t<\/div>\n\t\t\t\t\t<\/div>\n\t\t<\/div>\n\t\t\t\t\t<\/div>\n\t\t<\/section>\n\t\t\t\t<section class=\"elementor-section elementor-top-section elementor-element elementor-element-60c9e24 elementor-section-boxed elementor-section-height-default elementor-section-height-default\" data-id=\"60c9e24\" data-element_type=\"section\">\n\t\t\t\t\t\t<div class=\"elementor-container elementor-column-gap-default\">\n\t\t\t\t\t<div class=\"elementor-column elementor-col-50 elementor-top-column elementor-element elementor-element-dc879b2\" data-id=\"dc879b2\" data-element_type=\"column\">\n\t\t\t<div class=\"elementor-widget-wrap elementor-element-populated\">\n\t\t\t\t\t\t<div class=\"elementor-element elementor-element-22f5c5b elementor-widget elementor-widget-spacer\" data-id=\"22f5c5b\" data-element_type=\"widget\" data-widget_type=\"spacer.default\">\n\t\t\t\t<div class=\"elementor-widget-container\">\n\t\t\t\t\t\t\t<div class=\"elementor-spacer\">\n\t\t\t<div class=\"elementor-spacer-inner\"><\/div>\n\t\t<\/div>\n\t\t\t\t\t\t<\/div>\n\t\t\t\t<\/div>\n\t\t\t\t<div class=\"elementor-element elementor-element-3afd24a elementor-widget elementor-widget-text-editor\" data-id=\"3afd24a\" data-element_type=\"widget\" data-widget_type=\"text-editor.default\">\n\t\t\t\t<div class=\"elementor-widget-container\">\n\t\t\t\t\t\t\t\t\t<p><strong>Tecnolog\u00edas Utilizadas<\/strong><\/p><ul><li><strong>Microfiltraci\u00f3n y Ultrafiltraci\u00f3n<\/strong>: Remoci\u00f3n de part\u00edculas peque\u00f1as, bacterias y virus.<\/li><li><strong>Nanofiltraci\u00f3n<\/strong>: Eliminaci\u00f3n de contaminantes espec\u00edficos como nitratos y metales pesados.<\/li><li><strong>\u00d3smosis Inversa<\/strong>: Producci\u00f3n de agua pura eliminando hasta el 99% de los contaminantes.<\/li><li><strong>Sistemas de Desinfecci\u00f3n Avanzada<\/strong>: Eliminaci\u00f3n de microorganismos pat\u00f3genos mediante luz UV y cloraci\u00f3n.<\/li><li><strong>Acondicionamiento Qu\u00edmico<\/strong>: Aplicaci\u00f3n de procesos de coagulaci\u00f3n, floculaci\u00f3n y ajuste de pH.<\/li><li><strong>Sistemas Automatizados<\/strong>: Integraci\u00f3n de tecnolog\u00eda IoT para monitoreo y control remoto.<\/li><\/ul>\t\t\t\t\t\t\t\t<\/div>\n\t\t\t\t<\/div>\n\t\t\t\t\t<\/div>\n\t\t<\/div>\n\t\t\t\t<div class=\"elementor-column elementor-col-50 elementor-top-column elementor-element elementor-element-b1ee421\" data-id=\"b1ee421\" data-element_type=\"column\">\n\t\t\t<div class=\"elementor-widget-wrap elementor-element-populated\">\n\t\t\t\t\t\t<div class=\"elementor-element elementor-element-3fb03fb elementor-widget elementor-widget-spacer\" data-id=\"3fb03fb\" data-element_type=\"widget\" data-widget_type=\"spacer.default\">\n\t\t\t\t<div class=\"elementor-widget-container\">\n\t\t\t\t\t\t\t<div class=\"elementor-spacer\">\n\t\t\t<div class=\"elementor-spacer-inner\"><\/div>\n\t\t<\/div>\n\t\t\t\t\t\t<\/div>\n\t\t\t\t<\/div>\n\t\t\t\t<div class=\"elementor-element elementor-element-27ba327 elementor-widget elementor-widget-image\" data-id=\"27ba327\" data-element_type=\"widget\" data-widget_type=\"image.default\">\n\t\t\t\t<div class=\"elementor-widget-container\">\n\t\t\t\t\t\t\t\t\t\t\t\t\t\t\t<img loading=\"lazy\" decoding=\"async\" width=\"1000\" height=\"667\" src=\"https:\/\/aquasaf.com\/wp-content\/uploads\/2025\/01\/2149354034.jpg\" class=\"attachment-large size-large wp-image-1214\" alt=\"\" srcset=\"https:\/\/aquasaf.com\/wp-content\/uploads\/2025\/01\/2149354034.jpg 1000w, https:\/\/aquasaf.com\/wp-content\/uploads\/2025\/01\/2149354034-300x200.jpg 300w, https:\/\/aquasaf.com\/wp-content\/uploads\/2025\/01\/2149354034-768x512.jpg 768w, https:\/\/aquasaf.com\/wp-content\/uploads\/2025\/01\/2149354034-600x400.jpg 600w\" sizes=\"(max-width: 1000px) 100vw, 1000px\" \/>\t\t\t\t\t\t\t\t\t\t\t\t\t\t\t<\/div>\n\t\t\t\t<\/div>\n\t\t\t\t\t<\/div>\n\t\t<\/div>\n\t\t\t\t\t<\/div>\n\t\t<\/section>\n\t\t\t\t<section class=\"elementor-section elementor-top-section elementor-element elementor-element-7e05311 elementor-section-boxed elementor-section-height-default elementor-section-height-default\" data-id=\"7e05311\" data-element_type=\"section\">\n\t\t\t\t\t\t<div class=\"elementor-container elementor-column-gap-default\">\n\t\t\t\t\t<div class=\"elementor-column elementor-col-100 elementor-top-column elementor-element elementor-element-98b9290\" data-id=\"98b9290\" data-element_type=\"column\">\n\t\t\t<div class=\"elementor-widget-wrap elementor-element-populated\">\n\t\t\t\t\t\t<div class=\"elementor-element elementor-element-966b4ab elementor-widget elementor-widget-spacer\" data-id=\"966b4ab\" data-element_type=\"widget\" data-widget_type=\"spacer.default\">\n\t\t\t\t<div class=\"elementor-widget-container\">\n\t\t\t\t\t\t\t<div class=\"elementor-spacer\">\n\t\t\t<div class=\"elementor-spacer-inner\"><\/div>\n\t\t<\/div>\n\t\t\t\t\t\t<\/div>\n\t\t\t\t<\/div>\n\t\t\t\t<div class=\"elementor-element elementor-element-b70710a elementor-widget elementor-widget-text-editor\" data-id=\"b70710a\" data-element_type=\"widget\" data-widget_type=\"text-editor.default\">\n\t\t\t\t<div class=\"elementor-widget-container\">\n\t\t\t\t\t\t\t\t\t<p>Est\u00e1s a un paso de optimizar la calidad del agua en tu industria, hogar o comunidad. Cont\u00e1ctanos hoy mismo para una consulta personalizada y descubre c\u00f3mo nuestras soluciones pueden transformar la manera en que gestionas el agua.<\/p>\t\t\t\t\t\t\t\t<\/div>\n\t\t\t\t<\/div>\n\t\t\t\t\t<\/div>\n\t\t<\/div>\n\t\t\t\t\t<\/div>\n\t\t<\/section>\n\t\t\t\t<section class=\"elementor-section elementor-top-section elementor-element elementor-element-06041a2 elementor-section-boxed elementor-section-height-default elementor-section-height-default\" data-id=\"06041a2\" data-element_type=\"section\">\n\t\t\t\t\t\t<div class=\"elementor-container elementor-column-gap-default\">\n\t\t\t\t\t<div class=\"elementor-column elementor-col-100 elementor-top-column elementor-element elementor-element-e2045ae\" data-id=\"e2045ae\" data-element_type=\"column\">\n\t\t\t<div class=\"elementor-widget-wrap\">\n\t\t\t\t\t\t\t<\/div>\n\t\t<\/div>\n\t\t\t\t\t<\/div>\n\t\t<\/section>\n\t\t\t\t<\/div>\n\t\t","protected":false},"excerpt":{"rendered":"<p>Soluciones Innovadoras en Tratamiento de Aguas En AquaSaf Ingenier\u00eda SAS, somos expertos en dise\u00f1ar y construir sistemas de tratamiento de agua que garantizan eficiencia, sostenibilidad y cumplimiento de las normativas ambientales. Ofrecemos soluciones integrales tanto para agua potable como para agua residual, utilizando tecnolog\u00edas avanzadas que se adaptan a las necesidades espec\u00edficas de cada cliente. &hellip;<\/p>\n<p class=\"read-more\"> <a class=\"\" href=\"https:\/\/aquasaf.com\/index.php\/soluciones-innovadoras-en-tratamiento-de-aguas\/\"> <span class=\"screen-reader-text\">Soluciones Innovadoras en Tratamiento de Aguas<\/span> Leer m\u00e1s &raquo;<\/a><\/p>\n","protected":false},"author":1,"featured_media":0,"parent":0,"menu_order":0,"comment_status":"closed","ping_status":"closed","template":"","meta":{"om_disable_all_campaigns":false,"_monsterinsights_skip_tracking":false,"_monsterinsights_sitenote_active":false,"_monsterinsights_sitenote_note":"","_monsterinsights_sitenote_category":0,"site-sidebar-layout":"no-sidebar","site-content-layout":"page-builder","ast-main-header-display":"","ast-hfb-above-header-display":"","ast-hfb-below-header-display":"","ast-hfb-mobile-header-display":"","site-post-title":"disabled","ast-breadcrumbs-content":"","ast-featured-img":"disabled","footer-sml-layout":"","theme-transparent-header-meta":"","adv-header-id-meta":"","stick-header-meta":"","header-above-stick-meta":"","header-main-stick-meta":"","header-below-stick-meta":"","footnotes":""},"class_list":["post-1201","page","type-page","status-publish","hentry"],"aioseo_notices":[],"jetpack_sharing_enabled":true,"_links":{"self":[{"href":"https:\/\/aquasaf.com\/index.php\/wp-json\/wp\/v2\/pages\/1201","targetHints":{"allow":["GET"]}}],"collection":[{"href":"https:\/\/aquasaf.com\/index.php\/wp-json\/wp\/v2\/pages"}],"about":[{"href":"https:\/\/aquasaf.com\/index.php\/wp-json\/wp\/v2\/types\/page"}],"author":[{"embeddable":true,"href":"https:\/\/aquasaf.com\/index.php\/wp-json\/wp\/v2\/users\/1"}],"replies":[{"embeddable":true,"href":"https:\/\/aquasaf.com\/index.php\/wp-json\/wp\/v2\/comments?post=1201"}],"version-history":[{"count":22,"href":"https:\/\/aquasaf.com\/index.php\/wp-json\/wp\/v2\/pages\/1201\/revisions"}],"predecessor-version":[{"id":1308,"href":"https:\/\/aquasaf.com\/index.php\/wp-json\/wp\/v2\/pages\/1201\/revisions\/1308"}],"wp:attachment":[{"href":"https:\/\/aquasaf.com\/index.php\/wp-json\/wp\/v2\/media?parent=1201"}],"curies":[{"name":"wp","href":"https:\/\/api.w.org\/{rel}","templated":true}]}}